{"id":84206,"date":"2022-06-21T20:38:11","date_gmt":"2022-06-22T01:38:11","guid":{"rendered":"https:\/\/defabrica.com.mx\/defabrica\/?post_type=product&#038;p=84206"},"modified":"2022-12-11T13:38:00","modified_gmt":"2022-12-11T19:38:00","slug":"presonus-auriculares-para-colocar-sobre-las-orejas-hd9-negro","status":"publish","type":"product","link":"https:\/\/defabrica.com.mx\/defabrica\/producto\/presonus-auriculares-para-colocar-sobre-las-orejas-hd9-negro\/","title":{"rendered":"PreSonus &#8211; Auriculares para colocar sobre las orejas HD9 &#8211; Negro"},"content":{"rendered":"<p>Mant\u00e9ngase enfocado con estos auriculares PreSonus HD9.\u00a0El dise\u00f1o ac\u00fastico cerrado bloquea el ruido de fondo y evita que el audio se traspase, y los controladores de neodimio de 45 mm brindan una reproducci\u00f3n limpia para escuchar con facilidad.\u00a0La diadema liviana y las almohadillas ergon\u00f3micas para los o\u00eddos de estos auriculares PreSonus HD9 brindan un ajuste c\u00f3modo donde quiera que vaya.<\/p>\n<h3><\/h3>\n<h3 class=\"heading-5 v-fw-regular feature-heading\"><strong>Caracter\u00edsticas<\/strong><\/h3>\n<ul>\n<li><strong>Auriculares de monitorizaci\u00f3n profesional<\/strong><br \/>\nProporcione comodidad y claridad para sesiones de mezcla de larga distancia.<\/li>\n<li><strong>Almohadillas c\u00f3modas y duraderas<\/strong><br \/>\nCon la construcci\u00f3n c\u00f3moda y resistente de las almohadillas, puede mezclar mejor durante m\u00e1s tiempo.<\/li>\n<li><strong>Dise\u00f1o superligero<\/strong><br \/>\nAlivia la presi\u00f3n en los o\u00eddos, para que pueda escuchar c\u00f3modamente durante horas.<\/li>\n<li><strong>Dise\u00f1o giratorio<\/strong><br \/>\nHace que estos auriculares PreSonus sean f\u00e1ciles de guardar mientras viaja: las orejeras giran planas para guardarlas f\u00e1cilmente en una bolsa o deslizarlas en la bolsa suministrada. Ll\u00e9vate estos auriculares contigo a cualquier parte.<\/li>\n<li><strong>Diadema ajustable<\/strong><br \/>\nEl HD9 es ajustable, por lo que puede confiar en \u00e9l dondequiera que lo lleve su viaje.<\/li>\n<li><strong>Amplia respuesta de frecuencia para una gama completa de sonido<\/strong><br \/>\nEl rango de frecuencia de banda ancha, que abarca desde 10 Hz hasta 26 kHz, est\u00e1 dise\u00f1ado para una amplia variedad de estilos musicales.<\/li>\n<li><strong>Manejo de alta potencia<\/strong><br \/>\nPermite 1.800 mW a 40 \u03a9, 900 mW por canal.<\/li>\n<li><strong>controladores de neodimio de 45 mm<\/strong><br \/>\nProporcione audio alto, claro y limpio y minimice la fatiga auditiva.<\/li>\n<\/ul>\n","protected":false},"excerpt":{"rendered":"<p>Mant\u00e9ngase enfocado con estos auriculares PreSonus HD9.\u00a0El dise\u00f1o ac\u00fastico cerrado bloquea el ruido de fondo y evita que el audio se traspase, y los controladores de neodimio de 45 mm<\/p>\n","protected":false},"featured_media":84209,"comment_status":"open","ping_status":"closed","template":"","meta":{"_acf_changed":false,"_joinchat":[]},"product_brand":[],"product_cat":[294,300,304],"product_tag":[],"class_list":{"0":"post-84206","1":"product","2":"type-product","3":"status-publish","4":"has-post-thumbnail","6":"product_cat-audio","7":"product_cat-audifonos","8":"product_cat-inalambricos","10":"first","11":"instock","12":"sale","13":"shipping-taxable","14":"purchasable","15":"product-type-simple"},"acf":[],"_links":{"self":[{"href":"https:\/\/defabrica.com.mx\/defabrica\/wp-json\/wp\/v2\/product\/84206","targetHints":{"allow":["GET"]}}],"collection":[{"href":"https:\/\/defabrica.com.mx\/defabrica\/wp-json\/wp\/v2\/product"}],"about":[{"href":"https:\/\/defabrica.com.mx\/defabrica\/wp-json\/wp\/v2\/types\/product"}],"replies":[{"embeddable":true,"href":"https:\/\/defabrica.com.mx\/defabrica\/wp-json\/wp\/v2\/comments?post=84206"}],"wp:featuredmedia":[{"embeddable":true,"href":"https:\/\/defabrica.com.mx\/defabrica\/wp-json\/wp\/v2\/media\/84209"}],"wp:attachment":[{"href":"https:\/\/defabrica.com.mx\/defabrica\/wp-json\/wp\/v2\/media?parent=84206"}],"wp:term":[{"taxonomy":"product_brand","embeddable":true,"href":"https:\/\/defabrica.com.mx\/defabrica\/wp-json\/wp\/v2\/product_brand?post=84206"},{"taxonomy":"product_cat","embeddable":true,"href":"https:\/\/defabrica.com.mx\/defabrica\/wp-json\/wp\/v2\/product_cat?post=84206"},{"taxonomy":"product_tag","embeddable":true,"href":"https:\/\/defabrica.com.mx\/defabrica\/wp-json\/wp\/v2\/product_tag?post=84206"}],"curies":[{"name":"wp","href":"https:\/\/api.w.org\/{rel}","templated":true}]}}