{"id":84201,"date":"2022-06-21T20:33:06","date_gmt":"2022-06-22T01:33:06","guid":{"rendered":"https:\/\/defabrica.com.mx\/defabrica\/?post_type=product&#038;p=84201"},"modified":"2022-12-11T13:37:41","modified_gmt":"2022-12-11T19:37:41","slug":"raycon-los-verdaderos-auriculares-intrauditivos-inalambricos-everyday-azul","status":"publish","type":"product","link":"https:\/\/defabrica.com.mx\/defabrica\/producto\/raycon-los-verdaderos-auriculares-intrauditivos-inalambricos-everyday-azul\/","title":{"rendered":"Raycon &#8211; Los verdaderos auriculares intrauditivos inal\u00e1mbricos Everyday &#8211; Azul"},"content":{"rendered":"<div class=\"embedded-component-container lv product-description\">\n<div>\n<div id=\"shop-product-description-90206011\" class=\"_none\" data-version=\"1.3.44\">\n<div class=\"shop-product-description\">\n<section class=\"align-heading-left\" data-reactroot=\"\">\n<div class=\"long-description-container body-copy \">\n<div class=\"html-fragment\">Los auriculares inal\u00e1mbricos Everyday Raycon Bluetooth con micr\u00f3fono: auriculares Bluetooth intrauditivos con sonido est\u00e9reo con True Wireless.<\/div>\n<\/div>\n<\/section>\n<\/div>\n<\/div>\n<\/div>\n<\/div>\n<div class=\"embedded-component-container lv product-features\">\n<h3><\/h3>\n<h3 class=\"heading-5 v-fw-regular feature-heading\"><strong>Caracter\u00edsticas<\/strong><\/h3>\n<ul>\n<li><strong>AJUSTE LIGERO\/C\u00d3MODO<\/strong><br \/>\n\u00a1Los auriculares Raycon E25 son tan ligeros que olvidar\u00e1s que los llevas puestos!<\/li>\n<li><strong>IMPERMEABLE IPX6<\/strong><br \/>\nGracias a su revestimiento IPX6, los Raycon E25 son auriculares resistentes al agua y est\u00e1n dise\u00f1ados para cualquier estilo de vida. Contin\u00fae y \u00faselos bajo la lluvia, vida \u00fatil, perfectos como auriculares de entrenamiento, para correr, trotar, hacer caminatas, yoga, ejercicios, auriculares de gimnasio, viajar.<\/li>\n<li><strong>32 HORAS DE DURACI\u00d3N DE LA BATER\u00cdA<\/strong><br \/>\nLos auriculares inal\u00e1mbricos Raycon E25 pueden durar m\u00e1s de 8 horas de reproducci\u00f3n con una sola carga. El estuche de carga compacto de cortes\u00eda cuenta con una bater\u00eda integrada de 650 mAh que puede cargar sus auriculares hasta 3 veces.<\/li>\n<li><strong>3 PERFILES DE SONIDO<\/strong><br \/>\n\u00a1A veces, las cosas grandes vienen en paquetes peque\u00f1os! Los auriculares inal\u00e1mbricos E25 te sumergen en un sonido rico y de alta fidelidad con unos graves potentes y profundos que te hacen sentir TODA la m\u00fasica.<\/li>\n<li><strong>LA VERDADERA EXPERIENCIA INAL\u00c1MBRICA<\/strong><br \/>\nCon el \u00faltimo Bluetooth 5.0, que garantiza una conexi\u00f3n estable, se conectan sin problemas con todos los dispositivos habilitados para Bluetooth a una distancia de hasta 33 pies. \u00bfEl resultado? \u00a1Libertad inal\u00e1mbrica y sin complicaciones!<\/li>\n<\/ul>\n<\/div>\n","protected":false},"excerpt":{"rendered":"<p>Los auriculares inal\u00e1mbricos Everyday Raycon Bluetooth con micr\u00f3fono: auriculares Bluetooth intrauditivos con sonido est\u00e9reo con True Wireless. Caracter\u00edsticas AJUSTE LIGERO\/C\u00d3MODO \u00a1Los auriculares Raycon E25 son tan ligeros que olvidar\u00e1s que<\/p>\n","protected":false},"featured_media":84204,"comment_status":"open","ping_status":"closed","template":"","meta":{"_acf_changed":false,"_joinchat":[]},"product_brand":[],"product_cat":[294,300,304],"product_tag":[],"class_list":{"0":"post-84201","1":"product","2":"type-product","3":"status-publish","4":"has-post-thumbnail","6":"product_cat-audio","7":"product_cat-audifonos","8":"product_cat-inalambricos","10":"first","11":"instock","12":"sale","13":"shipping-taxable","14":"purchasable","15":"product-type-simple"},"acf":[],"_links":{"self":[{"href":"https:\/\/defabrica.com.mx\/defabrica\/wp-json\/wp\/v2\/product\/84201","targetHints":{"allow":["GET"]}}],"collection":[{"href":"https:\/\/defabrica.com.mx\/defabrica\/wp-json\/wp\/v2\/product"}],"about":[{"href":"https:\/\/defabrica.com.mx\/defabrica\/wp-json\/wp\/v2\/types\/product"}],"replies":[{"embeddable":true,"href":"https:\/\/defabrica.com.mx\/defabrica\/wp-json\/wp\/v2\/comments?post=84201"}],"wp:featuredmedia":[{"embeddable":true,"href":"https:\/\/defabrica.com.mx\/defabrica\/wp-json\/wp\/v2\/media\/84204"}],"wp:attachment":[{"href":"https:\/\/defabrica.com.mx\/defabrica\/wp-json\/wp\/v2\/media?parent=84201"}],"wp:term":[{"taxonomy":"product_brand","embeddable":true,"href":"https:\/\/defabrica.com.mx\/defabrica\/wp-json\/wp\/v2\/product_brand?post=84201"},{"taxonomy":"product_cat","embeddable":true,"href":"https:\/\/defabrica.com.mx\/defabrica\/wp-json\/wp\/v2\/product_cat?post=84201"},{"taxonomy":"product_tag","embeddable":true,"href":"https:\/\/defabrica.com.mx\/defabrica\/wp-json\/wp\/v2\/product_tag?post=84201"}],"curies":[{"name":"wp","href":"https:\/\/api.w.org\/{rel}","templated":true}]}}