{"id":84191,"date":"2022-06-21T20:26:07","date_gmt":"2022-06-22T01:26:07","guid":{"rendered":"https:\/\/defabrica.com.mx\/defabrica\/?post_type=product&#038;p=84191"},"modified":"2022-12-11T13:36:57","modified_gmt":"2022-12-11T19:36:57","slug":"raycon-h20-auriculares-inalambricos-con-cancelacion-de-ruido-sobre-la-oreja-blanco","status":"publish","type":"product","link":"https:\/\/defabrica.com.mx\/defabrica\/producto\/raycon-h20-auriculares-inalambricos-con-cancelacion-de-ruido-sobre-la-oreja-blanco\/","title":{"rendered":"Raycon &#8211; H20 Auriculares inal\u00e1mbricos con cancelaci\u00f3n de ruido sobre la oreja &#8211; Blanco"},"content":{"rendered":"<div class=\"embedded-component-container lv product-description\">\n<div>\n<div id=\"shop-product-description-35963378\" class=\"_none\" data-version=\"1.3.44\">\n<div class=\"shop-product-description\">\n<section class=\"align-heading-left\" data-reactroot=\"\">\n<div class=\"long-description-container body-copy \">\n<div class=\"html-fragment\">Raycons H20 viene con una tecnolog\u00eda superior de cancelaci\u00f3n de ruido mientras se enriquece para desconectar las distracciones mientras se enriquece la calidad del audio.<\/div>\n<\/div>\n<\/section>\n<\/div>\n<\/div>\n<\/div>\n<\/div>\n<div class=\"embedded-component-container lv product-features\">\n<h3><\/h3>\n<h3 class=\"heading-5 v-fw-regular feature-heading\"><strong>Caracter\u00edsticas<\/strong><\/h3>\n<ul>\n<li><strong>Congreso Nacional Africano<\/strong><br \/>\nAyuda a bloquear el ruido no deseado mientras eleva la calidad del sonido.<\/li>\n<li><strong>22 horas de duraci\u00f3n de la bater\u00eda<\/strong><br \/>\nCon una sola carga.<\/li>\n<li><strong>2 horas de juego<\/strong><br \/>\ncon una carga de 15 minutos.<\/li>\n<li><strong>Conjuntos de chips Qualcomm<\/strong><br \/>\nLos conjuntos de chips cancelan el sonido ambiental por completo sin poner en peligro la calidad de la fuente de audio.<\/li>\n<\/ul>\n<\/div>\n","protected":false},"excerpt":{"rendered":"<p>Raycons H20 viene con una tecnolog\u00eda superior de cancelaci\u00f3n de ruido mientras se enriquece para desconectar las distracciones mientras se enriquece la calidad del audio. Caracter\u00edsticas Congreso Nacional Africano Ayuda<\/p>\n","protected":false},"featured_media":84193,"comment_status":"open","ping_status":"closed","template":"","meta":{"_acf_changed":false,"_joinchat":[]},"product_brand":[],"product_cat":[294,300,304],"product_tag":[],"class_list":{"0":"post-84191","1":"product","2":"type-product","3":"status-publish","4":"has-post-thumbnail","6":"product_cat-audio","7":"product_cat-audifonos","8":"product_cat-inalambricos","10":"first","11":"instock","12":"sale","13":"shipping-taxable","14":"purchasable","15":"product-type-simple"},"acf":[],"_links":{"self":[{"href":"https:\/\/defabrica.com.mx\/defabrica\/wp-json\/wp\/v2\/product\/84191","targetHints":{"allow":["GET"]}}],"collection":[{"href":"https:\/\/defabrica.com.mx\/defabrica\/wp-json\/wp\/v2\/product"}],"about":[{"href":"https:\/\/defabrica.com.mx\/defabrica\/wp-json\/wp\/v2\/types\/product"}],"replies":[{"embeddable":true,"href":"https:\/\/defabrica.com.mx\/defabrica\/wp-json\/wp\/v2\/comments?post=84191"}],"wp:featuredmedia":[{"embeddable":true,"href":"https:\/\/defabrica.com.mx\/defabrica\/wp-json\/wp\/v2\/media\/84193"}],"wp:attachment":[{"href":"https:\/\/defabrica.com.mx\/defabrica\/wp-json\/wp\/v2\/media?parent=84191"}],"wp:term":[{"taxonomy":"product_brand","embeddable":true,"href":"https:\/\/defabrica.com.mx\/defabrica\/wp-json\/wp\/v2\/product_brand?post=84191"},{"taxonomy":"product_cat","embeddable":true,"href":"https:\/\/defabrica.com.mx\/defabrica\/wp-json\/wp\/v2\/product_cat?post=84191"},{"taxonomy":"product_tag","embeddable":true,"href":"https:\/\/defabrica.com.mx\/defabrica\/wp-json\/wp\/v2\/product_tag?post=84191"}],"curies":[{"name":"wp","href":"https:\/\/api.w.org\/{rel}","templated":true}]}}