{"id":84161,"date":"2022-06-21T19:50:41","date_gmt":"2022-06-22T00:50:41","guid":{"rendered":"https:\/\/defabrica.com.mx\/defabrica\/?post_type=product&#038;p=84161"},"modified":"2023-01-17T11:17:33","modified_gmt":"2023-01-17T17:17:33","slug":"rode-nth-100-auriculares-profesionales-con-cable-sobre-la-oreja-negro","status":"publish","type":"product","link":"https:\/\/defabrica.com.mx\/defabrica\/producto\/rode-nth-100-auriculares-profesionales-con-cable-sobre-la-oreja-negro\/","title":{"rendered":"R\u00d8DE &#8211; NTH-100 Auriculares profesionales con cable sobre la oreja &#8211; Negro"},"content":{"rendered":"<p>Supervise y mezcle contenido de audio con estos auriculares externos profesionales RODE.\u00a0Los cojines de Alcantara para el auricular y la banda para la cabeza combinados con los auriculares CoolTech brindan una comodidad duradera y disipan el calor, mientras que la banda para la cabeza ajustable y el sistema de bloqueo FitLok brindan un ajuste c\u00f3modo.\u00a0Estos auriculares supraaurales profesionales RODE tienen controladores personalizados para una respuesta de frecuencia precisa y equilibrada.<\/p>\n<h3><\/h3>\n<h3 class=\"heading-5 v-fw-regular feature-heading\"><strong>Caracter\u00edsticas<\/strong><\/h3>\n<ul>\n<li><strong>Controladores din\u00e1micos personalizados<\/strong><br \/>\nCuentan con una bobina de voz con una aleaci\u00f3n de aluminio de ultra alta tensi\u00f3n de cuatro capas en su n\u00facleo, que se acopla a un diafragma de Mylar de tres capas para garantizar una respuesta precisa de frecuencia y fase en todo el espectro audible.<\/li>\n<li><strong>Auriculares CoolTech<\/strong><br \/>\nAbsorbe y disipa el calor, enfriando activamente tus o\u00eddos para reducir la fatiga por el uso.<\/li>\n<li><strong>Conexiones de cable de doble cara (izquierda o derecha)<\/strong><br \/>\nOfrezca la m\u00e1xima flexibilidad.<\/li>\n<li><strong>Sistema de bloqueo de diadema FitLok<\/strong><br \/>\nAsegura los auriculares en su lugar, para que se sientan exactamente como los recuerda cada vez que se los pone.<\/li>\n<li><strong>Almohadillas para el auricular y la banda para la cabeza de Alcantara<\/strong><br \/>\nLa tela suave y altamente transpirable ofrece una sensaci\u00f3n premium que mejora la experiencia sensorial.<\/li>\n<li><strong>Auriculares de monitorizaci\u00f3n profesional<\/strong><br \/>\nProporcione comodidad y claridad para sesiones de mezcla de larga distancia.<\/li>\n<li><strong>Cable desmontable de 7.9&#8242;<\/strong><br \/>\nPermite un rango de movimiento flexible.<\/li>\n<li><strong>Dise\u00f1o de transductor din\u00e1mico<\/strong><br \/>\nOfrece audio de calidad de referencia.<\/li>\n<li><strong>Aislamiento de sonido<\/strong><br \/>\nPermite un ruido m\u00ednimo para un realismo \u00f3ptimo.<\/li>\n<li><strong>Dise\u00f1o modular<\/strong><br \/>\nLos cojines y el cable reemplazables por el usuario garantizan la m\u00e1xima longevidad, incluso con un uso diario intenso.<\/li>\n<\/ul>\n","protected":false},"excerpt":{"rendered":"<p>Supervise y mezcle contenido de audio con estos auriculares externos profesionales RODE.\u00a0Los cojines de Alcantara para el auricular y la banda para la cabeza combinados con los auriculares CoolTech brindan<\/p>\n","protected":false},"featured_media":84163,"comment_status":"open","ping_status":"closed","template":"","meta":{"_acf_changed":false,"_joinchat":[]},"product_brand":[],"product_cat":[294,300,736],"product_tag":[],"class_list":{"0":"post-84161","1":"product","2":"type-product","3":"status-publish","4":"has-post-thumbnail","6":"product_cat-audio","7":"product_cat-audifonos","8":"product_cat-alambricos","10":"first","11":"instock","12":"sale","13":"shipping-taxable","14":"purchasable","15":"product-type-simple"},"acf":[],"_links":{"self":[{"href":"https:\/\/defabrica.com.mx\/defabrica\/wp-json\/wp\/v2\/product\/84161","targetHints":{"allow":["GET"]}}],"collection":[{"href":"https:\/\/defabrica.com.mx\/defabrica\/wp-json\/wp\/v2\/product"}],"about":[{"href":"https:\/\/defabrica.com.mx\/defabrica\/wp-json\/wp\/v2\/types\/product"}],"replies":[{"embeddable":true,"href":"https:\/\/defabrica.com.mx\/defabrica\/wp-json\/wp\/v2\/comments?post=84161"}],"wp:featuredmedia":[{"embeddable":true,"href":"https:\/\/defabrica.com.mx\/defabrica\/wp-json\/wp\/v2\/media\/84163"}],"wp:attachment":[{"href":"https:\/\/defabrica.com.mx\/defabrica\/wp-json\/wp\/v2\/media?parent=84161"}],"wp:term":[{"taxonomy":"product_brand","embeddable":true,"href":"https:\/\/defabrica.com.mx\/defabrica\/wp-json\/wp\/v2\/product_brand?post=84161"},{"taxonomy":"product_cat","embeddable":true,"href":"https:\/\/defabrica.com.mx\/defabrica\/wp-json\/wp\/v2\/product_cat?post=84161"},{"taxonomy":"product_tag","embeddable":true,"href":"https:\/\/defabrica.com.mx\/defabrica\/wp-json\/wp\/v2\/product_tag?post=84161"}],"curies":[{"name":"wp","href":"https:\/\/api.w.org\/{rel}","templated":true}]}}