{"id":84154,"date":"2022-06-21T19:46:33","date_gmt":"2022-06-22T00:46:33","guid":{"rendered":"https:\/\/defabrica.com.mx\/defabrica\/?post_type=product&#038;p=84154"},"modified":"2022-12-11T13:35:05","modified_gmt":"2022-12-11T19:35:05","slug":"roland-waza-air-negro","status":"publish","type":"product","link":"https:\/\/defabrica.com.mx\/defabrica\/producto\/roland-waza-air-negro\/","title":{"rendered":"Roland &#8211; WAZA-AIR &#8211; Negro"},"content":{"rendered":"<div class=\"embedded-component-container lv product-description\">\n<div>\n<div id=\"shop-product-description-90875223\" class=\"_none\" data-version=\"1.3.44\">\n<div class=\"shop-product-description\">\n<section class=\"align-heading-left\" data-reactroot=\"\">\n<div class=\"long-description-container body-copy \">\n<div class=\"html-fragment\">Al fusionar tonos de efectos y amplificadores premium con la revolucionaria tecnolog\u00eda espacial de BOSS, el revolucionario Waza-Air lleva la experiencia de la guitarra a donde nunca antes hab\u00eda llegado.\u00a0Este sistema de amplificaci\u00f3n personal aporta un realismo impresionante a la reproducci\u00f3n con auriculares, utilizando un sensor girosc\u00f3pico y un espacio 3D en movimiento para ofrecer un tono natural de amplificador en la habitaci\u00f3n que es rico, resonante e infinitamente inspirador.\u00a0La conectividad totalmente inal\u00e1mbrica significa que no hay cables que lo retrasen y puede transmitir m\u00fasica desde su tel\u00e9fono y tocar como si estuviera actuando en el escenario con una banda completa.\u00a0Y con la aplicaci\u00f3n BOSS Tone Studio, puede crear sonidos personalizados con cinco tipos de amplificadores y m\u00e1s de 50 efectos diferentes.<\/div>\n<\/div>\n<\/section>\n<\/div>\n<\/div>\n<\/div>\n<\/div>\n<div class=\"embedded-component-container lv product-features\">\n<h3><\/h3>\n<h3 class=\"heading-5 v-fw-regular feature-heading\"><strong>Caracter\u00edsticas<\/strong><\/h3>\n<ul>\n<li><strong>Sistema de sonido de guitarra sobre la oreja con conectividad inal\u00e1mbrica, tonos de efecto y amplificador premium, transmisi\u00f3n de audio Bluetooth y edici\u00f3n de sonido a trav\u00e9s de su tel\u00e9fono inteligente<\/strong><\/li>\n<li><strong>La avanzada tecnolog\u00eda espacial BOSS y el sensor girosc\u00f3pico integrado brindan un tono natural de \u00abamplificador en la habitaci\u00f3n\u00bb con ambiente 3D y localizaci\u00f3n din\u00e1mica del sonido<\/strong><\/li>\n<li><strong>Cinco tipos de amplificadores \u00fanicos derivados de la serie de amplificadores de escenario Katana, incluida una voz de rango completo para bajo o guitarra ac\u00fastica\/el\u00e9ctrica<\/strong><\/li>\n<li><strong>Acceda a m\u00e1s de 50 efectos personalizables en la aplicaci\u00f3n BOSS Tone Studio<\/strong><\/li>\n<li><strong>La tecnolog\u00eda inal\u00e1mbrica BOSS integrada proporciona una calidad de sonido excepcional con una latencia ultrabaja<\/strong><\/li>\n<li><strong>Controles f\u00e1ciles de usar para el volumen de la guitarra y reproducci\u00f3n de audio Bluetooth, adem\u00e1s de acceso instant\u00e1neo a seis configuraciones de tono configurables por el usuario<\/strong><\/li>\n<li><strong>Los controladores grandes de 50 mm dise\u00f1ados a medida brindan una calidad de audio superior con un sonido rico y completo<\/strong><\/li>\n<li><strong>Las almohadillas conformes garantizan un rendimiento \u00f3ptimo del controlador para un tono de guitarra sin concesiones<\/strong><\/li>\n<li><strong>La diadema ancha brinda comodidad para largas sesiones de juego.<\/strong><\/li>\n<li><strong>Construcci\u00f3n duradera con piezas de metal cromado de lujo<\/strong><\/li>\n<li><strong>Vers\u00e1til dise\u00f1o bidireccional que se pliega para un almacenamiento compacto o transporte plano en el bolsillo de una bolsa de guitarra<\/strong><\/li>\n<li><strong>Bater\u00edas recargables integradas con funci\u00f3n de espera\/activaci\u00f3n autom\u00e1tica para prolongar la duraci\u00f3n de la bater\u00eda<\/strong><\/li>\n<li><strong>Hasta cinco horas de reproducci\u00f3n con los auriculares y hasta 12 horas con el transmisor WL-T incluido<\/strong><\/li>\n<li><strong>Edite, organice y descargue tonos de forma inal\u00e1mbrica con la aplicaci\u00f3n BOSS Tone Studio para dispositivos m\u00f3viles iOS y Android<\/strong><\/li>\n<li><strong>Funci\u00f3n \u00fanica de afinador integrado con tonos audibles que gu\u00edan su afinaci\u00f3n; afinador crom\u00e1tico visual tambi\u00e9n disponible en la aplicaci\u00f3n BOSS Tone Studio<\/strong><\/li>\n<\/ul>\n<\/div>\n","protected":false},"excerpt":{"rendered":"<p>Al fusionar tonos de efectos y amplificadores premium con la revolucionaria tecnolog\u00eda espacial de BOSS, el revolucionario Waza-Air lleva la experiencia de la guitarra a donde nunca antes hab\u00eda llegado.\u00a0Este<\/p>\n","protected":false},"featured_media":84156,"comment_status":"open","ping_status":"closed","template":"","meta":{"_acf_changed":false,"_joinchat":[]},"product_brand":[],"product_cat":[294,300,304],"product_tag":[],"class_list":{"0":"post-84154","1":"product","2":"type-product","3":"status-publish","4":"has-post-thumbnail","6":"product_cat-audio","7":"product_cat-audifonos","8":"product_cat-inalambricos","10":"first","11":"instock","12":"sale","13":"shipping-taxable","14":"purchasable","15":"product-type-simple"},"acf":[],"_links":{"self":[{"href":"https:\/\/defabrica.com.mx\/defabrica\/wp-json\/wp\/v2\/product\/84154","targetHints":{"allow":["GET"]}}],"collection":[{"href":"https:\/\/defabrica.com.mx\/defabrica\/wp-json\/wp\/v2\/product"}],"about":[{"href":"https:\/\/defabrica.com.mx\/defabrica\/wp-json\/wp\/v2\/types\/product"}],"replies":[{"embeddable":true,"href":"https:\/\/defabrica.com.mx\/defabrica\/wp-json\/wp\/v2\/comments?post=84154"}],"wp:featuredmedia":[{"embeddable":true,"href":"https:\/\/defabrica.com.mx\/defabrica\/wp-json\/wp\/v2\/media\/84156"}],"wp:attachment":[{"href":"https:\/\/defabrica.com.mx\/defabrica\/wp-json\/wp\/v2\/media?parent=84154"}],"wp:term":[{"taxonomy":"product_brand","embeddable":true,"href":"https:\/\/defabrica.com.mx\/defabrica\/wp-json\/wp\/v2\/product_brand?post=84154"},{"taxonomy":"product_cat","embeddable":true,"href":"https:\/\/defabrica.com.mx\/defabrica\/wp-json\/wp\/v2\/product_cat?post=84154"},{"taxonomy":"product_tag","embeddable":true,"href":"https:\/\/defabrica.com.mx\/defabrica\/wp-json\/wp\/v2\/product_tag?post=84154"}],"curies":[{"name":"wp","href":"https:\/\/api.w.org\/{rel}","templated":true}]}}