{"id":84144,"date":"2022-06-21T19:38:21","date_gmt":"2022-06-22T00:38:21","guid":{"rendered":"https:\/\/defabrica.com.mx\/defabrica\/?post_type=product&#038;p=84144"},"modified":"2022-12-11T13:34:28","modified_gmt":"2022-12-11T19:34:28","slug":"samson-auriculares-internos-con-cable-zi100-transparente","status":"publish","type":"product","link":"https:\/\/defabrica.com.mx\/defabrica\/producto\/samson-auriculares-internos-con-cable-zi100-transparente\/","title":{"rendered":"Samson &#8211; Auriculares internos con cable Zi100 &#8211; Transparente"},"content":{"rendered":"<p>Escuche m\u00fasica en cualquier lugar con estos auriculares de monitoreo internos Samson Zi100.\u00a0Los ganchos flexibles para las orejas y los tres tama\u00f1os de puntas de espuma para los o\u00eddos ofrecen un ajuste confiable y c\u00f3modo, y la construcci\u00f3n resistente al agua resiste el sudor y la precipitaci\u00f3n.\u00a0Estos auriculares de monitoreo internos Samson Zi100 tienen controladores de armadura avanzados que brindan un audio de alta fidelidad consistentemente claro.<\/p>\n<h3><\/h3>\n<h3 class=\"heading-5 v-fw-regular feature-heading\"><strong>Caracter\u00edsticas<\/strong><\/h3>\n<ul>\n<li><strong>Resistente al agua<\/strong><br \/>\nAyuda a evitar que el agua entre en los auriculares.<\/li>\n<li><strong>dise\u00f1o en la oreja<\/strong><br \/>\nSe ajusta de forma segura y dirige la m\u00fasica a tus o\u00eddos para un audio completo e ininterrumpido.<\/li>\n<li><strong>Conector chapado en oro de 3,5 mm<\/strong><br \/>\nPermite el uso con una variedad de dispositivos de audio.<\/li>\n<li><strong>Respuesta de frecuencia de 20 Hz &#8211; 20 kHz<\/strong><br \/>\nPara una reproducci\u00f3n fiel del sonido.<\/li>\n<li><strong>impedancia de 46 ohmios<\/strong><br \/>\nPara conducir eficientemente el poder.<\/li>\n<li><strong>sensibilidad 107dB<\/strong><br \/>\nProporciona un audio potente.<\/li>\n<li><strong>Dise\u00f1o est\u00e9reo<\/strong><br \/>\nOfrece tonos n\u00edtidos.<\/li>\n<\/ul>\n","protected":false},"excerpt":{"rendered":"<p>Escuche m\u00fasica en cualquier lugar con estos auriculares de monitoreo internos Samson Zi100.\u00a0Los ganchos flexibles para las orejas y los tres tama\u00f1os de puntas de espuma para los o\u00eddos ofrecen<\/p>\n","protected":false},"featured_media":84146,"comment_status":"open","ping_status":"closed","template":"","meta":{"_acf_changed":false,"_joinchat":[]},"product_brand":[],"product_cat":[294,300,736],"product_tag":[],"class_list":{"0":"post-84144","1":"product","2":"type-product","3":"status-publish","4":"has-post-thumbnail","6":"product_cat-audio","7":"product_cat-audifonos","8":"product_cat-alambricos","10":"first","11":"instock","12":"sale","13":"shipping-taxable","14":"purchasable","15":"product-type-simple"},"acf":[],"_links":{"self":[{"href":"https:\/\/defabrica.com.mx\/defabrica\/wp-json\/wp\/v2\/product\/84144","targetHints":{"allow":["GET"]}}],"collection":[{"href":"https:\/\/defabrica.com.mx\/defabrica\/wp-json\/wp\/v2\/product"}],"about":[{"href":"https:\/\/defabrica.com.mx\/defabrica\/wp-json\/wp\/v2\/types\/product"}],"replies":[{"embeddable":true,"href":"https:\/\/defabrica.com.mx\/defabrica\/wp-json\/wp\/v2\/comments?post=84144"}],"wp:featuredmedia":[{"embeddable":true,"href":"https:\/\/defabrica.com.mx\/defabrica\/wp-json\/wp\/v2\/media\/84146"}],"wp:attachment":[{"href":"https:\/\/defabrica.com.mx\/defabrica\/wp-json\/wp\/v2\/media?parent=84144"}],"wp:term":[{"taxonomy":"product_brand","embeddable":true,"href":"https:\/\/defabrica.com.mx\/defabrica\/wp-json\/wp\/v2\/product_brand?post=84144"},{"taxonomy":"product_cat","embeddable":true,"href":"https:\/\/defabrica.com.mx\/defabrica\/wp-json\/wp\/v2\/product_cat?post=84144"},{"taxonomy":"product_tag","embeddable":true,"href":"https:\/\/defabrica.com.mx\/defabrica\/wp-json\/wp\/v2\/product_tag?post=84144"}],"curies":[{"name":"wp","href":"https:\/\/api.w.org\/{rel}","templated":true}]}}