{"id":84036,"date":"2022-06-20T12:23:29","date_gmt":"2022-06-20T17:23:29","guid":{"rendered":"https:\/\/defabrica.com.mx\/defabrica\/?post_type=product&#038;p=84036"},"modified":"2023-01-17T11:26:21","modified_gmt":"2023-01-17T17:26:21","slug":"microsoft-auriculares-intrauditivos-inalambricos-surface-true-grafito","status":"publish","type":"product","link":"https:\/\/defabrica.com.mx\/defabrica\/producto\/microsoft-auriculares-intrauditivos-inalambricos-surface-true-grafito\/","title":{"rendered":"Microsoft &#8211; Auriculares intrauditivos inal\u00e1mbricos Surface True &#8211; Grafito"},"content":{"rendered":"<p>Experimente audio de alta calidad durante llamadas o escuchando m\u00fasica con estos auriculares Microsoft Surface.\u00a0Los controles t\u00e1ctiles intuitivos y la compatibilidad con los comandos de voz garantizan un funcionamiento flexible, mientras que el dise\u00f1o ultrac\u00f3modo elimina la fatiga auditiva durante el uso prolongado.\u00a0Estos auriculares Microsoft Surface cuentan con una bater\u00eda que dura todo el d\u00eda que ofrece una ac\u00fastica ininterrumpida, y el dise\u00f1o inal\u00e1mbrico facilita el almacenamiento y el transporte.<\/p>\n<h3><\/h3>\n<h3 class=\"heading-5 v-fw-regular feature-heading\"><strong>Caracter\u00edsticas<\/strong><\/h3>\n<ul>\n<li><strong>Ajuste ultra c\u00f3modo y estable.<\/strong><br \/>\nSurface Earbuds cuenta con un dise\u00f1o innovador con cuatro puntos de anclaje, por lo que cada auricular se asienta de forma segura en tu o\u00eddo. Encuentre su tama\u00f1o perfecto con tres juegos de almohadillas de silicona intercambiables para un ajuste ultra c\u00f3modo y estable que puede usar todo el d\u00eda.<\/li>\n<li><strong>Mantente en tu flujo<\/strong><br \/>\nLa superficie t\u00e1ctil receptiva permite gestos intuitivos como tocar, tocar y deslizar. Omita una pista de m\u00fasica, ajuste el volumen, responda y finalice llamadas, u obtenga asistencia sin perder el ritmo.<\/li>\n<li><strong>Deje su tel\u00e9fono en su bolsillo y mant\u00e9ngase al tanto de su d\u00eda<\/strong><br \/>\nCon el toque y la voz, puede revisar r\u00e1pidamente su agenda, administrar su bandeja de entrada,\u2074 capturar tareas pendientes, hacer llamadas y obtener respuestas a preguntas de Cortana o su asistente digital preferido.<\/li>\n<li><strong>Mejore sus habilidades de PowerPoint*<\/strong><br \/>\nDeslice para avanzar diapositivas, habilite subt\u00edtulos en vivo y subt\u00edtulos en pantalla, y haga que lo que dice se traduzca a uno de los m\u00e1s de 60 idiomas para presentaciones m\u00e1s accesibles.<\/li>\n<li><strong>Deja que tu voz escriba<\/strong><br \/>\nHabla en lugar de escribir con dictado en Word, Outlook y otras aplicaciones de Microsoft 365.*\u2074<\/li>\n<li><strong>H\u00e1gase escuchar alto y claro con una calidad de voz excepcional<\/strong><br \/>\nGracias a dos micr\u00f3fonos avanzados en cada auricular que a\u00edslan tu voz mientras suprimen el ruido de fondo.<\/li>\n<li><strong>Sonido premium para m\u00fasica, llamadas y programas<\/strong><br \/>\nSurface Earbuds cuenta con controladores de dise\u00f1o personalizado que est\u00e1n ajustados con precisi\u00f3n para brindar una experiencia ac\u00fastica excepcional.<\/li>\n<li><strong>Reproduzca Spotify\u2074 al instante desde su tel\u00e9fono Android\u00b3 con un triple toque en cualquiera de los auriculares.<\/strong><\/li>\n<li><strong>Hasta 24 horas de duraci\u00f3n de la bater\u00eda\u00b9<\/strong><br \/>\nCon varias cargas en el estuche, puede escuchar m\u00fasica todo el d\u00eda.\u00b9 Escuche hasta 7 horas con una sola carga (hasta 6 horas con Surface Duo*),\u00b9 o hable hasta 4,5 horas en Microsoft Teams.\u00b2<\/li>\n<li><strong>Combina perfectamente<\/strong><br \/>\nCon\u00e9ctate con un clic a tu Surface PC con Swift Pair\u00b2. En el primer uso, o cuando est\u00e9 en modo de emparejamiento, simplemente coloque el estuche de carga cerca de su Surface PC y haga clic para conectarse.<\/li>\n<li><strong>El complemento perfecto para tu Surface PC<\/strong><br \/>\nCompleta tu experiencia de Surface con Surface Earbuds, el accesorio de audio perfecto para impulsar tu productividad y ayudarte a mantener el flujo.<\/li>\n<li><strong>Configuraci\u00f3n de control con la aplicaci\u00f3n Surface Audio<\/strong><br \/>\nControle la configuraci\u00f3n, actualice el firmware, con\u00e9ctese a Microsoft 365 y Cortana. Requiere descarga a su tel\u00e9fono y\/o Surface PC.*<\/li>\n<\/ul>\n","protected":false},"excerpt":{"rendered":"<p>Experimente audio de alta calidad durante llamadas o escuchando m\u00fasica con estos auriculares Microsoft Surface.\u00a0Los controles t\u00e1ctiles intuitivos y la compatibilidad con los comandos de voz garantizan un funcionamiento flexible,<\/p>\n","protected":false},"featured_media":84038,"comment_status":"open","ping_status":"closed","template":"","meta":{"_acf_changed":false,"_joinchat":[]},"product_brand":[],"product_cat":[294,300,304],"product_tag":[],"class_list":{"0":"post-84036","1":"product","2":"type-product","3":"status-publish","4":"has-post-thumbnail","6":"product_cat-audio","7":"product_cat-audifonos","8":"product_cat-inalambricos","10":"first","11":"instock","12":"sale","13":"shipping-taxable","14":"purchasable","15":"product-type-simple"},"acf":[],"_links":{"self":[{"href":"https:\/\/defabrica.com.mx\/defabrica\/wp-json\/wp\/v2\/product\/84036","targetHints":{"allow":["GET"]}}],"collection":[{"href":"https:\/\/defabrica.com.mx\/defabrica\/wp-json\/wp\/v2\/product"}],"about":[{"href":"https:\/\/defabrica.com.mx\/defabrica\/wp-json\/wp\/v2\/types\/product"}],"replies":[{"embeddable":true,"href":"https:\/\/defabrica.com.mx\/defabrica\/wp-json\/wp\/v2\/comments?post=84036"}],"wp:featuredmedia":[{"embeddable":true,"href":"https:\/\/defabrica.com.mx\/defabrica\/wp-json\/wp\/v2\/media\/84038"}],"wp:attachment":[{"href":"https:\/\/defabrica.com.mx\/defabrica\/wp-json\/wp\/v2\/media?parent=84036"}],"wp:term":[{"taxonomy":"product_brand","embeddable":true,"href":"https:\/\/defabrica.com.mx\/defabrica\/wp-json\/wp\/v2\/product_brand?post=84036"},{"taxonomy":"product_cat","embeddable":true,"href":"https:\/\/defabrica.com.mx\/defabrica\/wp-json\/wp\/v2\/product_cat?post=84036"},{"taxonomy":"product_tag","embeddable":true,"href":"https:\/\/defabrica.com.mx\/defabrica\/wp-json\/wp\/v2\/product_tag?post=84036"}],"curies":[{"name":"wp","href":"https:\/\/api.w.org\/{rel}","templated":true}]}}