{"id":84029,"date":"2022-06-20T12:19:10","date_gmt":"2022-06-20T17:19:10","guid":{"rendered":"https:\/\/defabrica.com.mx\/defabrica\/?post_type=product&#038;p=84029"},"modified":"2023-01-17T11:26:41","modified_gmt":"2023-01-17T17:26:41","slug":"microsoft-surface-headphones-2-cancelacion-de-ruido-inalambrica-sobre-la-oreja-con-cortana-negro-mate","status":"publish","type":"product","link":"https:\/\/defabrica.com.mx\/defabrica\/producto\/microsoft-surface-headphones-2-cancelacion-de-ruido-inalambrica-sobre-la-oreja-con-cortana-negro-mate\/","title":{"rendered":"Microsoft &#8211; Surface Headphones 2 &#8211; Cancelaci\u00f3n de ruido inal\u00e1mbrica sobre la oreja con Cortana &#8211; Negro mate"},"content":{"rendered":"<p>La manera m\u00e1s inteligente de escuchar.\u00a0Rod\u00e9ate del espectacular sonido Omnisonic para m\u00fasica, espect\u00e1culos y llamadas.\u00a0Mant\u00e9ngase concentrado con la cancelaci\u00f3n de ruido ajustable y disfrute de sus listas de reproducci\u00f3n favoritas y escuche cada palabra en las llamadas.\u00a0Sintonice las reuniones y escuche con comodidad durante todo el d\u00eda.<\/p>\n<h3><\/h3>\n<h3 class=\"heading-5 v-fw-regular feature-heading\"><strong>Caracter\u00edsticas<\/strong><\/h3>\n<ul>\n<li><strong>Sube el volumen, descon\u00e9ctalo<\/strong><br \/>\nExperimente su m\u00fasica y programas favoritos como nunca antes con el sonido omnis\u00f3nico rico y envolvente. Adem\u00e1s, su m\u00fasica se detiene autom\u00e1ticamente cuando se quita los auriculares y se reanuda cuando se los vuelve a poner.<\/li>\n<li><strong>Sonido espectacular. O paz y tranquilidad<\/strong><br \/>\nSum\u00e9rgete en un silencio dichoso. 13 niveles de cancelaci\u00f3n activa de ruido ajustable significan que usted elige cu\u00e1nto se desconecta. Aumente el silencio cuando el ruido ambiental sea m\u00e1s fuerte.<\/li>\n<li><strong>O sube el sonido de tu entorno cuando quieras ser m\u00e1s consciente de lo que sucede a tu alrededor.<\/strong><\/li>\n<li><strong>Dise\u00f1ado para la comodidad y el control<\/strong><br \/>\nYa sea que trabaje o se relaje en casa, los Surface Headphones 2 est\u00e1n dise\u00f1ados para brindar comodidad auditiva durante todo el d\u00eda con almohadillas suaves, livianas y transpirables.<\/li>\n<li><strong>Las yemas de tus dedos son tus controles<\/strong><br \/>\nGire sin esfuerzo los diales en la oreja para ajustar el volumen o el nivel de cancelaci\u00f3n de ruido. Toque o toque los sensores en la oreja para saltar una canci\u00f3n, pausar su m\u00fasica, responder una llamada u obtener ayuda.<\/li>\n<li><strong>Aprovecha al m\u00e1ximo Microsoft 365*<\/strong><br \/>\nHable en lugar de escribir usando el dictado de voz en Word, p\u00f3ngase al d\u00eda con los correos electr\u00f3nicos con Reproducir mis correos electr\u00f3nicos en la aplicaci\u00f3n m\u00f3vil de Outlook para iOS y agregue subt\u00edtulos en tiempo real mientras presenta en PowerPoint en llamadas de conferencia (se requiere Windows 10).*\u00b3<\/li>\n<li><strong>Duraci\u00f3n de la bater\u00eda durante todo el d\u00eda.<\/strong><br \/>\nPotencie su d\u00eda con hasta 18,5 horas de tiempo de escucha de m\u00fasica\u00b9 o hasta 15 horas de llamadas de voz en Microsoft Teams.\u00b2 Y escuche casi una hora de m\u00fasica con solo 5 minutos de carga.<\/li>\n<li><strong>Comb\u00ednalo con tu Surface perfecta.*<\/strong><br \/>\nConecte Surface Headphone 2 a su PC con Windows 10 desde el primer momento con Swift Pair.\u00b2 Escuche durante todo el d\u00eda con hasta 18,5 horas de reproducci\u00f3n de m\u00fasica1 o hasta 15 horas de llamadas de voz en Microsoft Teams.\u00b2<\/li>\n<li><strong>El complemento perfecto para tu Surface PC<\/strong><br \/>\nComplete su experiencia de Surface con Surface Headphones 2: la manera perfecta de ayudarlo a impulsar su productividad, mantenerse en el flujo y escuchar c\u00f3modamente todo el d\u00eda.<\/li>\n<\/ul>\n","protected":false},"excerpt":{"rendered":"<p>La manera m\u00e1s inteligente de escuchar.\u00a0Rod\u00e9ate del espectacular sonido Omnisonic para m\u00fasica, espect\u00e1culos y llamadas.\u00a0Mant\u00e9ngase concentrado con la cancelaci\u00f3n de ruido ajustable y disfrute de sus listas de reproducci\u00f3n favoritas<\/p>\n","protected":false},"featured_media":84031,"comment_status":"open","ping_status":"closed","template":"","meta":{"_acf_changed":false,"_joinchat":[]},"product_brand":[],"product_cat":[294,300,304],"product_tag":[],"class_list":{"0":"post-84029","1":"product","2":"type-product","3":"status-publish","4":"has-post-thumbnail","6":"product_cat-audio","7":"product_cat-audifonos","8":"product_cat-inalambricos","10":"first","11":"instock","12":"sale","13":"shipping-taxable","14":"purchasable","15":"product-type-simple"},"acf":[],"_links":{"self":[{"href":"https:\/\/defabrica.com.mx\/defabrica\/wp-json\/wp\/v2\/product\/84029","targetHints":{"allow":["GET"]}}],"collection":[{"href":"https:\/\/defabrica.com.mx\/defabrica\/wp-json\/wp\/v2\/product"}],"about":[{"href":"https:\/\/defabrica.com.mx\/defabrica\/wp-json\/wp\/v2\/types\/product"}],"replies":[{"embeddable":true,"href":"https:\/\/defabrica.com.mx\/defabrica\/wp-json\/wp\/v2\/comments?post=84029"}],"wp:featuredmedia":[{"embeddable":true,"href":"https:\/\/defabrica.com.mx\/defabrica\/wp-json\/wp\/v2\/media\/84031"}],"wp:attachment":[{"href":"https:\/\/defabrica.com.mx\/defabrica\/wp-json\/wp\/v2\/media?parent=84029"}],"wp:term":[{"taxonomy":"product_brand","embeddable":true,"href":"https:\/\/defabrica.com.mx\/defabrica\/wp-json\/wp\/v2\/product_brand?post=84029"},{"taxonomy":"product_cat","embeddable":true,"href":"https:\/\/defabrica.com.mx\/defabrica\/wp-json\/wp\/v2\/product_cat?post=84029"},{"taxonomy":"product_tag","embeddable":true,"href":"https:\/\/defabrica.com.mx\/defabrica\/wp-json\/wp\/v2\/product_tag?post=84029"}],"curies":[{"name":"wp","href":"https:\/\/api.w.org\/{rel}","templated":true}]}}