{"id":84023,"date":"2022-06-20T12:14:10","date_gmt":"2022-06-20T17:14:10","guid":{"rendered":"https:\/\/defabrica.com.mx\/defabrica\/?post_type=product&#038;p=84023"},"modified":"2022-12-11T13:43:28","modified_gmt":"2022-12-11T19:43:28","slug":"mee-audio-audifonos-internos-x10-verdadero-inalambrico-azul","status":"publish","type":"product","link":"https:\/\/defabrica.com.mx\/defabrica\/producto\/mee-audio-audifonos-internos-x10-verdadero-inalambrico-azul\/","title":{"rendered":"MEE audio &#8211; Aud\u00edfonos internos X10 Verdadero inal\u00e1mbrico &#8211; Azul"},"content":{"rendered":"<p>Escuche m\u00fasica donde quiera que est\u00e9 con estos auriculares internos MEE audio X10 Truly Wireless.\u00a0El Bluetooth incorporado permite la transmisi\u00f3n inal\u00e1mbrica de m\u00fasica desde dispositivos compatibles, mientras que los controladores de 5 mm brindan un audio preciso.\u00a0Estos auriculares internos MEE audio X10 Truly Wireless tienen un estuche de carga que brinda hasta 23 horas de duraci\u00f3n adicional de la bater\u00eda.<\/p>\n<h3><\/h3>\n<h3 class=\"heading-5 v-fw-regular feature-heading\"><strong>Caracter\u00edsticas<\/strong><\/h3>\n<ul>\n<li><strong>Aud\u00edfonos verdaderamente inal\u00e1mbricos<\/strong><br \/>\nTe permite escuchar tus pistas favoritas, para que los cables no te detengan.<\/li>\n<li><strong>Hasta 22,5 horas de duraci\u00f3n de la bater\u00eda<\/strong><br \/>\nLa bater\u00eda recargable ofrece hasta 4,5 horas de uso con una sola carga con 18 horas adicionales en el estuche de carga.<\/li>\n<li><strong>Dise\u00f1o resistente a la intemperie y al sudor IPX5<\/strong><br \/>\nBrinda protecci\u00f3n contra el sudor, la humedad y los elementos.<\/li>\n<li><strong>Micr\u00f3fono incorporado<\/strong><br \/>\nPermite chatear con manos libres a trav\u00e9s de un dispositivo compatible.<\/li>\n<li><strong>Tecnolog\u00eda bluetooth 5.0<\/strong><br \/>\nPermite el emparejamiento inal\u00e1mbrico simple con su dispositivo habilitado para Bluetooth. Admite perfiles de Bluetooth HFP, HSP, A2DP y AVRCP.<\/li>\n<li><strong>Dise\u00f1o ergon\u00f3mico en la oreja<\/strong><br \/>\nSe ajusta de forma segura y dirige la m\u00fasica a tus o\u00eddos para un audio completo e ininterrumpido.<\/li>\n<li><strong>Controles integrados<\/strong><br \/>\nLe permite ajustar f\u00e1cilmente la reproducci\u00f3n de medios, responder llamadas, cambiar el volumen y acceder a Siri o al Asistente de Google.<\/li>\n<li><strong>Microcontroladores HD de 5 mm<\/strong><br \/>\nAfinado para graves profundos, medios c\u00e1lidos y agudos n\u00edtidos.<\/li>\n<li><strong>Respuesta de frecuencia de auriculares de 20 Hz &#8211; 20 kHz<\/strong><br \/>\nJunto con una respuesta de frecuencia de micr\u00f3fono de 100 Hz &#8211; 10 kHz, garantiza una reproducci\u00f3n fiel del sonido.<\/li>\n<li><strong>Estuche de carga incluido<\/strong><br \/>\nEstuche de transporte compacto y recargable con indicador de bater\u00eda integrado que proporciona 4 cargas adicionales.<\/li>\n<li><strong>Dise\u00f1o est\u00e9reo<\/strong><br \/>\nOfrece tonos n\u00edtidos.<\/li>\n<\/ul>\n","protected":false},"excerpt":{"rendered":"<p>Escuche m\u00fasica donde quiera que est\u00e9 con estos auriculares internos MEE audio X10 Truly Wireless.\u00a0El Bluetooth incorporado permite la transmisi\u00f3n inal\u00e1mbrica de m\u00fasica desde dispositivos compatibles, mientras que los controladores<\/p>\n","protected":false},"featured_media":84025,"comment_status":"open","ping_status":"closed","template":"","meta":{"_acf_changed":false,"_joinchat":[]},"product_brand":[],"product_cat":[294,300,304],"product_tag":[],"class_list":{"0":"post-84023","1":"product","2":"type-product","3":"status-publish","4":"has-post-thumbnail","6":"product_cat-audio","7":"product_cat-audifonos","8":"product_cat-inalambricos","10":"first","11":"instock","12":"sale","13":"shipping-taxable","14":"purchasable","15":"product-type-simple"},"acf":[],"_links":{"self":[{"href":"https:\/\/defabrica.com.mx\/defabrica\/wp-json\/wp\/v2\/product\/84023","targetHints":{"allow":["GET"]}}],"collection":[{"href":"https:\/\/defabrica.com.mx\/defabrica\/wp-json\/wp\/v2\/product"}],"about":[{"href":"https:\/\/defabrica.com.mx\/defabrica\/wp-json\/wp\/v2\/types\/product"}],"replies":[{"embeddable":true,"href":"https:\/\/defabrica.com.mx\/defabrica\/wp-json\/wp\/v2\/comments?post=84023"}],"wp:featuredmedia":[{"embeddable":true,"href":"https:\/\/defabrica.com.mx\/defabrica\/wp-json\/wp\/v2\/media\/84025"}],"wp:attachment":[{"href":"https:\/\/defabrica.com.mx\/defabrica\/wp-json\/wp\/v2\/media?parent=84023"}],"wp:term":[{"taxonomy":"product_brand","embeddable":true,"href":"https:\/\/defabrica.com.mx\/defabrica\/wp-json\/wp\/v2\/product_brand?post=84023"},{"taxonomy":"product_cat","embeddable":true,"href":"https:\/\/defabrica.com.mx\/defabrica\/wp-json\/wp\/v2\/product_cat?post=84023"},{"taxonomy":"product_tag","embeddable":true,"href":"https:\/\/defabrica.com.mx\/defabrica\/wp-json\/wp\/v2\/product_tag?post=84023"}],"curies":[{"name":"wp","href":"https:\/\/api.w.org\/{rel}","templated":true}]}}