{"id":84005,"date":"2022-06-20T11:59:50","date_gmt":"2022-06-20T16:59:50","guid":{"rendered":"https:\/\/defabrica.com.mx\/defabrica\/?post_type=product&#038;p=84005"},"modified":"2023-01-17T11:27:59","modified_gmt":"2023-01-17T17:27:59","slug":"mee-audio-matrix-cinema-auriculares-inalambricos-sobre-la-oreja-negro","status":"publish","type":"product","link":"https:\/\/defabrica.com.mx\/defabrica\/producto\/mee-audio-matrix-cinema-auriculares-inalambricos-sobre-la-oreja-negro\/","title":{"rendered":"MEE audio &#8211; Matrix Cinema Auriculares inal\u00e1mbricos sobre la oreja &#8211; Negro"},"content":{"rendered":"<p>Mejore los tonos de audio con este par de auriculares inal\u00e1mbricos MEElectronics.\u00a0La funci\u00f3n Bluetooth se sincroniza con un televisor u otro dispositivo, y la configuraci\u00f3n de claridad de voz y m\u00fasica le permite ajustar el sonido para una mejor experiencia auditiva.\u00a0Estos c\u00f3modos auriculares inal\u00e1mbricos de MEElectronics tienen un c\u00f3dec de baja latencia que reduce el retraso y un micr\u00f3fono integrado que le permite atender llamadas.<\/p>\n<h3><\/h3>\n<h3 class=\"heading-5 v-fw-regular feature-heading\"><strong>Caracter\u00edsticas<\/strong><\/h3>\n<ul>\n<li><strong>Interfaz bluetooth 4.2<\/strong><br \/>\nPermite el emparejamiento inal\u00e1mbrico simple con su dispositivo habilitado para Bluetooth, como TV o tel\u00e9fono celular.<\/li>\n<li><strong>Bater\u00eda recargable<\/strong><br \/>\nOfrece hasta 30 horas de uso y dura hasta 1000 horas en modo de espera.<\/li>\n<li><strong>Dise\u00f1o sobre la oreja<\/strong><br \/>\nPara un ajuste seguro.<\/li>\n<li><strong>Dise\u00f1o plegable<\/strong><br \/>\nJunto con un estuche de transporte incluido, permite una f\u00e1cil portabilidad.<\/li>\n<li><strong>Estuche de transporte incluido<\/strong><br \/>\nPara una f\u00e1cil portabilidad.<\/li>\n<li><strong>Micr\u00f3fono incorporado<\/strong><br \/>\nPermite chatear con manos libres a trav\u00e9s de un dispositivo compatible.<\/li>\n<\/ul>\n","protected":false},"excerpt":{"rendered":"<p>Mejore los tonos de audio con este par de auriculares inal\u00e1mbricos MEElectronics.\u00a0La funci\u00f3n Bluetooth se sincroniza con un televisor u otro dispositivo, y la configuraci\u00f3n de claridad de voz y<\/p>\n","protected":false},"featured_media":84007,"comment_status":"open","ping_status":"closed","template":"","meta":{"_acf_changed":false,"_joinchat":[]},"product_brand":[],"product_cat":[294,300,304],"product_tag":[],"class_list":{"0":"post-84005","1":"product","2":"type-product","3":"status-publish","4":"has-post-thumbnail","6":"product_cat-audio","7":"product_cat-audifonos","8":"product_cat-inalambricos","10":"first","11":"instock","12":"sale","13":"shipping-taxable","14":"purchasable","15":"product-type-simple"},"acf":[],"_links":{"self":[{"href":"https:\/\/defabrica.com.mx\/defabrica\/wp-json\/wp\/v2\/product\/84005","targetHints":{"allow":["GET"]}}],"collection":[{"href":"https:\/\/defabrica.com.mx\/defabrica\/wp-json\/wp\/v2\/product"}],"about":[{"href":"https:\/\/defabrica.com.mx\/defabrica\/wp-json\/wp\/v2\/types\/product"}],"replies":[{"embeddable":true,"href":"https:\/\/defabrica.com.mx\/defabrica\/wp-json\/wp\/v2\/comments?post=84005"}],"wp:featuredmedia":[{"embeddable":true,"href":"https:\/\/defabrica.com.mx\/defabrica\/wp-json\/wp\/v2\/media\/84007"}],"wp:attachment":[{"href":"https:\/\/defabrica.com.mx\/defabrica\/wp-json\/wp\/v2\/media?parent=84005"}],"wp:term":[{"taxonomy":"product_brand","embeddable":true,"href":"https:\/\/defabrica.com.mx\/defabrica\/wp-json\/wp\/v2\/product_brand?post=84005"},{"taxonomy":"product_cat","embeddable":true,"href":"https:\/\/defabrica.com.mx\/defabrica\/wp-json\/wp\/v2\/product_cat?post=84005"},{"taxonomy":"product_tag","embeddable":true,"href":"https:\/\/defabrica.com.mx\/defabrica\/wp-json\/wp\/v2\/product_tag?post=84005"}],"curies":[{"name":"wp","href":"https:\/\/api.w.org\/{rel}","templated":true}]}}