{"id":83998,"date":"2022-06-20T11:55:19","date_gmt":"2022-06-20T16:55:19","guid":{"rendered":"https:\/\/defabrica.com.mx\/defabrica\/?post_type=product&#038;p=83998"},"modified":"2022-12-11T13:44:33","modified_gmt":"2022-12-11T19:44:33","slug":"marshall-audifonos-verdadero-inalambrico-modo-ii-negro","status":"publish","type":"product","link":"https:\/\/defabrica.com.mx\/defabrica\/producto\/marshall-audifonos-verdadero-inalambrico-modo-ii-negro\/","title":{"rendered":"Marshall &#8211; Aud\u00edfonos Verdadero inal\u00e1mbrico Modo II &#8211; Negro"},"content":{"rendered":"<div class=\"embedded-component-container lv product-description\">\n<div>\n<div id=\"shop-product-description-81298641\" class=\"_none\" data-version=\"1.3.44\">\n<div class=\"shop-product-description\">\n<section class=\"align-heading-left\" data-reactroot=\"\">\n<div class=\"long-description-container body-copy \">\n<div class=\"html-fragment\">Presentamos el Modo II, los primeros auriculares internos verdaderamente inal\u00e1mbricos de Marshall.\u00a0Dise\u00f1ado para brindar una experiencia de audio estruendosa y 25 horas de tiempo de reproducci\u00f3n port\u00e1til con el estuche de carga, el Modo II produce un sonido fenomenal sin cables conectados.\u00a0Los controladores din\u00e1micos personalizados crean una experiencia de sonido muy detallada y precisa con graves rugientes, medios de sonido natural y agudos n\u00edtidos.\u00a0Experimenta el sonido completo con una claridad alucinante como si estuvieras justo enfrente del escenario.\u00a0Dise\u00f1ados para escuchar durante todo el d\u00eda, los auriculares internos Modo II est\u00e1n dise\u00f1ados ergon\u00f3micamente para ajustarse de forma segura y c\u00f3moda.\u00a0Personalice su ajuste con almohadillas para orejas ajustables para que pueda escuchar durante horas sin que sus o\u00eddos se cansen.\u00a0Los auriculares sensibles al tacto le permiten controlar f\u00e1cilmente su m\u00fasica, responder llamadas y m\u00e1s.\u00a0Con su duradero acabado engomado,<\/div>\n<\/div>\n<\/section>\n<\/div>\n<\/div>\n<\/div>\n<\/div>\n<div class=\"embedded-component-container lv product-features\">\n<h3><\/h3>\n<h3 class=\"heading-5 v-fw-regular feature-heading\"><strong>Caracter\u00edsticas<\/strong><\/h3>\n<ul>\n<li><strong>SONIDO DE FIRMA<\/strong><br \/>\nEl modo II es un verdadero auricular inal\u00e1mbrico que est\u00e1 dise\u00f1ado para brindar una experiencia de audio atronadora. Si bien es port\u00e1til sin esfuerzo en su estuche de carga compacto, el Modo II tambi\u00e9n produce un sonido fenomenal sin cables conectados.<\/li>\n<li><strong>25 HORAS DE JUEGO INAL\u00c1MBRICO<\/strong><br \/>\nEl modo II es implacable y ofrece 5 horas de reproducci\u00f3n inal\u00e1mbrica con una sola carga con un estuche de carga que puede llevar en el bolsillo. Con una bater\u00eda llena, su estuche de carga cargar\u00e1 el Modo II hasta cuatro veces, lo que da un total de 25 horas de reproducci\u00f3n mientras viaja.<\/li>\n<li><strong>CONSTRUCCI\u00d3N ERGON\u00d3MICA<\/strong><br \/>\nLos auriculares internos Modo II brindan una experiencia auditiva c\u00f3moda y ergon\u00f3mica durante todo el d\u00eda encapsulada en el ic\u00f3nico dise\u00f1o de Marshall. Utilice uno de los cuatro tama\u00f1os de olivas incluidos para crear un ajuste personalizado y seguro.<\/li>\n<li><strong>CONTROLA TU M\u00daSICA<\/strong><br \/>\nEl Modo II ofrece una experiencia verdaderamente inal\u00e1mbrica con la tecnolog\u00eda Bluetooth 5.1. Controle f\u00e1cilmente su m\u00fasica, llamadas telef\u00f3nicas y m\u00e1s con solo un toque de su dedo. Los auriculares sensibles al tacto brindan una experiencia intuitiva y f\u00e1cil de usar.<\/li>\n<li><strong>ESTUCHE DE CARGA PORT\u00c1TIL<\/strong><br \/>\nEl Modo II viene con un estuche de carga port\u00e1til que puedes llevar en tu bolsillo. El estuche de carga tiene capacidad para cuatro cargas con una bater\u00eda completa. Las luces LED muestran el nivel actual de la bater\u00eda del estuche de carga y muestran cuando los auriculares est\u00e1n completamente cargados.<\/li>\n<\/ul>\n<\/div>\n","protected":false},"excerpt":{"rendered":"<p>Presentamos el Modo II, los primeros auriculares internos verdaderamente inal\u00e1mbricos de Marshall.\u00a0Dise\u00f1ado para brindar una experiencia de audio estruendosa y 25 horas de tiempo de reproducci\u00f3n port\u00e1til con el estuche<\/p>\n","protected":false},"featured_media":84000,"comment_status":"open","ping_status":"closed","template":"","meta":{"_acf_changed":false,"_joinchat":[]},"product_brand":[],"product_cat":[294,300,304],"product_tag":[],"class_list":{"0":"post-83998","1":"product","2":"type-product","3":"status-publish","4":"has-post-thumbnail","6":"product_cat-audio","7":"product_cat-audifonos","8":"product_cat-inalambricos","10":"first","11":"instock","12":"sale","13":"shipping-taxable","14":"purchasable","15":"product-type-simple"},"acf":[],"_links":{"self":[{"href":"https:\/\/defabrica.com.mx\/defabrica\/wp-json\/wp\/v2\/product\/83998","targetHints":{"allow":["GET"]}}],"collection":[{"href":"https:\/\/defabrica.com.mx\/defabrica\/wp-json\/wp\/v2\/product"}],"about":[{"href":"https:\/\/defabrica.com.mx\/defabrica\/wp-json\/wp\/v2\/types\/product"}],"replies":[{"embeddable":true,"href":"https:\/\/defabrica.com.mx\/defabrica\/wp-json\/wp\/v2\/comments?post=83998"}],"wp:featuredmedia":[{"embeddable":true,"href":"https:\/\/defabrica.com.mx\/defabrica\/wp-json\/wp\/v2\/media\/84000"}],"wp:attachment":[{"href":"https:\/\/defabrica.com.mx\/defabrica\/wp-json\/wp\/v2\/media?parent=83998"}],"wp:term":[{"taxonomy":"product_brand","embeddable":true,"href":"https:\/\/defabrica.com.mx\/defabrica\/wp-json\/wp\/v2\/product_brand?post=83998"},{"taxonomy":"product_cat","embeddable":true,"href":"https:\/\/defabrica.com.mx\/defabrica\/wp-json\/wp\/v2\/product_cat?post=83998"},{"taxonomy":"product_tag","embeddable":true,"href":"https:\/\/defabrica.com.mx\/defabrica\/wp-json\/wp\/v2\/product_tag?post=83998"}],"curies":[{"name":"wp","href":"https:\/\/api.w.org\/{rel}","templated":true}]}}