{"id":83989,"date":"2022-06-20T11:50:47","date_gmt":"2022-06-20T16:50:47","guid":{"rendered":"https:\/\/defabrica.com.mx\/defabrica\/?post_type=product&#038;p=83989"},"modified":"2022-12-11T13:44:55","modified_gmt":"2022-12-11T19:44:55","slug":"auriculares-marshall-minor-iii-verdadero-inalambrico-negro","status":"publish","type":"product","link":"https:\/\/defabrica.com.mx\/defabrica\/producto\/auriculares-marshall-minor-iii-verdadero-inalambrico-negro\/","title":{"rendered":"Auriculares Marshall Minor III Verdadero inal\u00e1mbrico- Negro"},"content":{"rendered":"<div class=\"embedded-component-container lv product-description\">\n<div>\n<div id=\"shop-product-description-82651503\" class=\"_none\" data-version=\"1.3.44\">\n<div class=\"shop-product-description\">\n<section class=\"align-heading-left\" data-reactroot=\"\">\n<div class=\"long-description-container body-copy \">\n<div class=\"html-fragment\">Minor III te trae el sonido caracter\u00edstico de Marshall sin ning\u00fan desorden adicional.\u00a0Estos auriculares hacen todo el trabajo pesado por ti, as\u00ed que solo tienes que agarrar tu m\u00fasica y listo.\u00a0Disfruta de la libertad absoluta de escuchar sin cables.\u00a0Minor III viene con Bluetooth 5.2, lo que garantiza que cada auricular tenga una conexi\u00f3n s\u00f3lida con su dispositivo.<\/div>\n<\/div>\n<\/section>\n<\/div>\n<\/div>\n<\/div>\n<\/div>\n<div class=\"embedded-component-container lv product-features\">\n<h3><\/h3>\n<h3 class=\"heading-5 v-fw-regular feature-heading\"><strong>Caracter\u00edsticas<\/strong><\/h3>\n<ul>\n<li><strong>EMPAREJAR Y JUGAR<\/strong><br \/>\nMinor III le ofrece el sonido caracter\u00edstico de Marshall sin ning\u00fan desorden adicional: solo tome su m\u00fasica y listo.<\/li>\n<li><strong>LIBERTAD DE CABLES<\/strong><br \/>\nMinor III es verdaderamente inal\u00e1mbrico, lo que le brinda la libertad absoluta de escuchar sin cables, mientras brinda el mismo audio potente.<\/li>\n<li><strong>25 HORAS DE JUEGO INAL\u00c1MBRICO<\/strong><br \/>\nMinor III incluye un total de 25 horas de reproducci\u00f3n inal\u00e1mbrica para mantenerte en movimiento. Puede cargar f\u00e1cilmente el estuche de forma inal\u00e1mbrica o con un cable USB-C.<\/li>\n<li><strong>POTENTES CONTROLADORES PERSONALIZADOS<\/strong><br \/>\nMinor III te dejar\u00e1 boquiabierto con controladores personalizados de 12 mm.<\/li>\n<li><strong>CONTROLES T\u00c1CTILES INTUITIVOS<\/strong><br \/>\nMinor III viene con auriculares sensibles al tacto, por lo que puede usarlos para controlar su m\u00fasica y llamadas telef\u00f3nicas<\/li>\n<\/ul>\n<\/div>\n","protected":false},"excerpt":{"rendered":"<p>Minor III te trae el sonido caracter\u00edstico de Marshall sin ning\u00fan desorden adicional.\u00a0Estos auriculares hacen todo el trabajo pesado por ti, as\u00ed que solo tienes que agarrar tu m\u00fasica y<\/p>\n","protected":false},"featured_media":83991,"comment_status":"open","ping_status":"closed","template":"","meta":{"_acf_changed":false,"_joinchat":[]},"product_brand":[],"product_cat":[294,300,304],"product_tag":[],"class_list":{"0":"post-83989","1":"product","2":"type-product","3":"status-publish","4":"has-post-thumbnail","6":"product_cat-audio","7":"product_cat-audifonos","8":"product_cat-inalambricos","10":"first","11":"instock","12":"sale","13":"shipping-taxable","14":"purchasable","15":"product-type-simple"},"acf":[],"_links":{"self":[{"href":"https:\/\/defabrica.com.mx\/defabrica\/wp-json\/wp\/v2\/product\/83989","targetHints":{"allow":["GET"]}}],"collection":[{"href":"https:\/\/defabrica.com.mx\/defabrica\/wp-json\/wp\/v2\/product"}],"about":[{"href":"https:\/\/defabrica.com.mx\/defabrica\/wp-json\/wp\/v2\/types\/product"}],"replies":[{"embeddable":true,"href":"https:\/\/defabrica.com.mx\/defabrica\/wp-json\/wp\/v2\/comments?post=83989"}],"wp:featuredmedia":[{"embeddable":true,"href":"https:\/\/defabrica.com.mx\/defabrica\/wp-json\/wp\/v2\/media\/83991"}],"wp:attachment":[{"href":"https:\/\/defabrica.com.mx\/defabrica\/wp-json\/wp\/v2\/media?parent=83989"}],"wp:term":[{"taxonomy":"product_brand","embeddable":true,"href":"https:\/\/defabrica.com.mx\/defabrica\/wp-json\/wp\/v2\/product_brand?post=83989"},{"taxonomy":"product_cat","embeddable":true,"href":"https:\/\/defabrica.com.mx\/defabrica\/wp-json\/wp\/v2\/product_cat?post=83989"},{"taxonomy":"product_tag","embeddable":true,"href":"https:\/\/defabrica.com.mx\/defabrica\/wp-json\/wp\/v2\/product_tag?post=83989"}],"curies":[{"name":"wp","href":"https:\/\/api.w.org\/{rel}","templated":true}]}}