{"id":83770,"date":"2022-06-16T12:51:13","date_gmt":"2022-06-16T17:51:13","guid":{"rendered":"https:\/\/defabrica.com.mx\/defabrica\/?post_type=product&#038;p=83770"},"modified":"2023-01-17T11:15:10","modified_gmt":"2023-01-17T17:15:10","slug":"sennheiser-hd-560s-auriculares-abiertos-con-cable-para-audiofilos-sobre-la-oreja-negro","status":"publish","type":"product","link":"https:\/\/defabrica.com.mx\/defabrica\/producto\/sennheiser-hd-560s-auriculares-abiertos-con-cable-para-audiofilos-sobre-la-oreja-negro\/","title":{"rendered":"Sennheiser &#8211; HD 560S Auriculares abiertos con cable para audi\u00f3filos sobre la oreja &#8211; Negro"},"content":{"rendered":"<div class=\"embedded-component-container lv product-description\">\n<div>\n<div id=\"shop-product-description-50885424\" class=\"_none\" data-version=\"1.3.44\">\n<div class=\"shop-product-description\">\n<section class=\"align-heading-left\" data-reactroot=\"\">\n<div class=\"long-description-container body-copy \">\n<div class=\"html-fragment\">El HD 560S permite al audi\u00f3filo evaluar el viaje completo de su m\u00fasica a trav\u00e9s de la ruta de audio.\u00a0Con ac\u00fastica lineal y un rendimiento excepcional de baja frecuencia, el HD 560S fue dise\u00f1ado para los entusiastas del audio anal\u00edtico.\u00a0Estos auriculares abiertos est\u00e1n ajustados para revelar cada detalle de tu m\u00fasica sin sacrificar la gratificante respuesta de graves.\u00a0Cuando se combina con su chasis ultraligero y su lujosa comodidad, es un valor revolucionario en el monitoreo de referencia.<\/div>\n<\/div>\n<\/section>\n<\/div>\n<\/div>\n<\/div>\n<\/div>\n<div class=\"embedded-component-container lv product-features\">\n<h3><\/h3>\n<h3 class=\"heading-5 v-fw-regular feature-heading\"><strong>Caracter\u00edsticas<\/strong><\/h3>\n<ul>\n<li><strong>Sonido audi\u00f3filo<\/strong><br \/>\nAuriculares de calidad de referencia para sesiones de escucha anal\u00edtica con un sonido de referencia natural y preciso<\/li>\n<li><strong>Escucha \u00f3ptima<\/strong><br \/>\nLos transductores en \u00e1ngulo recrean la posici\u00f3n de escucha \u00f3ptima en todo momento, sin necesidad de un tratamiento ac\u00fastico de la sala<\/li>\n<li><strong>Auriculares al aire libre<\/strong><br \/>\nLos auriculares abiertos facilitan la expansi\u00f3n natural de las ondas sonoras<\/li>\n<li><strong>Respuesta de frecuencia de 6 Hz &#8211; 38 kHz<\/strong><br \/>\nRecuperaci\u00f3n de detalles superior con respuesta de graves r\u00e1pida y clara. Alcance extendido de gama baja con presencia gratificante<\/li>\n<li><strong>sonido limpio<\/strong><br \/>\nDistorsi\u00f3n ultrabaja incluso a SPL alto<\/li>\n<li><strong>Uso durante todo el d\u00eda.<\/strong><br \/>\nDise\u00f1o liviano y almohadillas de terciopelo para comodidad durante todo el d\u00eda<\/li>\n<li><strong>cable desmontable<\/strong><br \/>\nCable desmontable de 3 m con conector jack de 6,3 mm y adaptador de 3,5 mm con cable flexible de 15 cm<\/li>\n<\/ul>\n<\/div>\n","protected":false},"excerpt":{"rendered":"<p>El HD 560S permite al audi\u00f3filo evaluar el viaje completo de su m\u00fasica a trav\u00e9s de la ruta de audio.\u00a0Con ac\u00fastica lineal y un rendimiento excepcional de baja frecuencia, el<\/p>\n","protected":false},"featured_media":83775,"comment_status":"open","ping_status":"closed","template":"","meta":{"_acf_changed":false,"_joinchat":[]},"product_brand":[],"product_cat":[294,300,736],"product_tag":[],"class_list":{"0":"post-83770","1":"product","2":"type-product","3":"status-publish","4":"has-post-thumbnail","6":"product_cat-audio","7":"product_cat-audifonos","8":"product_cat-alambricos","10":"first","11":"instock","12":"sale","13":"shipping-taxable","14":"purchasable","15":"product-type-simple"},"acf":[],"_links":{"self":[{"href":"https:\/\/defabrica.com.mx\/defabrica\/wp-json\/wp\/v2\/product\/83770","targetHints":{"allow":["GET"]}}],"collection":[{"href":"https:\/\/defabrica.com.mx\/defabrica\/wp-json\/wp\/v2\/product"}],"about":[{"href":"https:\/\/defabrica.com.mx\/defabrica\/wp-json\/wp\/v2\/types\/product"}],"replies":[{"embeddable":true,"href":"https:\/\/defabrica.com.mx\/defabrica\/wp-json\/wp\/v2\/comments?post=83770"}],"wp:featuredmedia":[{"embeddable":true,"href":"https:\/\/defabrica.com.mx\/defabrica\/wp-json\/wp\/v2\/media\/83775"}],"wp:attachment":[{"href":"https:\/\/defabrica.com.mx\/defabrica\/wp-json\/wp\/v2\/media?parent=83770"}],"wp:term":[{"taxonomy":"product_brand","embeddable":true,"href":"https:\/\/defabrica.com.mx\/defabrica\/wp-json\/wp\/v2\/product_brand?post=83770"},{"taxonomy":"product_cat","embeddable":true,"href":"https:\/\/defabrica.com.mx\/defabrica\/wp-json\/wp\/v2\/product_cat?post=83770"},{"taxonomy":"product_tag","embeddable":true,"href":"https:\/\/defabrica.com.mx\/defabrica\/wp-json\/wp\/v2\/product_tag?post=83770"}],"curies":[{"name":"wp","href":"https:\/\/api.w.org\/{rel}","templated":true}]}}