{"id":83749,"date":"2022-06-16T12:35:38","date_gmt":"2022-06-16T17:35:38","guid":{"rendered":"https:\/\/defabrica.com.mx\/defabrica\/?post_type=product&#038;p=83749"},"modified":"2023-01-17T11:13:26","modified_gmt":"2023-01-17T17:13:26","slug":"sennheiser-rs-195-rf-auriculares-inalambricos-sobre-la-oreja-negro","status":"publish","type":"product","link":"https:\/\/defabrica.com.mx\/defabrica\/producto\/sennheiser-rs-195-rf-auriculares-inalambricos-sobre-la-oreja-negro\/","title":{"rendered":"Sennheiser &#8211; RS 195 RF Auriculares inal\u00e1mbricos sobre la oreja &#8211; Negro"},"content":{"rendered":"<p>Personaliza tu experiencia auditiva mientras miras televisi\u00f3n o reproduces m\u00fasica con estos auriculares inal\u00e1mbricos Sennheiser.\u00a0La tecnolog\u00eda de transmisi\u00f3n inal\u00e1mbrica digital brinda una se\u00f1al clara a una distancia de hasta 328 pies, lo que le permite pasear de una habitaci\u00f3n a otra mientras disfruta de su m\u00fasica favorita.\u00a0Estos auriculares inal\u00e1mbricos Sennheiser cuentan con modo de voz para reducir el ruido de fondo y mejorar la calidad del audio.<\/p>\n<h3><\/h3>\n<h3 class=\"heading-5 v-fw-regular feature-heading\"><strong>Caracter\u00edsticas<\/strong><\/h3>\n<ul>\n<li><strong>Optimizado para televisi\u00f3n<\/strong><br \/>\nEmpareje con su televisor y sum\u00e9rjase en un sonido de alta calidad.<\/li>\n<li><strong>Modos ajustables<\/strong><br \/>\nJunto con siete perfiles de audio, le permiten personalizar su experiencia auditiva para cualquier situaci\u00f3n.<\/li>\n<li><strong>Transmisor multiprop\u00f3sito<\/strong><br \/>\nFunciona como cargador y ofrece un alcance efectivo de hasta 328&#8242;.<\/li>\n<li><strong>Bater\u00eda recargable<\/strong><br \/>\nOfrece hasta 18 horas de uso con una carga.<\/li>\n<li><strong>Interfaz de radiofrecuencia de 2,4-2,48 GHz<\/strong><br \/>\nPermite el emparejamiento inal\u00e1mbrico simple.<\/li>\n<li><strong>Cable de audio desmontable de 3,5 mm<\/strong><br \/>\nGarantiza una conexi\u00f3n por cable opcional.<\/li>\n<li><strong>Dise\u00f1o ergonomico<\/strong><br \/>\nTe mantiene c\u00f3modo mientras escuchas.<\/li>\n<li><strong>Construcci\u00f3n sobre la oreja<\/strong><br \/>\nProporciona un ajuste seguro.<\/li>\n<li><strong>Respuesta de frecuencia de 17 Hz &#8211; 22 kHz<\/strong><br \/>\nGarantiza una reproducci\u00f3n fiel del sonido.<\/li>\n<li><strong>Control de equilibrio izquierdo\/derecho<\/strong><br \/>\nLe permite ajustar el volumen en cada o\u00eddo.<\/li>\n<\/ul>\n","protected":false},"excerpt":{"rendered":"<p>Personaliza tu experiencia auditiva mientras miras televisi\u00f3n o reproduces m\u00fasica con estos auriculares inal\u00e1mbricos Sennheiser.\u00a0La tecnolog\u00eda de transmisi\u00f3n inal\u00e1mbrica digital brinda una se\u00f1al clara a una distancia de hasta 328<\/p>\n","protected":false},"featured_media":83752,"comment_status":"open","ping_status":"closed","template":"","meta":{"_acf_changed":false,"_joinchat":[]},"product_brand":[],"product_cat":[294,300,304],"product_tag":[],"class_list":{"0":"post-83749","1":"product","2":"type-product","3":"status-publish","4":"has-post-thumbnail","6":"product_cat-audio","7":"product_cat-audifonos","8":"product_cat-inalambricos","10":"first","11":"instock","12":"sale","13":"shipping-taxable","14":"purchasable","15":"product-type-simple"},"acf":[],"_links":{"self":[{"href":"https:\/\/defabrica.com.mx\/defabrica\/wp-json\/wp\/v2\/product\/83749","targetHints":{"allow":["GET"]}}],"collection":[{"href":"https:\/\/defabrica.com.mx\/defabrica\/wp-json\/wp\/v2\/product"}],"about":[{"href":"https:\/\/defabrica.com.mx\/defabrica\/wp-json\/wp\/v2\/types\/product"}],"replies":[{"embeddable":true,"href":"https:\/\/defabrica.com.mx\/defabrica\/wp-json\/wp\/v2\/comments?post=83749"}],"wp:featuredmedia":[{"embeddable":true,"href":"https:\/\/defabrica.com.mx\/defabrica\/wp-json\/wp\/v2\/media\/83752"}],"wp:attachment":[{"href":"https:\/\/defabrica.com.mx\/defabrica\/wp-json\/wp\/v2\/media?parent=83749"}],"wp:term":[{"taxonomy":"product_brand","embeddable":true,"href":"https:\/\/defabrica.com.mx\/defabrica\/wp-json\/wp\/v2\/product_brand?post=83749"},{"taxonomy":"product_cat","embeddable":true,"href":"https:\/\/defabrica.com.mx\/defabrica\/wp-json\/wp\/v2\/product_cat?post=83749"},{"taxonomy":"product_tag","embeddable":true,"href":"https:\/\/defabrica.com.mx\/defabrica\/wp-json\/wp\/v2\/product_tag?post=83749"}],"curies":[{"name":"wp","href":"https:\/\/api.w.org\/{rel}","templated":true}]}}