{"id":83742,"date":"2022-06-16T12:28:39","date_gmt":"2022-06-16T17:28:39","guid":{"rendered":"https:\/\/defabrica.com.mx\/defabrica\/?post_type=product&#038;p=83742"},"modified":"2023-01-17T11:13:05","modified_gmt":"2023-01-17T17:13:05","slug":"sennheiser-auriculares-inalambricos-con-cancelacion-de-ruido-hd-450bt-para-colocar-sobre-las-orejas-negro","status":"publish","type":"product","link":"https:\/\/defabrica.com.mx\/defabrica\/producto\/sennheiser-auriculares-inalambricos-con-cancelacion-de-ruido-hd-450bt-para-colocar-sobre-las-orejas-negro\/","title":{"rendered":"Sennheiser &#8211; Auriculares inal\u00e1mbricos con cancelaci\u00f3n de ruido HD 450BT para colocar sobre las orejas &#8211; Negro"},"content":{"rendered":"<p>Disfruta de tus listas de reproducci\u00f3n mientras est\u00e1s en movimiento con estos aud\u00edfonos inal\u00e1mbricos negros de la serie HD de Sennheiser para colocar sobre las orejas.\u00a0El dise\u00f1o cerrado y la cancelaci\u00f3n activa de ruido evitan los sonidos ambientales, mientras que los botones f\u00e1ciles de tocar ofrecen un control conveniente e intuitivo.\u00a0Estos auriculares inal\u00e1mbricos para colocar sobre las orejas de la serie HD de Sennheiser cuentan con una potente bater\u00eda de 30 horas para durar f\u00e1cilmente durante viajes largos y entrenamientos prolongados.<\/p>\n<h3><\/h3>\n<h3 class=\"heading-5 v-fw-regular feature-heading\"><strong>Caracter\u00edsticas<\/strong><\/h3>\n<ul>\n<li><strong>Bater\u00eda recargable<\/strong><br \/>\nOfrece hasta 30 horas de uso con una carga.<\/li>\n<li><strong>Cancelaci\u00f3n de ruido activa<\/strong><br \/>\nCancela activamente las formas de onda desde el exterior del auricular para eliminar por completo los sonidos extra\u00f1os.<\/li>\n<li><strong>Micr\u00f3fono incorporado<\/strong><br \/>\nPermite chatear con manos libres a trav\u00e9s de un dispositivo compatible.<\/li>\n<li><strong>Interfaz Bluetooth 5.0<\/strong><br \/>\nPermite el emparejamiento inal\u00e1mbrico simple con su dispositivo habilitado para Bluetooth. Admite perfiles de Bluetooth HFP, HSP, A2DP y AVRCP.<\/li>\n<li><strong>Dise\u00f1o sobre la oreja<\/strong><br \/>\nPara un ajuste seguro.<\/li>\n<li><strong>Dise\u00f1o plegable<\/strong><br \/>\nJunto con un estuche de transporte incluido, permite una f\u00e1cil portabilidad.<\/li>\n<li><strong>Estuche de transporte incluido<\/strong><br \/>\nPara una f\u00e1cil portabilidad.<\/li>\n<li><strong>Respuesta de frecuencia de auriculares de 18 Hz &#8211; 22 kHz<\/strong><br \/>\nJunto con una respuesta de frecuencia de micr\u00f3fono de 80 Hz a 6 kHz, garantiza una reproducci\u00f3n fiel del sonido.<\/li>\n<li><strong>Dise\u00f1o de transductor din\u00e1mico<\/strong><br \/>\nPara audio de calidad de referencia.<\/li>\n<li><strong>Dise\u00f1o est\u00e9reo<\/strong><br \/>\nOfrece tonos n\u00edtidos.<\/li>\n<\/ul>\n","protected":false},"excerpt":{"rendered":"<p>Disfruta de tus listas de reproducci\u00f3n mientras est\u00e1s en movimiento con estos aud\u00edfonos inal\u00e1mbricos negros de la serie HD de Sennheiser para colocar sobre las orejas.\u00a0El dise\u00f1o cerrado y la<\/p>\n","protected":false},"featured_media":83744,"comment_status":"open","ping_status":"closed","template":"","meta":{"_acf_changed":false,"_joinchat":[]},"product_brand":[],"product_cat":[294,300,304],"product_tag":[],"class_list":{"0":"post-83742","1":"product","2":"type-product","3":"status-publish","4":"has-post-thumbnail","6":"product_cat-audio","7":"product_cat-audifonos","8":"product_cat-inalambricos","10":"first","11":"instock","12":"sale","13":"shipping-taxable","14":"purchasable","15":"product-type-simple"},"acf":[],"_links":{"self":[{"href":"https:\/\/defabrica.com.mx\/defabrica\/wp-json\/wp\/v2\/product\/83742","targetHints":{"allow":["GET"]}}],"collection":[{"href":"https:\/\/defabrica.com.mx\/defabrica\/wp-json\/wp\/v2\/product"}],"about":[{"href":"https:\/\/defabrica.com.mx\/defabrica\/wp-json\/wp\/v2\/types\/product"}],"replies":[{"embeddable":true,"href":"https:\/\/defabrica.com.mx\/defabrica\/wp-json\/wp\/v2\/comments?post=83742"}],"wp:featuredmedia":[{"embeddable":true,"href":"https:\/\/defabrica.com.mx\/defabrica\/wp-json\/wp\/v2\/media\/83744"}],"wp:attachment":[{"href":"https:\/\/defabrica.com.mx\/defabrica\/wp-json\/wp\/v2\/media?parent=83742"}],"wp:term":[{"taxonomy":"product_brand","embeddable":true,"href":"https:\/\/defabrica.com.mx\/defabrica\/wp-json\/wp\/v2\/product_brand?post=83742"},{"taxonomy":"product_cat","embeddable":true,"href":"https:\/\/defabrica.com.mx\/defabrica\/wp-json\/wp\/v2\/product_cat?post=83742"},{"taxonomy":"product_tag","embeddable":true,"href":"https:\/\/defabrica.com.mx\/defabrica\/wp-json\/wp\/v2\/product_tag?post=83742"}],"curies":[{"name":"wp","href":"https:\/\/api.w.org\/{rel}","templated":true}]}}