{"id":83717,"date":"2022-06-16T11:56:26","date_gmt":"2022-06-16T16:56:26","guid":{"rendered":"https:\/\/defabrica.com.mx\/defabrica\/?post_type=product&#038;p=83717"},"modified":"2023-01-17T11:10:21","modified_gmt":"2023-01-17T17:10:21","slug":"sennheiser-audifonos-intrauditivos-sport-verdadero-inalambrico-negro","status":"publish","type":"product","link":"https:\/\/defabrica.com.mx\/defabrica\/producto\/sennheiser-audifonos-intrauditivos-sport-verdadero-inalambrico-negro\/","title":{"rendered":"Sennheiser &#8211; Aud\u00edfonos intrauditivos SPORT Verdadero inal\u00e1mbrico- Negro"},"content":{"rendered":"<div class=\"embedded-component-container lv product-description\">\n<div>\n<div id=\"shop-product-description-24697265\" class=\"_none\" data-version=\"1.3.44\">\n<div class=\"shop-product-description\">\n<section class=\"align-heading-left\" data-reactroot=\"\">\n<div class=\"long-description-container body-copy \">\n<div class=\"html-fragment\">\n<p>Rendimiento impulsado por el sonido.\u00a0M\u00e1s r\u00e1pido, m\u00e1s alto, m\u00e1s fuerte: el nuevo SPORT True Wireless de Sennheiser impulsa su rendimiento con nuestro sonido m\u00e1s premium, Ac\u00fastica adaptable que le permite adaptar el sonido para el nivel de enfoque o conciencia que prefiera y un ajuste seguro excepcional.\u00a0Alimentado por el transductor TrueResponse din\u00e1mico de Sennheiser, el SPORT True Wireless se activa con una claridad \u00f3ptima y graves completos.\u00a0Su exclusiva caracter\u00edstica Ac\u00fastica Adaptable le permite elegir un estilo de adaptador de o\u00eddo abierto cuando desea minimizar el ruido transmitido por el cuerpo y requiere m\u00e1s conciencia de la situaci\u00f3n o un adaptador de o\u00eddo cerrado aislante que bloquea el ruido de fondo para una experiencia de audio enfocada.<\/p>\n<h3><\/h3>\n<h3 class=\"heading-5 v-fw-regular feature-heading\"><strong>Caracter\u00edsticas<\/strong><\/h3>\n<ul>\n<li><strong>Sonido caracter\u00edstico de Sennheiser<\/strong><br \/>\nImpulsado por el transductor Sennheiser TrueResponse, un controlador de audio din\u00e1mico de 7 mm que brinda una experiencia de sonido de alta gama con graves completos.<\/li>\n<li><strong>Ac\u00fastica Adaptable<\/strong><br \/>\nLas opciones de adaptadores auditivos abiertos y cerrados le permiten elegir entre una mayor comodidad al correr con m\u00e1s conocimiento de la situaci\u00f3n o bloquear el ruido exterior para una experiencia de audio enfocada e inmersiva.<\/li>\n<li><strong>Ajuste personalizado seguro<\/strong><br \/>\nLas aletas intercambiables y una selecci\u00f3n de adaptadores para los o\u00eddos le permiten lograr un ajuste perfectamente seguro.<\/li>\n<li><strong>Resistencia al polvo, salpicaduras y sudor IP54<\/strong><br \/>\nDurabilidad en la que puede confiar para sus entrenamientos m\u00e1s duros: los auriculares resisten el polvo, la lluvia y el sudor.<\/li>\n<li><strong>Duraci\u00f3n de la bater\u00eda<\/strong><br \/>\n9 horas de reproducci\u00f3n con hasta 27 horas con el estuche de carga<\/li>\n<li><strong>Ecualizador incorporado<\/strong><br \/>\nPersonaliza la experiencia de sonido con la aplicaci\u00f3n Smart Control.<\/li>\n<li><strong>Controles t\u00e1ctiles intuitivos<\/strong><br \/>\nControl de interfaz t\u00e1ctil de m\u00fasica, llamadas y asistente de voz para un funcionamiento sin esfuerzo.<\/li>\n<li><strong>Tono local ajustable<\/strong><br \/>\nSidetone hace que las llamadas telef\u00f3nicas sean m\u00e1s c\u00f3modas al permitirle escuchar su propia voz durante las llamadas.<\/li>\n<li><strong>Conectividad<\/strong><br \/>\nCompatible con Bluetooth 5.2. Se conecta a TV y equipos deportivos para que pueda transmitir su entrenamiento en casa o mantenerse conectado en el gimnasio.<\/li>\n<\/ul>\n<\/div>\n<\/div>\n<\/section>\n<\/div>\n<\/div>\n<\/div>\n<\/div>\n","protected":false},"excerpt":{"rendered":"<p>Rendimiento impulsado por el sonido.\u00a0M\u00e1s r\u00e1pido, m\u00e1s alto, m\u00e1s fuerte: el nuevo SPORT True Wireless de Sennheiser impulsa su rendimiento con nuestro sonido m\u00e1s premium, Ac\u00fastica adaptable que le permite<\/p>\n","protected":false},"featured_media":83720,"comment_status":"open","ping_status":"closed","template":"","meta":{"_acf_changed":false,"_joinchat":[]},"product_brand":[],"product_cat":[294,300,304],"product_tag":[],"class_list":{"0":"post-83717","1":"product","2":"type-product","3":"status-publish","4":"has-post-thumbnail","6":"product_cat-audio","7":"product_cat-audifonos","8":"product_cat-inalambricos","10":"first","11":"instock","12":"sale","13":"shipping-taxable","14":"purchasable","15":"product-type-simple"},"acf":[],"_links":{"self":[{"href":"https:\/\/defabrica.com.mx\/defabrica\/wp-json\/wp\/v2\/product\/83717","targetHints":{"allow":["GET"]}}],"collection":[{"href":"https:\/\/defabrica.com.mx\/defabrica\/wp-json\/wp\/v2\/product"}],"about":[{"href":"https:\/\/defabrica.com.mx\/defabrica\/wp-json\/wp\/v2\/types\/product"}],"replies":[{"embeddable":true,"href":"https:\/\/defabrica.com.mx\/defabrica\/wp-json\/wp\/v2\/comments?post=83717"}],"wp:featuredmedia":[{"embeddable":true,"href":"https:\/\/defabrica.com.mx\/defabrica\/wp-json\/wp\/v2\/media\/83720"}],"wp:attachment":[{"href":"https:\/\/defabrica.com.mx\/defabrica\/wp-json\/wp\/v2\/media?parent=83717"}],"wp:term":[{"taxonomy":"product_brand","embeddable":true,"href":"https:\/\/defabrica.com.mx\/defabrica\/wp-json\/wp\/v2\/product_brand?post=83717"},{"taxonomy":"product_cat","embeddable":true,"href":"https:\/\/defabrica.com.mx\/defabrica\/wp-json\/wp\/v2\/product_cat?post=83717"},{"taxonomy":"product_tag","embeddable":true,"href":"https:\/\/defabrica.com.mx\/defabrica\/wp-json\/wp\/v2\/product_tag?post=83717"}],"curies":[{"name":"wp","href":"https:\/\/api.w.org\/{rel}","templated":true}]}}