{"id":83704,"date":"2022-06-16T11:46:34","date_gmt":"2022-06-16T16:46:34","guid":{"rendered":"https:\/\/defabrica.com.mx\/defabrica\/?post_type=product&#038;p=83704"},"modified":"2022-12-11T13:29:44","modified_gmt":"2022-12-11T19:29:44","slug":"sennheiser-audifonos-internos-inalambricos-con-cancelacion-de-ruido-momentum-2-true-blanco","status":"publish","type":"product","link":"https:\/\/defabrica.com.mx\/defabrica\/producto\/sennheiser-audifonos-internos-inalambricos-con-cancelacion-de-ruido-momentum-2-true-blanco\/","title":{"rendered":"Sennheiser &#8211; Aud\u00edfonos internos inal\u00e1mbricos con cancelaci\u00f3n de ruido Momentum 2 True &#8211; Blanco"},"content":{"rendered":"<div class=\"embedded-component-container lv product-description\">\n<div>\n<div id=\"shop-product-description-79150679\" class=\"_none\" data-version=\"1.3.44\">\n<div class=\"shop-product-description\">\n<section class=\"align-heading-left\" data-reactroot=\"\">\n<div class=\"long-description-container body-copy \">\n<div class=\"html-fragment\">El nuevo MOMENTUM True Wireless de Sennheiser ofrece una calidad de sonido excepcional con una comodidad y un acabado superiores.\u00a0Ahora puedes disfrutar del excelente sonido est\u00e9reo de Sennheiser en cualquier lugar y durante todo el d\u00eda, gracias a la cancelaci\u00f3n activa de ruido y una duraci\u00f3n excepcional de la bater\u00eda de 7 horas, que se puede extender hasta 28 horas a trav\u00e9s del estuche de carga.<\/div>\n<\/div>\n<\/section>\n<\/div>\n<\/div>\n<\/div>\n<\/div>\n<div class=\"embedded-component-container lv product-features\">\n<h3><\/h3>\n<h3 class=\"heading-5 v-fw-regular feature-heading\"><strong>Caracter\u00edsticas<\/strong><\/h3>\n<ul>\n<li><strong>Audici\u00f3n transparente y cancelaci\u00f3n activa de ruido<\/strong><br \/>\nLo mantiene al tanto de su entorno, lo que le permite escuchar y chatear f\u00e1cilmente sin tener que quitarse los auriculares.<\/li>\n<li><strong>Verdadero inal\u00e1mbrico<\/strong><br \/>\nOfrezca una experiencia verdaderamente libre de enredos que le permita moverse libremente mientras hace ejercicio, viaja al trabajo y m\u00e1s.<\/li>\n<li><strong>Duraci\u00f3n de la bater\u00eda de siete horas<\/strong><br \/>\nSe extiende hasta 28 horas a trav\u00e9s del estuche de carga.<\/li>\n<li><strong>Dise\u00f1o resistente al agua IPX4<\/strong><br \/>\nBrinda protecci\u00f3n contra el sudor para que pueda usar los auriculares f\u00e1cilmente mientras hace ejercicio.<\/li>\n<li><strong>Dos micr\u00f3fonos de formaci\u00f3n de haces<\/strong><br \/>\nOfrece reducci\u00f3n de ruido ambiental.<\/li>\n<li><strong>Interfaz Bluetooth 5.0<\/strong><br \/>\nLa conexi\u00f3n sin problemas y la baja latencia permiten una sincronizaci\u00f3n perfecta de audio y video.<\/li>\n<li><strong>dise\u00f1o en la oreja<\/strong><br \/>\nSe ajusta de forma segura y dirige la m\u00fasica a tus o\u00eddos para un audio completo e ininterrumpido.<\/li>\n<li><strong>Ajuste ergon\u00f3mico<\/strong><br \/>\nLas puntas de silicona disponibles en cuatro tama\u00f1os brindan personalizaci\u00f3n para mayor comodidad.<\/li>\n<li><strong>Ecualizador incorporado<\/strong><br \/>\nLe permite personalizar su experiencia de audio.<\/li>\n<li><strong>Controles t\u00e1ctiles personalizables para llamadas, m\u00fasica y asistente de voz<\/strong><br \/>\nActiva el Asistente de Google o Siri con un c\u00f3modo toque en el auricular.<\/li>\n<li><strong>Gesti\u00f3n de dispositivos Bluetooth<\/strong><br \/>\nPermite cambiar entre sus fuentes de audio con facilidad.<\/li>\n<li><strong>Pausa inteligente<\/strong><br \/>\nPausa tu m\u00fasica cuando lo desconectas, para que no te pierdas ninguna parte de tu canci\u00f3n favorita.<\/li>\n<li><strong>controlador din\u00e1mico de 7 mm<\/strong><br \/>\nGarantiza una reproducci\u00f3n perfecta del sonido.<\/li>\n<\/ul>\n<\/div>\n","protected":false},"excerpt":{"rendered":"<p>El nuevo MOMENTUM True Wireless de Sennheiser ofrece una calidad de sonido excepcional con una comodidad y un acabado superiores.\u00a0Ahora puedes disfrutar del excelente sonido est\u00e9reo de Sennheiser en cualquier<\/p>\n","protected":false},"featured_media":83705,"comment_status":"open","ping_status":"closed","template":"","meta":{"_acf_changed":false,"_joinchat":[]},"product_brand":[],"product_cat":[294,300,304],"product_tag":[],"class_list":{"0":"post-83704","1":"product","2":"type-product","3":"status-publish","4":"has-post-thumbnail","6":"product_cat-audio","7":"product_cat-audifonos","8":"product_cat-inalambricos","10":"first","11":"instock","12":"sale","13":"shipping-taxable","14":"purchasable","15":"product-type-simple"},"acf":[],"_links":{"self":[{"href":"https:\/\/defabrica.com.mx\/defabrica\/wp-json\/wp\/v2\/product\/83704","targetHints":{"allow":["GET"]}}],"collection":[{"href":"https:\/\/defabrica.com.mx\/defabrica\/wp-json\/wp\/v2\/product"}],"about":[{"href":"https:\/\/defabrica.com.mx\/defabrica\/wp-json\/wp\/v2\/types\/product"}],"replies":[{"embeddable":true,"href":"https:\/\/defabrica.com.mx\/defabrica\/wp-json\/wp\/v2\/comments?post=83704"}],"wp:featuredmedia":[{"embeddable":true,"href":"https:\/\/defabrica.com.mx\/defabrica\/wp-json\/wp\/v2\/media\/83705"}],"wp:attachment":[{"href":"https:\/\/defabrica.com.mx\/defabrica\/wp-json\/wp\/v2\/media?parent=83704"}],"wp:term":[{"taxonomy":"product_brand","embeddable":true,"href":"https:\/\/defabrica.com.mx\/defabrica\/wp-json\/wp\/v2\/product_brand?post=83704"},{"taxonomy":"product_cat","embeddable":true,"href":"https:\/\/defabrica.com.mx\/defabrica\/wp-json\/wp\/v2\/product_cat?post=83704"},{"taxonomy":"product_tag","embeddable":true,"href":"https:\/\/defabrica.com.mx\/defabrica\/wp-json\/wp\/v2\/product_tag?post=83704"}],"curies":[{"name":"wp","href":"https:\/\/api.w.org\/{rel}","templated":true}]}}