{"id":83691,"date":"2022-06-16T11:29:15","date_gmt":"2022-06-16T16:29:15","guid":{"rendered":"https:\/\/defabrica.com.mx\/defabrica\/?post_type=product&#038;p=83691"},"modified":"2023-01-17T11:08:56","modified_gmt":"2023-01-17T17:08:56","slug":"sennheiser-audifonos-ergonomicos-inalambricos-rs-2000-negro","status":"publish","type":"product","link":"https:\/\/defabrica.com.mx\/defabrica\/producto\/sennheiser-audifonos-ergonomicos-inalambricos-rs-2000-negro\/","title":{"rendered":"Sennheiser &#8211; Aud\u00edfonos ergon\u00f3micos inal\u00e1mbricos RS 2000 &#8211; Negro"},"content":{"rendered":"<p>Escuche sus programas de TV favoritos claramente con estos auriculares inal\u00e1mbricos para TV de Sennheiser.\u00a0Su amplio rango le permite mantener una excelente recepci\u00f3n a m\u00e1s de 150 pies de su televisor, y el tiempo de reproducci\u00f3n de nueve horas le permite disfrutar de largas sesiones de atracones.\u00a0Estos auriculares inal\u00e1mbricos para TV de Sennheiser se conectan a salidas de TV anal\u00f3gicas para un uso vers\u00e1til.<\/p>\n<h3><\/h3>\n<h3 class=\"heading-5 v-fw-regular feature-heading\"><strong>Caracter\u00edsticas<\/strong><\/h3>\n<ul>\n<li><strong>Auriculares inal\u00e1mbricos RS 2000 con estaci\u00f3n base para TV<\/strong><br \/>\nAgregue claridad y comodidad al sonido de su televisor.<\/li>\n<li><strong>Estaci\u00f3n base (transmisor)<\/strong><br \/>\nSe conecta a salidas de TV anal\u00f3gicas con un cable y deja que el auricular\/receptor quede en posici\u00f3n horizontal cuando se carga la bater\u00eda integrada.<\/li>\n<li><strong>Bater\u00eda de pol\u00edmero de litio recargable incorporada<\/strong><br \/>\nProporciona hasta nueve horas de reproducci\u00f3n y tarda tres horas en cargarse.<\/li>\n<li><strong>Dise\u00f1o ligero y c\u00f3modo.<\/strong><br \/>\nNo ejerce presi\u00f3n sobre los o\u00eddos y las sienes, incluso durante sesiones largas.<\/li>\n<\/ul>\n","protected":false},"excerpt":{"rendered":"<p>Escuche sus programas de TV favoritos claramente con estos auriculares inal\u00e1mbricos para TV de Sennheiser.\u00a0Su amplio rango le permite mantener una excelente recepci\u00f3n a m\u00e1s de 150 pies de su<\/p>\n","protected":false},"featured_media":83692,"comment_status":"open","ping_status":"closed","template":"","meta":{"_acf_changed":false,"_joinchat":[]},"product_brand":[],"product_cat":[294,300,304],"product_tag":[],"class_list":{"0":"post-83691","1":"product","2":"type-product","3":"status-publish","4":"has-post-thumbnail","6":"product_cat-audio","7":"product_cat-audifonos","8":"product_cat-inalambricos","10":"first","11":"instock","12":"sale","13":"shipping-taxable","14":"purchasable","15":"product-type-simple"},"acf":[],"_links":{"self":[{"href":"https:\/\/defabrica.com.mx\/defabrica\/wp-json\/wp\/v2\/product\/83691","targetHints":{"allow":["GET"]}}],"collection":[{"href":"https:\/\/defabrica.com.mx\/defabrica\/wp-json\/wp\/v2\/product"}],"about":[{"href":"https:\/\/defabrica.com.mx\/defabrica\/wp-json\/wp\/v2\/types\/product"}],"replies":[{"embeddable":true,"href":"https:\/\/defabrica.com.mx\/defabrica\/wp-json\/wp\/v2\/comments?post=83691"}],"wp:featuredmedia":[{"embeddable":true,"href":"https:\/\/defabrica.com.mx\/defabrica\/wp-json\/wp\/v2\/media\/83692"}],"wp:attachment":[{"href":"https:\/\/defabrica.com.mx\/defabrica\/wp-json\/wp\/v2\/media?parent=83691"}],"wp:term":[{"taxonomy":"product_brand","embeddable":true,"href":"https:\/\/defabrica.com.mx\/defabrica\/wp-json\/wp\/v2\/product_brand?post=83691"},{"taxonomy":"product_cat","embeddable":true,"href":"https:\/\/defabrica.com.mx\/defabrica\/wp-json\/wp\/v2\/product_cat?post=83691"},{"taxonomy":"product_tag","embeddable":true,"href":"https:\/\/defabrica.com.mx\/defabrica\/wp-json\/wp\/v2\/product_tag?post=83691"}],"curies":[{"name":"wp","href":"https:\/\/api.w.org\/{rel}","templated":true}]}}