{"id":83649,"date":"2022-06-15T21:39:51","date_gmt":"2022-06-16T02:39:51","guid":{"rendered":"https:\/\/defabrica.com.mx\/defabrica\/?post_type=product&#038;p=83649"},"modified":"2023-01-17T11:08:36","modified_gmt":"2023-01-17T17:08:36","slug":"shokz-openmove-bone-conduction-auriculares-abiertos-estilo-de-vida-deportivos-gris","status":"publish","type":"product","link":"https:\/\/defabrica.com.mx\/defabrica\/producto\/shokz-openmove-bone-conduction-auriculares-abiertos-estilo-de-vida-deportivos-gris\/","title":{"rendered":"Shokz &#8211; OpenMove Bone Conduction Auriculares abiertos estilo de vida\/deportivos &#8211; Gris"},"content":{"rendered":"<div class=\"embedded-component-container lv product-description\">\n<div>\n<div id=\"shop-product-description-4310195\" class=\"_none\" data-version=\"1.3.44\">\n<div class=\"shop-product-description\">\n<section class=\"align-heading-left\" data-reactroot=\"\">\n<div class=\"long-description-container body-copy \">\n<div class=\"html-fragment\">Inspirado en atletas, dise\u00f1ado para todos.\u00a0Los auriculares Shokz OpenMove Bone Conduction Lifestyle\/Sport est\u00e1n hechos para moverte.\u00a0Durante los \u00faltimos 10 a\u00f1os, Shokz se ha dedicado a brindar seguridad y conciencia situacional a trav\u00e9s de la tecnolog\u00eda de conducci\u00f3n \u00f3sea.\u00a0A diferencia de los auriculares internos tradicionales, OpenMove presenta el dise\u00f1o de oreja abierta exclusivo de Shokz para mantenerlo sintonizado con su m\u00fasica y sus momentos.\u00a0El ajuste ligero de titanio hace que sea f\u00e1cil moverse durante el d\u00eda con versatilidad.<\/div>\n<\/div>\n<\/section>\n<\/div>\n<\/div>\n<\/div>\n<\/div>\n<div class=\"embedded-component-container lv product-features\">\n<h3><\/h3>\n<h3 class=\"heading-5 v-fw-regular feature-heading\"><strong>Caracter\u00edsticas<\/strong><\/h3>\n<ul>\n<li><strong>PRECIO DE NIVEL DE ENTRADA<\/strong><br \/>\n\u00bfNuevo en el mundo de la escucha con el o\u00eddo abierto? Los auriculares OpenMove ofrecen una excelente introducci\u00f3n a todo lo que la tecnolog\u00eda de conducci\u00f3n \u00f3sea patentada de Shokz tiene para ofrecer a un precio rentable.<\/li>\n<li><strong>DISE\u00d1O ABIERTO<\/strong><br \/>\nEl dise\u00f1o de orejas abiertas caracter\u00edstico de Shokz funciona con tecnolog\u00eda de conducci\u00f3n \u00f3sea patentada. El dise\u00f1o le permite disfrutar de su audio favorito y mantenerse c\u00f3modo y consciente de su entorno.<\/li>\n<li><strong>Sonido que te mueve<\/strong><br \/>\nPremiumPitch 2.0 ofrece un sonido est\u00e9reo din\u00e1mico con un amplio rango din\u00e1mico y graves ricos.<\/li>\n<li><strong>Resistente al agua y al sudor<\/strong><br \/>\nDisfrute de su entrenamiento al aire libre, llueva o truene. OpenMove tiene certificaci\u00f3n IP55, lo que los hace lo suficientemente duraderos para soportar condiciones de sudor, polvo y lluvia.<\/li>\n<li><strong>6 horas de duraci\u00f3n de la bater\u00eda<\/strong><br \/>\nPase de una llamada larga a una llamada de trabajo sin problemas con hasta 6 horas de m\u00fasica y llamadas y 10 d\u00edas de tiempo de espera. El cargador universal USB-C facilita la carga de sus auriculares OpenMove cuando est\u00e1 en movimiento.<\/li>\n<li><strong>Ajuste ligero y seguro<\/strong><br \/>\nLa banda de titanio garantiza un ajuste c\u00f3modo y liviano (29 g) y mantiene los auriculares en su lugar de forma segura, sin importar cu\u00e1n intenso sea su entrenamiento.<\/li>\n<li><strong>Micr\u00f3fono dual con cancelaci\u00f3n de ruido<\/strong><br \/>\nResponda llamadas sobre la marcha con micr\u00f3fonos duales con cancelaci\u00f3n de ruido. Excluyen el ruido ambiental, mejorando de manera efectiva el habla para llamadas n\u00edtidas y charlas sencillas con manos libres a trav\u00e9s de un dispositivo compatible.<\/li>\n<li><strong>chip potente<\/strong><br \/>\nBluetooth\u00ae v5.1 garantiza una conexi\u00f3n r\u00e1pida y estable de hasta 33 pies (10 metros).<\/li>\n<li><strong>3 modos de ecualizaci\u00f3n<\/strong><br \/>\nPersonalice su experiencia auditiva con 3 configuraciones de modo EQ: modo de voz humana, modo est\u00e1ndar y modo de tap\u00f3n para los o\u00eddos. Esta configuraci\u00f3n hace que OpenMove sea perfecto para escuchar sus podcasts, audiolibros y m\u00fasica favoritos sin perder el ritmo. Simplemente cambie la configuraci\u00f3n para optimizar la ac\u00fastica.<\/li>\n<li><strong>Controles sencillos<\/strong><br \/>\nOpenMove est\u00e1 dise\u00f1ado con una est\u00e9tica moderna para que el bot\u00f3n multifunci\u00f3n encaje perfectamente. Toque f\u00e1cilmente el bot\u00f3n para reproducir, pausar, saltar, activar el asistente de voz y responder llamadas.<\/li>\n<\/ul>\n<\/div>\n","protected":false},"excerpt":{"rendered":"<p>Inspirado en atletas, dise\u00f1ado para todos.\u00a0Los auriculares Shokz OpenMove Bone Conduction Lifestyle\/Sport est\u00e1n hechos para moverte.\u00a0Durante los \u00faltimos 10 a\u00f1os, Shokz se ha dedicado a brindar seguridad y conciencia situacional<\/p>\n","protected":false},"featured_media":83651,"comment_status":"open","ping_status":"closed","template":"","meta":{"_acf_changed":false,"_joinchat":[]},"product_brand":[],"product_cat":[294,300,304],"product_tag":[],"class_list":{"0":"post-83649","1":"product","2":"type-product","3":"status-publish","4":"has-post-thumbnail","6":"product_cat-audio","7":"product_cat-audifonos","8":"product_cat-inalambricos","10":"first","11":"instock","12":"sale","13":"shipping-taxable","14":"purchasable","15":"product-type-simple"},"acf":[],"_links":{"self":[{"href":"https:\/\/defabrica.com.mx\/defabrica\/wp-json\/wp\/v2\/product\/83649","targetHints":{"allow":["GET"]}}],"collection":[{"href":"https:\/\/defabrica.com.mx\/defabrica\/wp-json\/wp\/v2\/product"}],"about":[{"href":"https:\/\/defabrica.com.mx\/defabrica\/wp-json\/wp\/v2\/types\/product"}],"replies":[{"embeddable":true,"href":"https:\/\/defabrica.com.mx\/defabrica\/wp-json\/wp\/v2\/comments?post=83649"}],"wp:featuredmedia":[{"embeddable":true,"href":"https:\/\/defabrica.com.mx\/defabrica\/wp-json\/wp\/v2\/media\/83651"}],"wp:attachment":[{"href":"https:\/\/defabrica.com.mx\/defabrica\/wp-json\/wp\/v2\/media?parent=83649"}],"wp:term":[{"taxonomy":"product_brand","embeddable":true,"href":"https:\/\/defabrica.com.mx\/defabrica\/wp-json\/wp\/v2\/product_brand?post=83649"},{"taxonomy":"product_cat","embeddable":true,"href":"https:\/\/defabrica.com.mx\/defabrica\/wp-json\/wp\/v2\/product_cat?post=83649"},{"taxonomy":"product_tag","embeddable":true,"href":"https:\/\/defabrica.com.mx\/defabrica\/wp-json\/wp\/v2\/product_tag?post=83649"}],"curies":[{"name":"wp","href":"https:\/\/api.w.org\/{rel}","templated":true}]}}