{"id":83647,"date":"2022-06-15T21:36:06","date_gmt":"2022-06-16T02:36:06","guid":{"rendered":"https:\/\/defabrica.com.mx\/defabrica\/?post_type=product&#038;p=83647"},"modified":"2023-01-17T11:08:17","modified_gmt":"2023-01-17T17:08:17","slug":"shokz-openrun-pro-premium-auriculares-deportivos-abiertos-de-conduccion-osea-negro","status":"publish","type":"product","link":"https:\/\/defabrica.com.mx\/defabrica\/producto\/shokz-openrun-pro-premium-auriculares-deportivos-abiertos-de-conduccion-osea-negro\/","title":{"rendered":"Shokz &#8211; OpenRun Pro Premium Auriculares deportivos abiertos de conducci\u00f3n \u00f3sea &#8211; Negro"},"content":{"rendered":"<div class=\"embedded-component-container lv product-description\">\n<div>\n<div id=\"shop-product-description-57407355\" class=\"_none\" data-version=\"1.3.44\">\n<div class=\"shop-product-description\">\n<section class=\"align-heading-left\" data-reactroot=\"\">\n<div class=\"long-description-container body-copy \">\n<div class=\"html-fragment\">El nuevo OpenRun Pro de Shokz es su auricular deportivo de oreja abierta inal\u00e1mbrico m\u00e1s premium, dise\u00f1ado para el mejor atleta.\u00a0OpenRun Pro est\u00e1 dise\u00f1ado con tecnolog\u00eda de conducci\u00f3n \u00f3sea patentada de novena generaci\u00f3n para brindar audio PremiumPitch 2.0+ superior a trav\u00e9s de su p\u00f3mulo, dejando sus o\u00eddos abiertos al entorno ambiental y brindando comodidad durante todo el d\u00eda.\u00a0OpenRun Pro funciona con la tecnolog\u00eda Shokz TurboPitch, que agrega dos potenciadores de graves a los transductores, lo que le permite experimentar cada nota, ritmo y coro de sus canciones favoritas.\u00a0Con un dise\u00f1o refinado y un tama\u00f1o compacto, OpenRun Pro luce un marco de titanio liviano y flexible, lo que garantiza un ajuste seguro que permanecer\u00e1 en su lugar durante cualquier entrenamiento, carrera o competencia.<\/div>\n<\/div>\n<\/section>\n<\/div>\n<\/div>\n<\/div>\n<\/div>\n<div class=\"embedded-component-container lv product-features\">\n<h3><\/h3>\n<h3 class=\"heading-5 v-fw-regular feature-heading\"><strong>Caracter\u00edsticas<\/strong><\/h3>\n<ul>\n<li><strong>Comodidad de o\u00eddo abierto<\/strong><br \/>\nCon un tama\u00f1o compacto para su mejor ajuste hasta el momento, al mismo tiempo que presenta el dise\u00f1o de oreja abierta caracter\u00edstico de Shokz y brinda comodidad durante todo el d\u00eda. Aplasta tus objetivos de entrenamiento y mantente al tanto del tr\u00e1fico, los peatones, los ciclistas y m\u00e1s con OpenRun Pro.<\/li>\n<li><strong>Impulsado por la tecnolog\u00eda Shokz TurboPitch<\/strong><br \/>\nDos unidades de CoreCushion (potenciadores de bajos) est\u00e1n ubicadas dentro de los transductores, lo que garantiza que experimente cada nota, ritmo y coro de su audio favorito, lo que da como resultado una calidad de sonido superior.<\/li>\n<li><strong>Bajo mejorado<\/strong><br \/>\nLos OpenRun Pro est\u00e1n dise\u00f1ados con la tecnolog\u00eda PremiumPitch 2.0 para brindar sonidos n\u00edtidos y claros de rango medio a alta frecuencia, as\u00ed como con la nueva tecnolog\u00eda Shokz TurboPitch para brindar graves con una profundidad incre\u00edble.<\/li>\n<li><strong>10 horas de m\u00fasica y llamadas<\/strong><br \/>\nOpenRun Pro cuenta con 10 horas de duraci\u00f3n de la bater\u00eda para mantenerlo encendido durante dos sesiones de entrenamiento diarias o largas.<\/li>\n<li><strong>Ajuste ligero y seguro<\/strong><br \/>\nUn marco de titanio envolvente garantiza un ajuste c\u00f3modo y liviano (29 g) y mantiene los auriculares en su lugar de forma segura, sin importar cu\u00e1n intenso sea su entrenamiento.<\/li>\n<li><strong>Resistente al agua IP55<\/strong><br \/>\nDisfrute de su entrenamiento al aire libre, llueva o truene. OpenRun Pro tiene certificaci\u00f3n IP55, lo que los hace lo suficientemente duraderos para soportar condiciones de sudor, polvo y lluvia.<\/li>\n<li><strong>Micr\u00f3fono dual con cancelaci\u00f3n de ruido<\/strong><br \/>\nRecibe una llamada sin importar d\u00f3nde est\u00e9s haciendo ejercicio. OpenRun Pro est\u00e1 equipado con un micr\u00f3fono dual con cancelaci\u00f3n de ruido para llamadas n\u00edtidas en ambos extremos.<\/li>\n<li><strong>Carga rapida<\/strong><br \/>\n\u00bfTe apetece una carrera corta? Una carga r\u00e1pida de 5 minutos le brinda 1,5 horas de tiempo de escucha para que pueda ponerse en movimiento cuando llegue la motivaci\u00f3n.<\/li>\n<li><strong>aplicaci\u00f3n Shokz<\/strong><br \/>\nUna nueva aplicaci\u00f3n Shokz ahora disponible en GooglePlay y Apple App Stores. Desc\u00e1rguelo ahora para un emparejamiento f\u00e1cil y consejos para el usuario. Tambi\u00e9n puede elegir su experiencia auditiva con la selecci\u00f3n de dos configuraciones de EQ (Est\u00e1ndar o Vocal Booster).<\/li>\n<li><strong>personalizaci\u00f3n<\/strong><br \/>\nTambi\u00e9n puede personalizar su experiencia auditiva con la elecci\u00f3n de dos configuraciones de EQ (Est\u00e1ndar o Vocal Booster). Solo para regiones limitadas, vaya a userguide.shokz.net\/openrunpro para obtener m\u00e1s informaci\u00f3n.<\/li>\n<\/ul>\n<\/div>\n","protected":false},"excerpt":{"rendered":"<p>El nuevo OpenRun Pro de Shokz es su auricular deportivo de oreja abierta inal\u00e1mbrico m\u00e1s premium, dise\u00f1ado para el mejor atleta.\u00a0OpenRun Pro est\u00e1 dise\u00f1ado con tecnolog\u00eda de conducci\u00f3n \u00f3sea patentada<\/p>\n","protected":false},"featured_media":83638,"comment_status":"open","ping_status":"closed","template":"","meta":{"_acf_changed":false,"_joinchat":[]},"product_brand":[],"product_cat":[294,300,304],"product_tag":[],"class_list":{"0":"post-83647","1":"product","2":"type-product","3":"status-publish","4":"has-post-thumbnail","6":"product_cat-audio","7":"product_cat-audifonos","8":"product_cat-inalambricos","10":"first","11":"instock","12":"sale","13":"shipping-taxable","14":"purchasable","15":"product-type-simple"},"acf":[],"_links":{"self":[{"href":"https:\/\/defabrica.com.mx\/defabrica\/wp-json\/wp\/v2\/product\/83647","targetHints":{"allow":["GET"]}}],"collection":[{"href":"https:\/\/defabrica.com.mx\/defabrica\/wp-json\/wp\/v2\/product"}],"about":[{"href":"https:\/\/defabrica.com.mx\/defabrica\/wp-json\/wp\/v2\/types\/product"}],"replies":[{"embeddable":true,"href":"https:\/\/defabrica.com.mx\/defabrica\/wp-json\/wp\/v2\/comments?post=83647"}],"wp:featuredmedia":[{"embeddable":true,"href":"https:\/\/defabrica.com.mx\/defabrica\/wp-json\/wp\/v2\/media\/83638"}],"wp:attachment":[{"href":"https:\/\/defabrica.com.mx\/defabrica\/wp-json\/wp\/v2\/media?parent=83647"}],"wp:term":[{"taxonomy":"product_brand","embeddable":true,"href":"https:\/\/defabrica.com.mx\/defabrica\/wp-json\/wp\/v2\/product_brand?post=83647"},{"taxonomy":"product_cat","embeddable":true,"href":"https:\/\/defabrica.com.mx\/defabrica\/wp-json\/wp\/v2\/product_cat?post=83647"},{"taxonomy":"product_tag","embeddable":true,"href":"https:\/\/defabrica.com.mx\/defabrica\/wp-json\/wp\/v2\/product_tag?post=83647"}],"curies":[{"name":"wp","href":"https:\/\/api.w.org\/{rel}","templated":true}]}}