{"id":83644,"date":"2022-06-15T21:33:19","date_gmt":"2022-06-16T02:33:19","guid":{"rendered":"https:\/\/defabrica.com.mx\/defabrica\/?post_type=product&#038;p=83644"},"modified":"2023-01-17T11:07:56","modified_gmt":"2023-01-17T17:07:56","slug":"shokz-auriculares-abierto-de-conduccion-osea-openrun-ear-endurance-negro","status":"publish","type":"product","link":"https:\/\/defabrica.com.mx\/defabrica\/producto\/shokz-auriculares-abierto-de-conduccion-osea-openrun-ear-endurance-negro\/","title":{"rendered":"Shokz &#8211; Auriculares Abierto de conducci\u00f3n \u00f3sea OpenRun -Ear Endurance &#8211; Negro"},"content":{"rendered":"<div class=\"embedded-component-container lv product-description\">\n<div>\n<div id=\"shop-product-description-14354356\" class=\"_none\" data-version=\"1.3.44\">\n<div class=\"shop-product-description\">\n<section class=\"align-heading-left\" data-reactroot=\"\">\n<div class=\"long-description-container body-copy \">\n<div class=\"html-fragment\">Redefina su posible con los auriculares de conducci\u00f3n \u00f3sea Shokz OpenRun, anteriormente conocidos como Aeropex, dise\u00f1ados para atletas de resistencia.\u00a0Durante los \u00faltimos 10 a\u00f1os, Shokz se ha dedicado a brindar seguridad y conciencia situacional a trav\u00e9s de la tecnolog\u00eda de conducci\u00f3n \u00f3sea.\u00a0A diferencia de los aud\u00edfonos internos tradicionales, OpenRun presenta el dise\u00f1o de oreja abierta exclusivo de Shokz para mantenerlo sintonizado con su m\u00fasica y sus momentos.\u00a0Las funciones de audio mejoradas garantizan un sonido claro, un volumen potente y unos graves intensos mientras escuchas.\u00a0OpenRun es liviano y duradero para un uso c\u00f3modo durante todo el d\u00eda que tambi\u00e9n puede soportar los elementos.\u00a0La clasificaci\u00f3n de impermeabilidad IP67 hace que OpenRun sea perfecto para entrenamientos bajo la lluvia y el sudor, aunque no est\u00e1n dise\u00f1ados para nadar bajo el agua.\u00a0Acepta un nuevo desaf\u00edo impulsado por Shokz.<\/div>\n<\/div>\n<\/section>\n<\/div>\n<\/div>\n<\/div>\n<\/div>\n<div class=\"embedded-component-container lv product-features\">\n<h3><\/h3>\n<h3 class=\"heading-5 v-fw-regular feature-heading\"><strong>Caracter\u00edsticas<\/strong><\/h3>\n<ul>\n<li><strong>Dise\u00f1o de oreja abierta<\/strong><br \/>\nEl dise\u00f1o de orejas abiertas caracter\u00edstico de Shokz funciona con tecnolog\u00eda de conducci\u00f3n \u00f3sea patentada. El dise\u00f1o le permite permanecer abierto a su entorno mientras escucha sus favoritos de audio para la seguridad y la conciencia ambiental.<\/li>\n<li><strong>PremiumPitch 2.0+<\/strong><br \/>\nAproveche al m\u00e1ximo su experiencia de audio con un sonido claro, un volumen potente y unos graves intensos. OpenRun trae la pr\u00f3xima generaci\u00f3n de tecnolog\u00eda de preservaci\u00f3n de sonido a su estilo de vida activo.<\/li>\n<li><strong>Ajuste c\u00f3modo y seguro<\/strong><br \/>\nLa banda envolvente de titanio de OpenRun garantiza un ajuste c\u00f3modo y mantiene los auriculares en su lugar de forma segura, sin importar cu\u00e1n intenso sea su entrenamiento.<\/li>\n<li><strong>Ligero<\/strong><br \/>\nCon solo 26 g, OpenRun son los auriculares Shokz m\u00e1s livianos, lo que los hace perfectos para usar todo el d\u00eda.<\/li>\n<li><strong>Clasificaci\u00f3n de impermeabilidad IP67<\/strong><br \/>\nLos auriculares OpenRun est\u00e1n dise\u00f1ados para soportar incluso las condiciones de entrenamiento m\u00e1s duras. La clasificaci\u00f3n IP67 significa que son a prueba de suciedad, resistentes al sudor y resistir\u00e1n la inmersi\u00f3n en 1 metro de agua durante un m\u00e1ximo de 30 minutos. OpenRun no est\u00e1 dise\u00f1ado para nadar.<\/li>\n<li><strong>8 horas de m\u00fasica + llamadas<\/strong><br \/>\nSupere a la competencia con hasta 8 horas de duraci\u00f3n de la bater\u00eda despu\u00e9s de una carga completa y hasta 240 horas en modo de espera. OpenRun fue dise\u00f1ado para largas sesiones de entrenamiento, as\u00ed como para pasar de su entrenamiento a la jornada laboral sin problemas.<\/li>\n<li><strong>Carga rapida<\/strong><br \/>\n\u00bfTe apetece una carrera corta? Una carga r\u00e1pida de 5 minutos le brinda 1,5 horas de tiempo de escucha para que pueda ponerse en movimiento cuando llegue la motivaci\u00f3n.<\/li>\n<li><strong>Micr\u00f3fono dual con cancelaci\u00f3n de ruido<\/strong><br \/>\nResponda llamadas sobre la marcha con los micr\u00f3fonos duales con cancelaci\u00f3n de ruido colocados con precisi\u00f3n. Excluyen el ruido ambiental, mejorando de manera efectiva el habla para llamadas n\u00edtidas y charlas sencillas con manos libres a trav\u00e9s de un dispositivo compatible.<\/li>\n<li><strong>Bluetooth v5.1<\/strong><br \/>\nEmpareje la escucha con los o\u00eddos abiertos con sus dispositivos de transmisi\u00f3n de m\u00fasica favoritos para una f\u00e1cil escucha inal\u00e1mbrica. Las capacidades de Bluetooth actualizadas de OpeRun son compatibles con los perfiles de Bluetooth HFP, HSP, A2DP y AVRCP.<\/li>\n<li><strong>Alerta de detecci\u00f3n de humedad<\/strong><br \/>\nPara mantener su OpenRun en plena forma, su dispositivo le avisar\u00e1 si los auriculares est\u00e1n conectados al cargador mientras est\u00e1n mojados. Siga las indicaciones para quitar los auriculares del cargador para una duraci\u00f3n \u00f3ptima de la bater\u00eda.<\/li>\n<\/ul>\n<\/div>\n","protected":false},"excerpt":{"rendered":"<p>Redefina su posible con los auriculares de conducci\u00f3n \u00f3sea Shokz OpenRun, anteriormente conocidos como Aeropex, dise\u00f1ados para atletas de resistencia.\u00a0Durante los \u00faltimos 10 a\u00f1os, Shokz se ha dedicado a brindar<\/p>\n","protected":false},"featured_media":83638,"comment_status":"open","ping_status":"closed","template":"","meta":{"_acf_changed":false,"_joinchat":[]},"product_brand":[],"product_cat":[294,300,304],"product_tag":[],"class_list":{"0":"post-83644","1":"product","2":"type-product","3":"status-publish","4":"has-post-thumbnail","6":"product_cat-audio","7":"product_cat-audifonos","8":"product_cat-inalambricos","10":"first","11":"instock","12":"sale","13":"shipping-taxable","14":"purchasable","15":"product-type-simple"},"acf":[],"_links":{"self":[{"href":"https:\/\/defabrica.com.mx\/defabrica\/wp-json\/wp\/v2\/product\/83644","targetHints":{"allow":["GET"]}}],"collection":[{"href":"https:\/\/defabrica.com.mx\/defabrica\/wp-json\/wp\/v2\/product"}],"about":[{"href":"https:\/\/defabrica.com.mx\/defabrica\/wp-json\/wp\/v2\/types\/product"}],"replies":[{"embeddable":true,"href":"https:\/\/defabrica.com.mx\/defabrica\/wp-json\/wp\/v2\/comments?post=83644"}],"wp:featuredmedia":[{"embeddable":true,"href":"https:\/\/defabrica.com.mx\/defabrica\/wp-json\/wp\/v2\/media\/83638"}],"wp:attachment":[{"href":"https:\/\/defabrica.com.mx\/defabrica\/wp-json\/wp\/v2\/media?parent=83644"}],"wp:term":[{"taxonomy":"product_brand","embeddable":true,"href":"https:\/\/defabrica.com.mx\/defabrica\/wp-json\/wp\/v2\/product_brand?post=83644"},{"taxonomy":"product_cat","embeddable":true,"href":"https:\/\/defabrica.com.mx\/defabrica\/wp-json\/wp\/v2\/product_cat?post=83644"},{"taxonomy":"product_tag","embeddable":true,"href":"https:\/\/defabrica.com.mx\/defabrica\/wp-json\/wp\/v2\/product_tag?post=83644"}],"curies":[{"name":"wp","href":"https:\/\/api.w.org\/{rel}","templated":true}]}}