{"id":83627,"date":"2022-06-15T21:15:49","date_gmt":"2022-06-16T02:15:49","guid":{"rendered":"https:\/\/defabrica.com.mx\/defabrica\/?post_type=product&#038;p=83627"},"modified":"2023-01-17T11:06:34","modified_gmt":"2023-01-17T17:06:34","slug":"shure-auriculares-con-aislamiento-de-sonido-aonic-3-blanco","status":"publish","type":"product","link":"https:\/\/defabrica.com.mx\/defabrica\/producto\/shure-auriculares-con-aislamiento-de-sonido-aonic-3-blanco\/","title":{"rendered":"Shure &#8211; Auriculares con aislamiento de sonido AONIC 3 &#8211; Blanco"},"content":{"rendered":"<p>_Caracter\u00edsticas y ventajas_* *Sorprendente sonido de rango completo *desde un solo controlador de armadura equilibrada ventilada.\u00a0Escuche la m\u00fasica de la forma en que debe ser escuchada.* *Forma elegante y de bajo perfil* dise\u00f1ada para una comodidad duradera desde el auricular m\u00e1s peque\u00f1o de la l\u00ednea AONIC.* *Tecnolog\u00eda Sound Isolating\u2122 *bloquea hasta 37 dB de ruido para eliminar las distracciones.\u00a0Disfrute de la experiencia auditiva m\u00e1s inmersiva con un dise\u00f1o que mantiene los auriculares dentro y el ruido fuera durante el ejercicio o los viajes.\u00a0* *Cable de comunicaci\u00f3n desmontable de 3,5 mm *permite la conexi\u00f3n directa a computadoras port\u00e1tiles, sistemas de entretenimiento a bordo y otros dispositivos m\u00f3viles.\u00a0El dise\u00f1o seguro sobre la oreja con ajuste en forma de alambre garantiza que los auriculares permanezcan en su lugar y los cables no estorben.<\/p>\n<h3><\/h3>\n<h3 class=\"heading-5 v-fw-regular feature-heading\"><strong>Caracter\u00edsticas<\/strong><\/h3>\n<ul>\n<li><strong>*Calidad de construcci\u00f3n duradera*<\/strong><br \/>\nDise\u00f1ado para uso y desgaste profesional para garantizar una vida \u00fatil de uso. Mira de qu\u00e9 estamos hechos<\/li>\n<li><strong>*Forma elegante y de perfil bajo*<\/strong><br \/>\nDise\u00f1ado para una comodidad duradera desde el auricular m\u00e1s peque\u00f1o de la l\u00ednea AONIC.*<\/li>\n<li><strong>*Aislamiento de sonido\u2122<\/strong><br \/>\nTecnolog\u00eda *bloquea hasta 37 dB de ruido para eliminar las distracciones. Disfrute de la experiencia auditiva m\u00e1s inmersiva con un dise\u00f1o que mantiene los auriculares dentro y el ruido fuera durante el ejercicio o los viajes<\/li>\n<li><strong>* *Cable de comunicaci\u00f3n desmontable de 3,5 mm<\/strong><br \/>\n*permite la conexi\u00f3n directa a computadoras port\u00e1tiles, sistemas de entretenimiento a bordo y otros dispositivos m\u00f3viles. El dise\u00f1o seguro sobre la oreja con ajuste de forma de alambre garantiza que los auriculares permanezcan en su lugar y que los cables permanezcan fuera del camino.*<\/li>\n<\/ul>\n","protected":false},"excerpt":{"rendered":"<p>_Caracter\u00edsticas y ventajas_* *Sorprendente sonido de rango completo *desde un solo controlador de armadura equilibrada ventilada.\u00a0Escuche la m\u00fasica de la forma en que debe ser escuchada.* *Forma elegante y de<\/p>\n","protected":false},"featured_media":83629,"comment_status":"open","ping_status":"closed","template":"","meta":{"_acf_changed":false,"_joinchat":[]},"product_brand":[],"product_cat":[294,300,736],"product_tag":[],"class_list":{"0":"post-83627","1":"product","2":"type-product","3":"status-publish","4":"has-post-thumbnail","6":"product_cat-audio","7":"product_cat-audifonos","8":"product_cat-alambricos","10":"first","11":"instock","12":"sale","13":"shipping-taxable","14":"purchasable","15":"product-type-simple"},"acf":[],"_links":{"self":[{"href":"https:\/\/defabrica.com.mx\/defabrica\/wp-json\/wp\/v2\/product\/83627","targetHints":{"allow":["GET"]}}],"collection":[{"href":"https:\/\/defabrica.com.mx\/defabrica\/wp-json\/wp\/v2\/product"}],"about":[{"href":"https:\/\/defabrica.com.mx\/defabrica\/wp-json\/wp\/v2\/types\/product"}],"replies":[{"embeddable":true,"href":"https:\/\/defabrica.com.mx\/defabrica\/wp-json\/wp\/v2\/comments?post=83627"}],"wp:featuredmedia":[{"embeddable":true,"href":"https:\/\/defabrica.com.mx\/defabrica\/wp-json\/wp\/v2\/media\/83629"}],"wp:attachment":[{"href":"https:\/\/defabrica.com.mx\/defabrica\/wp-json\/wp\/v2\/media?parent=83627"}],"wp:term":[{"taxonomy":"product_brand","embeddable":true,"href":"https:\/\/defabrica.com.mx\/defabrica\/wp-json\/wp\/v2\/product_brand?post=83627"},{"taxonomy":"product_cat","embeddable":true,"href":"https:\/\/defabrica.com.mx\/defabrica\/wp-json\/wp\/v2\/product_cat?post=83627"},{"taxonomy":"product_tag","embeddable":true,"href":"https:\/\/defabrica.com.mx\/defabrica\/wp-json\/wp\/v2\/product_tag?post=83627"}],"curies":[{"name":"wp","href":"https:\/\/api.w.org\/{rel}","templated":true}]}}