{"id":83611,"date":"2022-06-15T21:04:33","date_gmt":"2022-06-16T02:04:33","guid":{"rendered":"https:\/\/defabrica.com.mx\/defabrica\/?post_type=product&#038;p=83611"},"modified":"2023-01-17T11:05:56","modified_gmt":"2023-01-17T17:05:56","slug":"skullcandy-auriculares-inalambricos-para-colocar-sobre-las-orejas-crusher-evo-negro-verdadero","status":"publish","type":"product","link":"https:\/\/defabrica.com.mx\/defabrica\/producto\/skullcandy-auriculares-inalambricos-para-colocar-sobre-las-orejas-crusher-evo-negro-verdadero\/","title":{"rendered":"Skullcandy &#8211; Auriculares inal\u00e1mbricos para colocar sobre las orejas Crusher Evo &#8211; Negro verdadero"},"content":{"rendered":"<div class=\"embedded-component-container lv product-description\">\n<div>\n<div id=\"shop-product-description-61869317\" class=\"_none\" data-version=\"1.3.44\">\n<div class=\"shop-product-description\">\n<section class=\"align-heading-left\" data-reactroot=\"\">\n<div class=\"long-description-container body-copy \">\n<div class=\"html-fragment\">Siente el bajo en tus huesos con Crusher Evo, el \u00faltimo avance en la famosa l\u00ednea Skullcandy Crusher.\u00a0La tecnolog\u00eda patentada de bajos sensoriales ajustables es una experiencia que no puede obtener con ning\u00fan otro auricular.\u00a0Y ahora, incluso puede personalizar el sonido para su audici\u00f3n \u00fanica a trav\u00e9s de una prueba de audio r\u00e1pida en la aplicaci\u00f3n Skullcandy.\u00a0Entonces escuchar\u00e1 la m\u00fasica exactamente de la manera en que debe ser escuchada.\u00a0Los controles cr\u00edticos (llamada, cambio de pista, volumen y Crusher Bass) est\u00e1n convenientemente ubicados con botones t\u00e1ctiles f\u00e1ciles de usar.\u00a0La tecnolog\u00eda de b\u00fasqueda de mosaicos le permite \u00abhacer sonar\u00bb sus auriculares si alguna vez se pierden o se extrav\u00edan, para que nunca regrese a casa sin ellos.\u00a0La capacidad de carga r\u00e1pida proporciona 4 horas de tiempo de escucha con solo 10 minutos de carga, y una carga completa te permite sentir la m\u00fasica durante 40 horas incre\u00edbles.\u00a0Crusher Evo tambi\u00e9n est\u00e1 listo para viajar.<\/div>\n<\/div>\n<\/section>\n<\/div>\n<\/div>\n<\/div>\n<\/div>\n<div class=\"embedded-component-container lv product-features\">\n<h3><\/h3>\n<h3 class=\"heading-5 v-fw-regular feature-heading\"><strong>Caracter\u00edsticas<\/strong><\/h3>\n<ul>\n<li><strong>Graves sensoriales ajustables<\/strong><br \/>\nLa tecnolog\u00eda de bajos sensoriales ajustables es una experiencia que no puedes obtener con ning\u00fan otro auricular.<\/li>\n<li><strong>Inal\u00e1mbrico a trav\u00e9s de Bluetooth 5<\/strong><br \/>\nActivar Asistente<\/li>\n<li><strong>Control de llamadas, seguimiento y volumen<\/strong><br \/>\nLos controles cr\u00edticos (llamada, cambio de pista, volumen y Crusher Bass) est\u00e1n convenientemente ubicados con botones t\u00e1ctiles f\u00e1ciles de usar.<\/li>\n<li><strong>Hasta 40 horas de bater\u00eda<\/strong><br \/>\nLa capacidad de carga r\u00e1pida proporciona 4 horas de tiempo de escucha con solo 10 minutos de carga, y una carga completa te permite sentir la m\u00fasica durante 40 horas incre\u00edbles.<\/li>\n<li><strong>Tecnolog\u00eda de b\u00fasqueda de mosaicos incorporada<\/strong><br \/>\nLa tecnolog\u00eda de b\u00fasqueda de mosaicos le permite \u00abhacer sonar\u00bb sus auriculares si alguna vez se pierden o se extrav\u00edan, para que nunca regrese a casa sin ellos.<\/li>\n<\/ul>\n<\/div>\n","protected":false},"excerpt":{"rendered":"<p>Siente el bajo en tus huesos con Crusher Evo, el \u00faltimo avance en la famosa l\u00ednea Skullcandy Crusher.\u00a0La tecnolog\u00eda patentada de bajos sensoriales ajustables es una experiencia que no puede<\/p>\n","protected":false},"featured_media":83614,"comment_status":"open","ping_status":"closed","template":"","meta":{"_acf_changed":false,"_joinchat":[]},"product_brand":[],"product_cat":[294,300,304],"product_tag":[],"class_list":{"0":"post-83611","1":"product","2":"type-product","3":"status-publish","4":"has-post-thumbnail","6":"product_cat-audio","7":"product_cat-audifonos","8":"product_cat-inalambricos","10":"first","11":"instock","12":"sale","13":"shipping-taxable","14":"purchasable","15":"product-type-simple"},"acf":[],"_links":{"self":[{"href":"https:\/\/defabrica.com.mx\/defabrica\/wp-json\/wp\/v2\/product\/83611","targetHints":{"allow":["GET"]}}],"collection":[{"href":"https:\/\/defabrica.com.mx\/defabrica\/wp-json\/wp\/v2\/product"}],"about":[{"href":"https:\/\/defabrica.com.mx\/defabrica\/wp-json\/wp\/v2\/types\/product"}],"replies":[{"embeddable":true,"href":"https:\/\/defabrica.com.mx\/defabrica\/wp-json\/wp\/v2\/comments?post=83611"}],"wp:featuredmedia":[{"embeddable":true,"href":"https:\/\/defabrica.com.mx\/defabrica\/wp-json\/wp\/v2\/media\/83614"}],"wp:attachment":[{"href":"https:\/\/defabrica.com.mx\/defabrica\/wp-json\/wp\/v2\/media?parent=83611"}],"wp:term":[{"taxonomy":"product_brand","embeddable":true,"href":"https:\/\/defabrica.com.mx\/defabrica\/wp-json\/wp\/v2\/product_brand?post=83611"},{"taxonomy":"product_cat","embeddable":true,"href":"https:\/\/defabrica.com.mx\/defabrica\/wp-json\/wp\/v2\/product_cat?post=83611"},{"taxonomy":"product_tag","embeddable":true,"href":"https:\/\/defabrica.com.mx\/defabrica\/wp-json\/wp\/v2\/product_tag?post=83611"}],"curies":[{"name":"wp","href":"https:\/\/api.w.org\/{rel}","templated":true}]}}