{"id":83590,"date":"2022-06-15T20:48:34","date_gmt":"2022-06-16T01:48:34","guid":{"rendered":"https:\/\/defabrica.com.mx\/defabrica\/?post_type=product&#038;p=83590"},"modified":"2023-01-17T11:04:26","modified_gmt":"2023-01-17T17:04:26","slug":"skullcandy-auriculares-deportivos-empuje-activo-verdadero-inalambrico-negro","status":"publish","type":"product","link":"https:\/\/defabrica.com.mx\/defabrica\/producto\/skullcandy-auriculares-deportivos-empuje-activo-verdadero-inalambrico-negro\/","title":{"rendered":"\u00abSkullcandy &#8211; Auriculares deportivos Empuje activo verdadero inal\u00e1mbrico  &#8211; Negro\u00bb"},"content":{"rendered":"<div class=\"embedded-component-container lv product-description\">\n<div>\n<div id=\"shop-product-description-47075491\" class=\"_none\" data-version=\"1.3.44\">\n<div class=\"shop-product-description\">\n<section class=\"align-heading-left\" data-reactroot=\"\">\n<div class=\"long-description-container body-copy \">\n<div class=\"html-fragment\">Push Active\u2122 son nuestros aud\u00edfonos verdaderamente inal\u00e1mbricos m\u00e1s nuevos con un ajuste que no se cae.\u00a0Con control de voz manos libres, ganchos flexibles para colocar sobre las orejas y resistencia superior al agua\/sudor, son el mejor compa\u00f1ero de audio para cualquier aventura activa.<\/div>\n<\/div>\n<\/section>\n<\/div>\n<\/div>\n<\/div>\n<\/div>\n<div class=\"embedded-component-container lv product-features\">\n<h3><\/h3>\n<h3 class=\"heading-5 v-fw-regular feature-heading\"><strong>Caracter\u00edsticas<\/strong><\/h3>\n<ul>\n<li><strong>Aud\u00edfonos verdaderamente inal\u00e1mbricos<\/strong><br \/>\nTe permite escuchar tus pistas favoritas, para que los cables no te detengan. Modos de ecualizaci\u00f3n de m\u00fasica, pel\u00edculas y podcasts.<\/li>\n<li><strong>Bater\u00eda recargable<\/strong><br \/>\nHasta 44 horas de duraci\u00f3n total de la bater\u00eda. 10 horas en Bud + 34 horas en estuche con carga r\u00e1pida<\/li>\n<li><strong>Resistente al agua y al sudor<\/strong><br \/>\nResistente al sudor, al agua y al polvo IP55<\/li>\n<li><strong>Control de voz manos libres<\/strong><br \/>\nMejora la seguridad con el modo Stay Aware. Aceptar\/rechazar llamadas manos libres.<\/li>\n<li><strong>Carga R\u00e1pida<\/strong><br \/>\n10 minutos de carga equivalen a 2 horas de tiempo de reproducci\u00f3n<\/li>\n<li><strong>Azulejo incorporado<\/strong><br \/>\nsi se pierde un auricular, simplemente puede \u00abhacer sonar\u00bb a trav\u00e9s de la aplicaci\u00f3n gratuita Tile.<\/li>\n<li><strong>Micr\u00f3fonos duales reductores de ruido<\/strong><br \/>\nProporcione una claridad de llamada clara<\/li>\n<\/ul>\n<\/div>\n","protected":false},"excerpt":{"rendered":"<p>Push Active\u2122 son nuestros aud\u00edfonos verdaderamente inal\u00e1mbricos m\u00e1s nuevos con un ajuste que no se cae.\u00a0Con control de voz manos libres, ganchos flexibles para colocar sobre las orejas y resistencia<\/p>\n","protected":false},"featured_media":83592,"comment_status":"open","ping_status":"closed","template":"","meta":{"_acf_changed":false,"_joinchat":[]},"product_brand":[],"product_cat":[294,300,304],"product_tag":[],"class_list":{"0":"post-83590","1":"product","2":"type-product","3":"status-publish","4":"has-post-thumbnail","6":"product_cat-audio","7":"product_cat-audifonos","8":"product_cat-inalambricos","10":"first","11":"instock","12":"sale","13":"shipping-taxable","14":"purchasable","15":"product-type-simple"},"acf":[],"_links":{"self":[{"href":"https:\/\/defabrica.com.mx\/defabrica\/wp-json\/wp\/v2\/product\/83590","targetHints":{"allow":["GET"]}}],"collection":[{"href":"https:\/\/defabrica.com.mx\/defabrica\/wp-json\/wp\/v2\/product"}],"about":[{"href":"https:\/\/defabrica.com.mx\/defabrica\/wp-json\/wp\/v2\/types\/product"}],"replies":[{"embeddable":true,"href":"https:\/\/defabrica.com.mx\/defabrica\/wp-json\/wp\/v2\/comments?post=83590"}],"wp:featuredmedia":[{"embeddable":true,"href":"https:\/\/defabrica.com.mx\/defabrica\/wp-json\/wp\/v2\/media\/83592"}],"wp:attachment":[{"href":"https:\/\/defabrica.com.mx\/defabrica\/wp-json\/wp\/v2\/media?parent=83590"}],"wp:term":[{"taxonomy":"product_brand","embeddable":true,"href":"https:\/\/defabrica.com.mx\/defabrica\/wp-json\/wp\/v2\/product_brand?post=83590"},{"taxonomy":"product_cat","embeddable":true,"href":"https:\/\/defabrica.com.mx\/defabrica\/wp-json\/wp\/v2\/product_cat?post=83590"},{"taxonomy":"product_tag","embeddable":true,"href":"https:\/\/defabrica.com.mx\/defabrica\/wp-json\/wp\/v2\/product_tag?post=83590"}],"curies":[{"name":"wp","href":"https:\/\/api.w.org\/{rel}","templated":true}]}}