{"id":83546,"date":"2022-06-15T20:21:10","date_gmt":"2022-06-16T01:21:10","guid":{"rendered":"https:\/\/defabrica.com.mx\/defabrica\/?post_type=product&#038;p=83546"},"modified":"2023-01-17T10:59:42","modified_gmt":"2023-01-17T16:59:42","slug":"skullcandy-set-lightning-en-el-oido-alambrico-negro-verdadero","status":"publish","type":"product","link":"https:\/\/defabrica.com.mx\/defabrica\/producto\/skullcandy-set-lightning-en-el-oido-alambrico-negro-verdadero\/","title":{"rendered":"\u00abSkullcandy &#8211; Set Lightning &#8211; En el oido  &#8211; Al\u00e1mbrico &#8211; Negro verdadero\u00bb"},"content":{"rendered":"<div class=\"embedded-component-container lv product-description\">\n<div>\n<div id=\"shop-product-description-85195327\" class=\"_none\" data-version=\"1.3.44\">\n<div class=\"shop-product-description\">\n<section class=\"align-heading-left\" data-reactroot=\"\">\n<div class=\"long-description-container body-copy \">\n<div class=\"html-fragment\">Auriculares resistentes al sudor con un ajuste seguro que le brindan m\u00fasica que puede sentir Los auriculares Skullcandy est\u00e1n personalizados para brindar m\u00fasica que puede sentir dentro y fuera de la oficina.<\/div>\n<\/div>\n<\/section>\n<\/div>\n<\/div>\n<\/div>\n<\/div>\n<div class=\"embedded-component-container lv product-features\">\n<h3><\/h3>\n<h3 class=\"heading-5 v-fw-regular feature-heading\"><strong>Caracter\u00edsticas<\/strong><\/h3>\n<ul>\n<li><strong>Resistente al sudor y al agua IPX4<\/strong><br \/>\nAuriculares resistentes al sudor con un ajuste seguro que le brindan m\u00fasica que puede sentir Los auriculares Skullcandy est\u00e1n personalizados para brindar m\u00fasica que puede sentir dentro y fuera de la oficina.<\/li>\n<li><strong>Control de llamadas y seguimiento<\/strong><br \/>\nEl juego tambi\u00e9n cuenta con un micr\u00f3fono\/control remoto en l\u00ednea de 3 botones, para que pueda controlar la m\u00fasica y las llamadas, ajustar el volumen y activar el asistente de su dispositivo con solo tocar un bot\u00f3n.<\/li>\n<\/ul>\n<\/div>\n","protected":false},"excerpt":{"rendered":"<p>Auriculares resistentes al sudor con un ajuste seguro que le brindan m\u00fasica que puede sentir Los auriculares Skullcandy est\u00e1n personalizados para brindar m\u00fasica que puede sentir dentro y fuera de<\/p>\n","protected":false},"featured_media":83548,"comment_status":"open","ping_status":"closed","template":"","meta":{"_acf_changed":false,"_joinchat":[]},"product_brand":[],"product_cat":[294,300,736],"product_tag":[],"class_list":{"0":"post-83546","1":"product","2":"type-product","3":"status-publish","4":"has-post-thumbnail","6":"product_cat-audio","7":"product_cat-audifonos","8":"product_cat-alambricos","10":"first","11":"instock","12":"sale","13":"shipping-taxable","14":"purchasable","15":"product-type-simple"},"acf":[],"_links":{"self":[{"href":"https:\/\/defabrica.com.mx\/defabrica\/wp-json\/wp\/v2\/product\/83546","targetHints":{"allow":["GET"]}}],"collection":[{"href":"https:\/\/defabrica.com.mx\/defabrica\/wp-json\/wp\/v2\/product"}],"about":[{"href":"https:\/\/defabrica.com.mx\/defabrica\/wp-json\/wp\/v2\/types\/product"}],"replies":[{"embeddable":true,"href":"https:\/\/defabrica.com.mx\/defabrica\/wp-json\/wp\/v2\/comments?post=83546"}],"wp:featuredmedia":[{"embeddable":true,"href":"https:\/\/defabrica.com.mx\/defabrica\/wp-json\/wp\/v2\/media\/83548"}],"wp:attachment":[{"href":"https:\/\/defabrica.com.mx\/defabrica\/wp-json\/wp\/v2\/media?parent=83546"}],"wp:term":[{"taxonomy":"product_brand","embeddable":true,"href":"https:\/\/defabrica.com.mx\/defabrica\/wp-json\/wp\/v2\/product_brand?post=83546"},{"taxonomy":"product_cat","embeddable":true,"href":"https:\/\/defabrica.com.mx\/defabrica\/wp-json\/wp\/v2\/product_cat?post=83546"},{"taxonomy":"product_tag","embeddable":true,"href":"https:\/\/defabrica.com.mx\/defabrica\/wp-json\/wp\/v2\/product_tag?post=83546"}],"curies":[{"name":"wp","href":"https:\/\/api.w.org\/{rel}","templated":true}]}}