{"id":83527,"date":"2022-06-15T20:06:36","date_gmt":"2022-06-16T01:06:36","guid":{"rendered":"https:\/\/defabrica.com.mx\/defabrica\/?post_type=product&#038;p=83527"},"modified":"2023-01-17T10:57:59","modified_gmt":"2023-01-17T16:57:59","slug":"skullcandy-hesh-anc-sobre-la-oreja-auriculares-inalambricos-con-cancelacion-de-ruido-negro-verdadero","status":"publish","type":"product","link":"https:\/\/defabrica.com.mx\/defabrica\/producto\/skullcandy-hesh-anc-sobre-la-oreja-auriculares-inalambricos-con-cancelacion-de-ruido-negro-verdadero\/","title":{"rendered":"Skullcandy &#8211; Hesh ANC &#8211;  Sobre la oreja- Auriculares inal\u00e1mbricos con cancelaci\u00f3n de ruido &#8211; Negro verdadero"},"content":{"rendered":"<div class=\"embedded-component-container lv product-description\">\n<div>\n<div id=\"shop-product-description-61861120\" class=\"_none\" data-version=\"1.3.44\">\n<div class=\"shop-product-description\">\n<section class=\"align-heading-left\" data-reactroot=\"\">\n<div class=\"long-description-container body-copy \">\n<div class=\"html-fragment\">Conozca los inigualables auriculares con cancelaci\u00f3n de ruido de todos los d\u00edas para las personas que quieren mantener las cosas simples.\u00a0Hesh ANC est\u00e1 dise\u00f1ado con la cantidad justa de funciones adicionales para hacer su vida un poco m\u00e1s f\u00e1cil sin una gran cantidad de tecnolog\u00eda adicional que quiz\u00e1s no necesite.<\/div>\n<\/div>\n<\/section>\n<\/div>\n<\/div>\n<\/div>\n<\/div>\n<div class=\"embedded-component-container lv product-features\">\n<h3><\/h3>\n<h3 class=\"heading-5 v-fw-regular feature-heading\"><strong>Caracter\u00edsticas<\/strong><\/h3>\n<ul>\n<li><strong>Cancelaci\u00f3n de ruido activa h\u00edbrida digital de 4 micr\u00f3fonos<\/strong><br \/>\nHesh ANC ofrece una experiencia de cancelaci\u00f3n activa de ruido digital de 4 micr\u00f3fonos que rivaliza con todo lo que existe.<\/li>\n<li><strong>Tecnolog\u00eda inal\u00e1mbrica Bluetooth\u00ae<\/strong><br \/>\nPara una conexi\u00f3n perfecta.<\/li>\n<li><strong>Simplicidad inal\u00e1mbrica con Noise Cancelling.<\/strong><br \/>\nAc\u00fastica refinada y cancelaci\u00f3n activa de ruido digital<\/li>\n<li><strong>Carga R\u00e1pida<\/strong><br \/>\nHasta 22 Horas de Bater\u00eda con Carga R\u00e1pida: 10 Minutos = 3 Horas<\/li>\n<li><strong>Control de llamadas, seguimiento y volumen<\/strong><br \/>\nHesh ANC est\u00e1 dise\u00f1ado con la cantidad justa de funciones adicionales para hacer su vida un poco m\u00e1s f\u00e1cil, sin mucha tecnolog\u00eda adicional que quiz\u00e1s no necesite.<\/li>\n<li><strong>Dise\u00f1o plegable<\/strong><br \/>\nAjuste de aislamiento de ruido y plegable.<\/li>\n<\/ul>\n<\/div>\n","protected":false},"excerpt":{"rendered":"<p>Conozca los inigualables auriculares con cancelaci\u00f3n de ruido de todos los d\u00edas para las personas que quieren mantener las cosas simples.\u00a0Hesh ANC est\u00e1 dise\u00f1ado con la cantidad justa de funciones<\/p>\n","protected":false},"featured_media":83529,"comment_status":"open","ping_status":"closed","template":"","meta":{"_acf_changed":false,"_joinchat":[]},"product_brand":[],"product_cat":[294,300,304],"product_tag":[],"class_list":{"0":"post-83527","1":"product","2":"type-product","3":"status-publish","4":"has-post-thumbnail","6":"product_cat-audio","7":"product_cat-audifonos","8":"product_cat-inalambricos","10":"first","11":"instock","12":"sale","13":"shipping-taxable","14":"purchasable","15":"product-type-simple"},"acf":[],"_links":{"self":[{"href":"https:\/\/defabrica.com.mx\/defabrica\/wp-json\/wp\/v2\/product\/83527","targetHints":{"allow":["GET"]}}],"collection":[{"href":"https:\/\/defabrica.com.mx\/defabrica\/wp-json\/wp\/v2\/product"}],"about":[{"href":"https:\/\/defabrica.com.mx\/defabrica\/wp-json\/wp\/v2\/types\/product"}],"replies":[{"embeddable":true,"href":"https:\/\/defabrica.com.mx\/defabrica\/wp-json\/wp\/v2\/comments?post=83527"}],"wp:featuredmedia":[{"embeddable":true,"href":"https:\/\/defabrica.com.mx\/defabrica\/wp-json\/wp\/v2\/media\/83529"}],"wp:attachment":[{"href":"https:\/\/defabrica.com.mx\/defabrica\/wp-json\/wp\/v2\/media?parent=83527"}],"wp:term":[{"taxonomy":"product_brand","embeddable":true,"href":"https:\/\/defabrica.com.mx\/defabrica\/wp-json\/wp\/v2\/product_brand?post=83527"},{"taxonomy":"product_cat","embeddable":true,"href":"https:\/\/defabrica.com.mx\/defabrica\/wp-json\/wp\/v2\/product_cat?post=83527"},{"taxonomy":"product_tag","embeddable":true,"href":"https:\/\/defabrica.com.mx\/defabrica\/wp-json\/wp\/v2\/product_tag?post=83527"}],"curies":[{"name":"wp","href":"https:\/\/api.w.org\/{rel}","templated":true}]}}