{"id":83504,"date":"2022-06-15T19:48:45","date_gmt":"2022-06-16T00:48:45","guid":{"rendered":"https:\/\/defabrica.com.mx\/defabrica\/?post_type=product&#038;p=83504"},"modified":"2023-01-17T10:56:29","modified_gmt":"2023-01-17T16:56:29","slug":"sony-wf-1000xm4cancelacion-de-ruido-inalambrica-verdadera-auriculares-internos-negro","status":"publish","type":"product","link":"https:\/\/defabrica.com.mx\/defabrica\/producto\/sony-wf-1000xm4cancelacion-de-ruido-inalambrica-verdadera-auriculares-internos-negro\/","title":{"rendered":"Sony &#8211; WF-1000XM4Cancelaci\u00f3n de ruido inal\u00e1mbrica verdadera Auriculares internos &#8211; Negro"},"content":{"rendered":"<div class=\"embedded-component-container lv product-description\">\n<div>\n<div id=\"shop-product-description-71597281\" class=\"_none\" data-version=\"1.3.44\">\n<div class=\"shop-product-description\">\n<section class=\"align-heading-left\" data-reactroot=\"\">\n<div class=\"long-description-container body-copy \">\n<div class=\"html-fragment\">D\u00e9 el siguiente paso en un rendimiento de cancelaci\u00f3n de ruido verdaderamente inal\u00e1mbrico y una calidad de sonido excepcional.\u00a0El nuevo procesador integrado V1 ofrece un rendimiento inigualable con un consumo de energ\u00eda a\u00fan menor.\u00a0Agregando una calidad de llamada dr\u00e1sticamente mejorada, resistencia al agua IPX4 y hasta 24 horas de duraci\u00f3n de la bater\u00eda con carga inal\u00e1mbrica.<\/div>\n<\/div>\n<\/section>\n<\/div>\n<\/div>\n<\/div>\n<\/div>\n<div class=\"embedded-component-container lv product-features\">\n<h3><\/h3>\n<h3 class=\"heading-5 v-fw-regular feature-heading\"><strong>Caracter\u00edsticas<\/strong><\/h3>\n<ul>\n<li><strong>Cancelaci\u00f3n de ruido digital l\u00edder en la industria<\/strong><br \/>\nWF-1000XM4 ha sido redise\u00f1ado desde cero. Como nuestro nuevo procesador integrado V1, que cancela m\u00e1s ruido que nunca, nuevo controlador con m\u00e1s rendimiento, micr\u00f3fonos de detecci\u00f3n de ruido de nuevo dise\u00f1o y almohadillas para orejas con aislamiento de ruido con un ajuste m\u00e1s estable<\/li>\n<li><strong>Procesador integrado V1<\/strong><br \/>\nDesarrollado especialmente por Sony, nuestro nuevo procesador integrado V1 toma el rendimiento de cancelaci\u00f3n de ruido de nuestro aclamado chip QN1e y va a\u00fan m\u00e1s all\u00e1. El rendimiento mejorado de cancelaci\u00f3n de ruido y la tecnolog\u00eda Bluetooth ofrecen el nivel m\u00e1s alto de cancelaci\u00f3n de ruido de la industria.<\/li>\n<li><strong>Calidad de sonido excepcional<\/strong><br \/>\nAdmite audio de alta resoluci\u00f3n inal\u00e1mbrico, gracias a los controladores de 6 mm especialmente dise\u00f1ados que reproducen un sonido din\u00e1mico a pesar de su peque\u00f1o tama\u00f1o. El procesador integrado V1 mejora la calidad del sonido, reduce la distorsi\u00f3n y permite el procesamiento de c\u00f3dec LDAC y DSEE Extreme.<\/li>\n<li><strong>Disfruta de audio de alta resoluci\u00f3n sin cables<\/strong><br \/>\nAdmite audio inal\u00e1mbrico de alta resoluci\u00f3n, gracias a LDAC, nuestra tecnolog\u00eda de codificaci\u00f3n de audio adoptada por la industria. LDAC transmite aproximadamente tres veces m\u00e1s datos que el audio Bluetooth convencional, lo que le permite disfrutar de contenido de audio de alta resoluci\u00f3n con una calidad excepcional.<\/li>\n<li><strong>Los micr\u00f3fonos de formaci\u00f3n de haces captan cada palabra<\/strong><br \/>\nLos micr\u00f3fonos de formaci\u00f3n de haces est\u00e1n calibrados para captar solo los sonidos de la boca. Con una relaci\u00f3n se\u00f1al-ruido mejorada, captar\u00e1n cada palabra, incluso cuando haya mucho ruido a tu alrededor.<\/li>\n<li><strong>Detecta las vibraciones del habla para mejorar la claridad<\/strong><br \/>\nUn sensor de conducci\u00f3n \u00f3sea capta las vibraciones de su voz sin registrar el sonido ambiental, lo que permite un habla a\u00fan m\u00e1s clara al hacer llamadas.<\/li>\n<li><strong>Personaliza el sonido<\/strong><br \/>\nCon la aplicaci\u00f3n Sony Headphones Connect, Ambient Sound Control te permite ajustar el volumen del sonido de fondo y te da la opci\u00f3n de permitir que solo se escuchen las voces. Mientras tanto, el ecualizador te permite personalizar los niveles de sonido para adaptarlos a tu m\u00fasica.<\/li>\n<li><strong>Restauraci\u00f3n en tiempo real de todos sus archivos comprimidos<\/strong><br \/>\nUsando Edge-AI, DSEE Extreme mejora los archivos de m\u00fasica digital comprimidos en tiempo real. Reconocimiento din\u00e1mico de instrumentaci\u00f3n, g\u00e9neros musicales y elementos individuales de cada canci\u00f3n para una experiencia auditiva m\u00e1s completa.<\/li>\n<li><strong>F\u00e1cil carga inal\u00e1mbrica con tecnolog\u00eda Qi<\/strong><br \/>\nNo se necesitan cables: el WF-1000XM4 cuenta con tecnolog\u00eda Qi para una f\u00e1cil carga inal\u00e1mbrica. Incluso puede usar un tel\u00e9fono inteligente con tecnolog\u00eda Qi, como los \u00faltimos modelos Xperia con carga inal\u00e1mbrica inversa, para cargar sus auriculares y estuche de carga.<\/li>\n<li><strong>Escucha todo el d\u00eda, carga en minutos<\/strong><br \/>\nPodr\u00e1s disfrutar de una jornada laboral completa de carga -8 horas- desde tus auriculares y almacenar otras 16 horas en el estuche. Eso significa 24 horas completas de tiempo de escucha cada vez que sale de la casa.<\/li>\n<li><strong>Micr\u00f3fonos con sensor de ruido dual de alto rendimiento<\/strong><br \/>\nDos micr\u00f3fonos con sensor de ruido por auricular, uno orientado hacia adelante y otro hacia atr\u00e1s, captan m\u00e1s sonido ambiental a tu alrededor. Esto significa una cancelaci\u00f3n de ruido m\u00e1s estable y menos distorsi\u00f3n a cualquier volumen.<\/li>\n<li><strong>Nueva unidad de controlador de 6 mm<\/strong><br \/>\nUna unidad de controlador de 6 mm de nuevo dise\u00f1o, que presenta un aumento del 20% en el volumen del im\u00e1n, le brinda un rendimiento mejorado en bajas frecuencias. Tambi\u00e9n mejora la cancelaci\u00f3n de ruido al generar una se\u00f1al de cancelaci\u00f3n de alta precisi\u00f3n en el rango de baja frecuencia.<\/li>\n<li><strong>Minimizar el ruido del viento<\/strong><br \/>\nIncluso en d\u00edas ventosos, permanecer\u00e1s totalmente inmerso. El modo de reducci\u00f3n autom\u00e1tica del ruido del viento detecta cuando hay viento y suprime autom\u00e1ticamente el ruido del viento para una cancelaci\u00f3n de ruido m\u00e1s efectiva.<\/li>\n<li><strong>Resistente al agua para el uso diario.<\/strong><br \/>\nCon una clasificaci\u00f3n de resistencia al agua IPX4, las salpicaduras y el sudor no detendr\u00e1n estos auriculares, para que pueda seguir movi\u00e9ndose con la m\u00fasica.<\/li>\n<li><strong>asistente de voz<\/strong><br \/>\nObtenga ayuda manos libres. Simplemente diga \u00abHey Google\u00bb o \u00abAlexa\u00bb para activar su asistente de voz preferido. Puede administrar su d\u00eda e incluso controlar sus auriculares con comandos como \u00abDesactivar la cancelaci\u00f3n de ruido\u00bb<\/li>\n<li><strong>F\u00e1cil emparejamiento con su computadora<\/strong><br \/>\nSwift Pair hace que sea r\u00e1pido y f\u00e1cil emparejar sus auriculares WF-1000XM4 con su computadora port\u00e1til, computadora de escritorio o tableta con Windows 10. La gu\u00eda de emparejamiento emergente aparece en los dispositivos Windows 10 cercanos cuando se selecciona el modo de emparejamiento.<\/li>\n<li><strong>Una se\u00f1al Bluetooth m\u00e1s clara y estable<\/strong><br \/>\nLa optimizaci\u00f3n del algoritmo de transmisi\u00f3n con el Integrated Processor V1 ha hecho que la conexi\u00f3n sea m\u00e1s estable y menos propensa a saltos de sonido, incluso en un entorno donde hay interferencia.<\/li>\n<li><strong>Dise\u00f1o de superficie ergon\u00f3mica<\/strong><br \/>\nDesde la presentaci\u00f3n de los primeros auriculares internos del mundo en 1982, hemos examinado una gran cantidad de datos relacionados con las formas de las orejas de todo el mundo. Los WF1000XM4 son el producto de esa investigaci\u00f3n, combinando una forma que se adapta a la cavidad del o\u00eddo con un nuevo dise\u00f1o de superficie ergon\u00f3mica.<\/li>\n<li><strong>Puntas para auriculares con aislamiento de ruido<\/strong><br \/>\nLas puntas para auriculares con aislamiento de ruido recientemente desarrolladas cuentan con un material de espuma de poliuretano \u00fanico. Suave y el\u00e1stico, maximiza el \u00e1rea de contacto de la superficie entre la punta del auricular y el canal auditivo, eliminando espacios para aislar el sonido y reducir el ruido.<\/li>\n<li><strong>Todo est\u00e1 a tu alcance<\/strong><br \/>\nLos auriculares WF-1000XM4 cuentan con configuraciones intuitivas de control t\u00e1ctil; por ejemplo, toca el auricular izquierdo para cambiar de Noise Cancelling a Ambient Sound y toca prolongadamente para Atenci\u00f3n r\u00e1pida, o toca dos veces a la derecha para pasar a la siguiente pista.<\/li>\n<li><strong>Pausa instant\u00e1nea. Juego instant\u00e1neo<\/strong><br \/>\nSimplemente qu\u00edtese los auriculares y la m\u00fasica se detendr\u00e1: un sensor de proximidad sabe cu\u00e1ndo est\u00e1 usando uno o ambos auriculares. Vuelva a colocarse los auriculares y la m\u00fasica comenzar\u00e1 de nuevo.<\/li>\n<li><strong>Habla m\u00e1s inteligente, escucha m\u00e1s inteligente<\/strong><br \/>\nTan pronto como hable con alguien, Speak-to-Chat detiene autom\u00e1ticamente la m\u00fasica y deja entrar el sonido ambiental para que pueda mantener una conversaci\u00f3n, \u00fatil si desea mantener los auriculares puestos o si tiene las manos ocupadas.<\/li>\n<\/ul>\n<\/div>\n","protected":false},"excerpt":{"rendered":"<p>D\u00e9 el siguiente paso en un rendimiento de cancelaci\u00f3n de ruido verdaderamente inal\u00e1mbrico y una calidad de sonido excepcional.\u00a0El nuevo procesador integrado V1 ofrece un rendimiento inigualable con un consumo<\/p>\n","protected":false},"featured_media":83506,"comment_status":"open","ping_status":"closed","template":"","meta":{"_acf_changed":false,"_joinchat":[]},"product_brand":[],"product_cat":[294,300,304],"product_tag":[],"class_list":{"0":"post-83504","1":"product","2":"type-product","3":"status-publish","4":"has-post-thumbnail","6":"product_cat-audio","7":"product_cat-audifonos","8":"product_cat-inalambricos","10":"first","11":"instock","12":"sale","13":"shipping-taxable","14":"purchasable","15":"product-type-simple"},"acf":[],"_links":{"self":[{"href":"https:\/\/defabrica.com.mx\/defabrica\/wp-json\/wp\/v2\/product\/83504","targetHints":{"allow":["GET"]}}],"collection":[{"href":"https:\/\/defabrica.com.mx\/defabrica\/wp-json\/wp\/v2\/product"}],"about":[{"href":"https:\/\/defabrica.com.mx\/defabrica\/wp-json\/wp\/v2\/types\/product"}],"replies":[{"embeddable":true,"href":"https:\/\/defabrica.com.mx\/defabrica\/wp-json\/wp\/v2\/comments?post=83504"}],"wp:featuredmedia":[{"embeddable":true,"href":"https:\/\/defabrica.com.mx\/defabrica\/wp-json\/wp\/v2\/media\/83506"}],"wp:attachment":[{"href":"https:\/\/defabrica.com.mx\/defabrica\/wp-json\/wp\/v2\/media?parent=83504"}],"wp:term":[{"taxonomy":"product_brand","embeddable":true,"href":"https:\/\/defabrica.com.mx\/defabrica\/wp-json\/wp\/v2\/product_brand?post=83504"},{"taxonomy":"product_cat","embeddable":true,"href":"https:\/\/defabrica.com.mx\/defabrica\/wp-json\/wp\/v2\/product_cat?post=83504"},{"taxonomy":"product_tag","embeddable":true,"href":"https:\/\/defabrica.com.mx\/defabrica\/wp-json\/wp\/v2\/product_tag?post=83504"}],"curies":[{"name":"wp","href":"https:\/\/api.w.org\/{rel}","templated":true}]}}