{"id":83497,"date":"2022-06-15T19:43:30","date_gmt":"2022-06-16T00:43:30","guid":{"rendered":"https:\/\/defabrica.com.mx\/defabrica\/?post_type=product&#038;p=83497"},"modified":"2023-01-15T15:59:00","modified_gmt":"2023-01-15T21:59:00","slug":"sony-wf-c500-audifonos-internos-inalambricos-verdaderos-negro","status":"publish","type":"product","link":"https:\/\/defabrica.com.mx\/defabrica\/producto\/sony-wf-c500-audifonos-internos-inalambricos-verdaderos-negro\/","title":{"rendered":"Sony &#8211; WF-C500 Aud\u00edfonos internos inal\u00e1mbricos verdaderos &#8211; Negro"},"content":{"rendered":"<div class=\"embedded-component-container lv product-description\">\n<div>\n<div id=\"shop-product-description-8290550\" class=\"_none\" data-version=\"1.3.44\">\n<div class=\"shop-product-description\">\n<section class=\"align-heading-left\" data-reactroot=\"\">\n<div class=\"long-description-container body-copy \">\n<div class=\"html-fragment\">Descubra la libertad de la conectividad Bluetooth con los auriculares compactos verdaderamente inal\u00e1mbricos WF-C500, que combinan un sonido sin concesiones con una gran duraci\u00f3n de la bater\u00eda, personalizaci\u00f3n y resistencia al agua IPX4 para escuchar m\u00fasica en cualquier lugar.<\/div>\n<\/div>\n<\/section>\n<\/div>\n<\/div>\n<\/div>\n<\/div>\n<div class=\"embedded-component-container lv product-features\">\n<h3><\/h3>\n<h3 class=\"heading-5 v-fw-regular feature-heading\"><strong>Caracter\u00edsticas<\/strong><\/h3>\n<div class=\"feature-body-container\">\n<div class=\"features-list-container\">\n<div class=\"list-row\">\n<ul>\n<li><strong>Haz que tu m\u00fasica sea m\u00e1s natural<\/strong><br \/>\nCuando se comprime una fuente de m\u00fasica original, pierde los elementos de alta frecuencia que agregan detalle y riqueza a una pista. Nuestro motor de mejora de sonido digital (DSEE) los restaura fielmente para producir un sonido de alta calidad m\u00e1s cercano a la grabaci\u00f3n original.<\/li>\n<li><strong>Escuche durante horas, cargue en minutos<\/strong><br \/>\nDisfruta de hasta 20 horas de escucha gracias al pr\u00e1ctico estuche de carga. \u00bfApurado? Una carga r\u00e1pida de 10 minutos le brinda hasta una hora de tiempo de juego adicional.<\/li>\n<li><strong>Salpicaduras y sudor, no hay problema<\/strong><br \/>\nCon una clasificaci\u00f3n de resistencia al agua IPX4, las salpicaduras y el sudor no detendr\u00e1n estos auriculares, para que pueda seguir movi\u00e9ndose con la m\u00fasica.<\/li>\n<li><strong>Llamadas manos libres m\u00e1s f\u00e1ciles y claras<\/strong><br \/>\nLa conversaci\u00f3n fluye libremente con llamadas manos libres f\u00e1ciles, ahora m\u00e1s claras que nunca con un micr\u00f3fono incorporado de alta calidad. Ni siquiera tendr\u00e1s que sacar tu tel\u00e9fono de tu bolsillo.<\/li>\n<li><strong>Peque\u00f1o y ligero, un gran ajuste<\/strong><br \/>\nCon un dise\u00f1o peque\u00f1o, estos auriculares se ajustan de forma segura y c\u00f3moda a tus o\u00eddos. La forma redondeada sin bordes hace que sea un placer usarlos, dej\u00e1ndote libre para concentrarte en lo que importa: tu m\u00fasica.<\/li>\n<li><strong>Ve a cualquier lugar, estuche de bolsillo<\/strong><br \/>\nEl estuche de carga cil\u00edndrico es extremadamente peque\u00f1o y f\u00e1cil de transportar en un bolsillo o bolso para que pueda llevar sus auriculares donde quiera que vaya. Su tapa transl\u00facida con una textura similar al vidrio esmerilado le da al estuche una apariencia elegante y lujosa.<\/li>\n<li><strong>Dise\u00f1o de superficie ergon\u00f3mica<\/strong><br \/>\nDesde la presentaci\u00f3n de los primeros auriculares internos en 1982, hemos examinado una gran cantidad de datos relacionados con las formas de las orejas de todo el mundo. Los auriculares WF-C500 son el producto de esa investigaci\u00f3n y combinan una forma que se adapta a la cavidad del o\u00eddo con un nuevo dise\u00f1o de superficie ergon\u00f3mica.<\/li>\n<li><strong>Tu sonido, tal como te gusta<\/strong><br \/>\nAdapte el sonido a sus preferencias personales. Elija entre una variedad de ajustes preestablecidos para hacer coincidir la calidad del sonido con el g\u00e9nero de m\u00fasica que est\u00e1 escuchando. O cree y guarde sus propios ajustes preestablecidos con la funci\u00f3n EQ Custom en la aplicaci\u00f3n Sony \u2502 Headphones Connect.<\/li>\n<li><strong>Un auricular, ideal para multitarea<\/strong><br \/>\nSi desea escuchar su m\u00fasica sin dejar de tener una conversaci\u00f3n, retire solo un auricular del estuche de carga y util\u00edcelo normalmente.<\/li>\n<li><strong>Operaci\u00f3n f\u00e1cil con botones<\/strong><br \/>\nLos botones de los auriculares WF-C500 no solo le permiten reproducir, detener o saltar pistas y ajustar el volumen, sino que tambi\u00e9n ofrecen una manera f\u00e1cil de acceder al asistente de voz de su tel\u00e9fono inteligente y hacer y recibir llamadas con manos libres.<\/li>\n<li><strong>Tan inmersivo. Tan real.<\/strong><br \/>\nSum\u00e9rgete en el sonido a tu alrededor. Tan real como si estuvieras en un concierto en vivo o con el artista grabando en un estudio. Con 360 Reality Audio, la m\u00fasica nunca ha sido tan envolvente y real.6 Estos auriculares te permiten disfrutar de 360 \u200b\u200bReality Audio.<\/li>\n<\/ul>\n<\/div>\n<\/div>\n<\/div>\n<\/div>\n","protected":false},"excerpt":{"rendered":"<p>Descubra la libertad de la conectividad Bluetooth con los auriculares compactos verdaderamente inal\u00e1mbricos WF-C500, que combinan un sonido sin concesiones con una gran duraci\u00f3n de la bater\u00eda, personalizaci\u00f3n y resistencia<\/p>\n","protected":false},"featured_media":83499,"comment_status":"open","ping_status":"closed","template":"","meta":{"_acf_changed":false,"_joinchat":[]},"product_brand":[],"product_cat":[294,300,304],"product_tag":[],"class_list":{"0":"post-83497","1":"product","2":"type-product","3":"status-publish","4":"has-post-thumbnail","6":"product_cat-audio","7":"product_cat-audifonos","8":"product_cat-inalambricos","10":"first","11":"instock","12":"sale","13":"shipping-taxable","14":"purchasable","15":"product-type-simple"},"acf":[],"_links":{"self":[{"href":"https:\/\/defabrica.com.mx\/defabrica\/wp-json\/wp\/v2\/product\/83497","targetHints":{"allow":["GET"]}}],"collection":[{"href":"https:\/\/defabrica.com.mx\/defabrica\/wp-json\/wp\/v2\/product"}],"about":[{"href":"https:\/\/defabrica.com.mx\/defabrica\/wp-json\/wp\/v2\/types\/product"}],"replies":[{"embeddable":true,"href":"https:\/\/defabrica.com.mx\/defabrica\/wp-json\/wp\/v2\/comments?post=83497"}],"wp:featuredmedia":[{"embeddable":true,"href":"https:\/\/defabrica.com.mx\/defabrica\/wp-json\/wp\/v2\/media\/83499"}],"wp:attachment":[{"href":"https:\/\/defabrica.com.mx\/defabrica\/wp-json\/wp\/v2\/media?parent=83497"}],"wp:term":[{"taxonomy":"product_brand","embeddable":true,"href":"https:\/\/defabrica.com.mx\/defabrica\/wp-json\/wp\/v2\/product_brand?post=83497"},{"taxonomy":"product_cat","embeddable":true,"href":"https:\/\/defabrica.com.mx\/defabrica\/wp-json\/wp\/v2\/product_cat?post=83497"},{"taxonomy":"product_tag","embeddable":true,"href":"https:\/\/defabrica.com.mx\/defabrica\/wp-json\/wp\/v2\/product_tag?post=83497"}],"curies":[{"name":"wp","href":"https:\/\/api.w.org\/{rel}","templated":true}]}}