{"id":83475,"date":"2022-06-15T18:58:33","date_gmt":"2022-06-15T23:58:33","guid":{"rendered":"https:\/\/defabrica.com.mx\/defabrica\/?post_type=product&#038;p=83475"},"modified":"2023-01-15T15:58:08","modified_gmt":"2023-01-15T21:58:08","slug":"sony-auriculares-inalambricos-con-cancelacion-de-ruido-wh-1000xm5-para-colocar-sobre-las-orejas-negro","status":"publish","type":"product","link":"https:\/\/defabrica.com.mx\/defabrica\/producto\/sony-auriculares-inalambricos-con-cancelacion-de-ruido-wh-1000xm5-para-colocar-sobre-las-orejas-negro\/","title":{"rendered":"Sony &#8211; Auriculares inal\u00e1mbricos con cancelaci\u00f3n de ruido WH-1000XM5 para colocar sobre las orejas &#8211; Negro"},"content":{"rendered":"<div class=\"embedded-component-container lv product-description\">\n<div>\n<div id=\"shop-product-description-34965282\" class=\"_none\" data-version=\"1.3.44\">\n<div class=\"shop-product-description\">\n<section class=\"align-heading-left\" data-reactroot=\"\">\n<div class=\"long-description-container body-copy \">\n<div class=\"html-fragment\">Los auriculares WH-1000XM5 reescriben las reglas para escuchar sin distracciones.\u00a0Dos procesadores controlan 8 micr\u00f3fonos para una cancelaci\u00f3n de ruido sin precedentes y una calidad de llamada excepcional.<\/div>\n<\/div>\n<\/section>\n<\/div>\n<\/div>\n<\/div>\n<\/div>\n<div class=\"embedded-component-container lv product-features\">\n<h3><\/h3>\n<h3 class=\"heading-5 v-fw-regular feature-heading\"><strong>Caracter\u00edsticas<\/strong><\/h3>\n<ul>\n<li><strong>Cancelaci\u00f3n activa de ruido<\/strong><br \/>\nDesde el ruido de los aviones hasta las voces de las personas, nuestros auriculares inal\u00e1mbricos WH-1000XM5 con cancelaci\u00f3n de ruido de m\u00faltiples micr\u00f3fonos evitan m\u00e1s que nunca los sonidos de frecuencia alta y media.<\/li>\n<li><strong>Magn\u00edfico sonido, dise\u00f1ado a la perfecci\u00f3n.<\/strong><br \/>\nLa unidad de controlador ligera y r\u00edgida dise\u00f1ada con precisi\u00f3n mejora la sensibilidad de alta frecuencia para una calidad de sonido m\u00e1s natural.<\/li>\n<li><strong>Llamadas manos libres n\u00edtidas<\/strong><br \/>\nCon la tecnolog\u00eda Precise Voice Pickup y el procesamiento avanzado de se\u00f1ales de audio, la persona al otro lado de la llamada escuchar\u00e1 su voz con claridad, incluso cuando se encuentre en situaciones ruidosas.<\/li>\n<li><strong>Energ\u00eda durante todo el d\u00eda y carga r\u00e1pida<\/strong><br \/>\nCon hasta 30 horas de duraci\u00f3n de la bater\u00eda, tendr\u00e1s energ\u00eda suficiente incluso para viajes largos. Si necesita cargar r\u00e1pidamente, puede obtener 3 horas de carga despu\u00e9s de solo 3 minutos con un adaptador de CA compatible con USB-PD adicional.<\/li>\n<li><strong>Comodidad durante todo el d\u00eda con un dise\u00f1o elegante.<\/strong><br \/>\nEstos aud\u00edfonos livianos tienen un hermoso acabado en cuero de ajuste suave recientemente desarrollado. Este material se ajusta c\u00f3modamente alrededor de la cabeza con menos presi\u00f3n sobre los o\u00eddos y evita los sonidos externos.<\/li>\n<li><strong>Conexi\u00f3n multipunto<\/strong><br \/>\nPara mayor comodidad, estos auriculares Bluetooth se pueden emparejar con dos dispositivos Bluetooth al mismo tiempo. Entonces, cuando entra una llamada, sus auriculares saben qu\u00e9 dispositivo est\u00e1 sonando y se conectan autom\u00e1ticamente al correcto.<\/li>\n<li><strong>Hablar para chatear<\/strong><br \/>\nTan pronto como inicia una conversaci\u00f3n, Speak-to-Chat detiene autom\u00e1ticamente su m\u00fasica y deja entrar el sonido ambiental, \u00fatil si desea mantener los auriculares puestos o hablar con las manos libres.<\/li>\n<li><strong>El estuche plegable ahorra espacio<\/strong><br \/>\nLleva tus auriculares sin esfuerzo en el estuche redise\u00f1ado.<\/li>\n<li><strong>Pausa instant\u00e1nea. Juego instant\u00e1neo.<\/strong><br \/>\nSimplemente qu\u00edtese los auriculares y la m\u00fasica se detendr\u00e1: un sensor capacitivo sabe cu\u00e1ndo los est\u00e1 usando. Tambi\u00e9n ayuda a mejorar la precisi\u00f3n de detecci\u00f3n y el dise\u00f1o. Vuelve a ponerte los auriculares y la m\u00fasica empieza de nuevo.<\/li>\n<\/ul>\n<\/div>\n","protected":false},"excerpt":{"rendered":"<p>Los auriculares WH-1000XM5 reescriben las reglas para escuchar sin distracciones.\u00a0Dos procesadores controlan 8 micr\u00f3fonos para una cancelaci\u00f3n de ruido sin precedentes y una calidad de llamada excepcional. Caracter\u00edsticas Cancelaci\u00f3n activa<\/p>\n","protected":false},"featured_media":83478,"comment_status":"open","ping_status":"closed","template":"","meta":{"_acf_changed":false,"_joinchat":[]},"product_brand":[],"product_cat":[294,300,304],"product_tag":[],"class_list":{"0":"post-83475","1":"product","2":"type-product","3":"status-publish","4":"has-post-thumbnail","6":"product_cat-audio","7":"product_cat-audifonos","8":"product_cat-inalambricos","10":"first","11":"instock","12":"sale","13":"shipping-taxable","14":"purchasable","15":"product-type-simple"},"acf":[],"_links":{"self":[{"href":"https:\/\/defabrica.com.mx\/defabrica\/wp-json\/wp\/v2\/product\/83475","targetHints":{"allow":["GET"]}}],"collection":[{"href":"https:\/\/defabrica.com.mx\/defabrica\/wp-json\/wp\/v2\/product"}],"about":[{"href":"https:\/\/defabrica.com.mx\/defabrica\/wp-json\/wp\/v2\/types\/product"}],"replies":[{"embeddable":true,"href":"https:\/\/defabrica.com.mx\/defabrica\/wp-json\/wp\/v2\/comments?post=83475"}],"wp:featuredmedia":[{"embeddable":true,"href":"https:\/\/defabrica.com.mx\/defabrica\/wp-json\/wp\/v2\/media\/83478"}],"wp:attachment":[{"href":"https:\/\/defabrica.com.mx\/defabrica\/wp-json\/wp\/v2\/media?parent=83475"}],"wp:term":[{"taxonomy":"product_brand","embeddable":true,"href":"https:\/\/defabrica.com.mx\/defabrica\/wp-json\/wp\/v2\/product_brand?post=83475"},{"taxonomy":"product_cat","embeddable":true,"href":"https:\/\/defabrica.com.mx\/defabrica\/wp-json\/wp\/v2\/product_cat?post=83475"},{"taxonomy":"product_tag","embeddable":true,"href":"https:\/\/defabrica.com.mx\/defabrica\/wp-json\/wp\/v2\/product_tag?post=83475"}],"curies":[{"name":"wp","href":"https:\/\/api.w.org\/{rel}","templated":true}]}}