{"id":83438,"date":"2022-06-15T18:35:10","date_gmt":"2022-06-15T23:35:10","guid":{"rendered":"https:\/\/defabrica.com.mx\/defabrica\/?post_type=product&#038;p=83438"},"modified":"2023-01-15T15:56:00","modified_gmt":"2023-01-15T21:56:00","slug":"sony-auriculares-inalambricos-abiertos-linkbuds-true-gris-oscuro","status":"publish","type":"product","link":"https:\/\/defabrica.com.mx\/defabrica\/producto\/sony-auriculares-inalambricos-abiertos-linkbuds-true-gris-oscuro\/","title":{"rendered":"Sony &#8211; Auriculares inal\u00e1mbricos abiertos LinkBuds True &#8211; Gris oscuro"},"content":{"rendered":"<div class=\"embedded-component-container lv product-description\">\n<div>\n<div id=\"shop-product-description-33942533\" class=\"_none\" data-version=\"1.3.44\">\n<div class=\"shop-product-description\">\n<section class=\"align-heading-left\" data-reactroot=\"\">\n<div class=\"long-description-container body-copy \">\n<div class=\"html-fragment\">Vincule sus mundos en l\u00ednea y fuera de l\u00ednea con auriculares que lo mantienen en ambos.\u00a0Los nuevos LinkBuds de Sony cuentan con un c\u00f3modo dise\u00f1o de anillo abierto que combina sonido natural y digital.\u00a0Mant\u00e9ngase aut\u00e9nticamente conectado con la vida cotidiana mientras escucha m\u00fasica, recibe llamadas, juega y m\u00e1s, todo con un sonido din\u00e1mico.<\/div>\n<\/div>\n<\/section>\n<\/div>\n<\/div>\n<\/div>\n<\/div>\n<div class=\"embedded-component-container lv product-features\">\n<h3><\/h3>\n<h3 class=\"heading-5 v-fw-regular feature-heading\"><strong>Caracter\u00edsticas<\/strong><\/h3>\n<ul>\n<li><strong>Cada mundo. Siempre encendido.<\/strong><br \/>\nLinkBuds conecta todos tus mundos a la perfecci\u00f3n con un dise\u00f1o de anillo abierto que te permite escuchar llamadas, escuchar m\u00fasica, jugar juegos y escuchar otros tipos de contenido en l\u00ednea en cualquier momento, todo mientras permaneces conectado de forma natural con los sonidos ambientales que te rodean.<\/li>\n<li><strong>Conectados y conscientes<\/strong><br \/>\nUna unidad de controlador de tipo anillo recientemente desarrollada con el centro del diafragma abierto para la transparencia del audio le permite escuchar claramente todos los sonidos del mundo real que suceden a su alrededor.<\/li>\n<li><strong>Grifo de \u00e1rea amplia<\/strong><br \/>\nIncluso con el peque\u00f1o tama\u00f1o de los LinkBuds, son incre\u00edblemente f\u00e1ciles de operar con Wide Area Tap. Con esta funci\u00f3n, puede tocar dos o tres veces el \u00e1rea frente a cualquiera de las orejas para controlar la reproducci\u00f3n de m\u00fasica. Ni siquiera necesita tocar los LinkBuds para operarlos.<\/li>\n<li><strong>Control de volumen adaptativo<\/strong><br \/>\nEl control de volumen adaptativo optimiza autom\u00e1ticamente el volumen en funci\u00f3n de su entorno. LinkBuds se ajusta a un volumen m\u00e1s bajo en lugares m\u00e1s silenciosos y a un volumen m\u00e1s alto en situaciones m\u00e1s ruidosas.<\/li>\n<li><strong>Sonido aut\u00e9ntico y natural.<\/strong><br \/>\nNuestro procesador integrado V1 reproduce todos los detalles de su m\u00fasica con una distorsi\u00f3n m\u00ednima para una experiencia auditiva aut\u00e9ntica. Disfrute de un sonido bien equilibrado y de alta calidad con un claro rango medio-alto.<\/li>\n<li><strong>DSEE: dale un empuj\u00f3n a tu m\u00fasica favorita<\/strong><br \/>\nCuando se comprime una fuente musical original, nuestro Digital Sound Enhancement Engine restaura fielmente la m\u00fasica a un sonido de alta calidad m\u00e1s cercano a la grabaci\u00f3n original.<\/li>\n<li><strong>Llamada cristalina<\/strong><br \/>\nLa tecnolog\u00eda Precise Voice Pickup controla de manera \u00f3ptima m\u00faltiples micr\u00f3fonos y realiza un procesamiento avanzado de se\u00f1ales de voz que permite que la persona al otro lado de las llamadas lo escuche con claridad, incluso en entornos ruidosos.<\/li>\n<li><strong>Personalizador de sonido espacial 360<\/strong><br \/>\nCon Sony | 360 Spatial Sound Personalizer, disfrutar\u00e1 de una experiencia de sonido optimizada para usted. La aplicaci\u00f3n captura y analiza la forma de su oreja, lo que permite que estos auriculares creen su propio campo de sonido espacial personal cuando se combinan con televisores BRAVIA XR.\u00b9<\/li>\n<li><strong>Duraci\u00f3n de la bater\u00eda<\/strong><br \/>\nUtilice los LinkBuds durante toda su jornada laboral. Con hasta 5,5 horas de duraci\u00f3n de la bater\u00eda y un total de 17,5 horas con el estuche de carga, siempre tendr\u00e1s tu mundo digital contigo. La carga r\u00e1pida te brinda 90 minutos de reproducci\u00f3n despu\u00e9s de solo 10 minutos de carga.\u00b2<\/li>\n<li><strong>Dise\u00f1o IPX4 a prueba de salpicaduras y sudor<\/strong><br \/>\nCon resistencia a salpicaduras IPX4 y bater\u00eda de larga duraci\u00f3n, LinkBuds lo mantiene listo para cualquier cosa que le depare la vida.\u00b3<\/li>\n<li><strong>Emparejamiento r\u00e1pido<\/strong><br \/>\nDisfrute de la capacidad de emparejamiento r\u00e1pido a trav\u00e9s del soporte de LinkBuds con la nueva funci\u00f3n de emparejamiento r\u00e1pido de Google. Empareje r\u00e1pidamente sus LinkBuds con su dispositivo Android con solo un toque. Tambi\u00e9n puede ubicar f\u00e1cilmente sus auriculares haci\u00e9ndoles ping o verificando su \u00faltima ubicaci\u00f3n conocida en su tel\u00e9fono inteligente.\u2074<\/li>\n<li><strong>Hablar para chatear<\/strong><br \/>\nCon la funci\u00f3n Speak to Chat, LinkBuds pausar\u00e1 autom\u00e1ticamente su audio tan pronto como hable con alguien para que pueda tener una conversaci\u00f3n de manera efectiva sin quitarse los auriculares y reanudar\u00e1 la reproducci\u00f3n de su audio.\u2075 \u2076<\/li>\n<li><strong>Dise\u00f1o respetuoso con el medio ambiente<\/strong><br \/>\nLos LinkBuds se empaquetan teniendo en cuenta el medio ambiente, utilizando materiales pl\u00e1sticos reciclados que provienen de piezas de autom\u00f3viles y empaques sin pl\u00e1stico que reflejan nuestro compromiso de reducir el impacto ambiental de nuestros productos.\u2077<\/li>\n<li><strong>Bluetooth<\/strong><br \/>\nPara baja latencia y alta calidad de sonido, incluso con otras interferencias, la se\u00f1al de Bluetooth se transmite a ambos o\u00eddos al mismo tiempo. Gracias al potente procesador integrado V1, disfrutar\u00e1 de un sonido inal\u00e1mbrico estable y sin saltos.<\/li>\n<li><strong>Estuche de carga<\/strong><br \/>\nEl dise\u00f1o ultrapeque\u00f1o, elegante y redondeado del estuche de carga permite que el estuche de carga se ajuste c\u00f3modamente a la mano y al bolsillo.<\/li>\n<li><strong>Factor de forma ideal para escuchar siempre<\/strong><br \/>\nUltrapeque\u00f1o y ligero para un ajuste que permanece todo el d\u00eda<\/li>\n<\/ul>\n<\/div>\n","protected":false},"excerpt":{"rendered":"<p>Vincule sus mundos en l\u00ednea y fuera de l\u00ednea con auriculares que lo mantienen en ambos.\u00a0Los nuevos LinkBuds de Sony cuentan con un c\u00f3modo dise\u00f1o de anillo abierto que combina<\/p>\n","protected":false},"featured_media":83440,"comment_status":"open","ping_status":"closed","template":"","meta":{"_acf_changed":false,"_joinchat":[]},"product_brand":[],"product_cat":[294,300,304],"product_tag":[],"class_list":{"0":"post-83438","1":"product","2":"type-product","3":"status-publish","4":"has-post-thumbnail","6":"product_cat-audio","7":"product_cat-audifonos","8":"product_cat-inalambricos","10":"first","11":"instock","12":"sale","13":"shipping-taxable","14":"purchasable","15":"product-type-simple"},"acf":[],"_links":{"self":[{"href":"https:\/\/defabrica.com.mx\/defabrica\/wp-json\/wp\/v2\/product\/83438","targetHints":{"allow":["GET"]}}],"collection":[{"href":"https:\/\/defabrica.com.mx\/defabrica\/wp-json\/wp\/v2\/product"}],"about":[{"href":"https:\/\/defabrica.com.mx\/defabrica\/wp-json\/wp\/v2\/types\/product"}],"replies":[{"embeddable":true,"href":"https:\/\/defabrica.com.mx\/defabrica\/wp-json\/wp\/v2\/comments?post=83438"}],"wp:featuredmedia":[{"embeddable":true,"href":"https:\/\/defabrica.com.mx\/defabrica\/wp-json\/wp\/v2\/media\/83440"}],"wp:attachment":[{"href":"https:\/\/defabrica.com.mx\/defabrica\/wp-json\/wp\/v2\/media?parent=83438"}],"wp:term":[{"taxonomy":"product_brand","embeddable":true,"href":"https:\/\/defabrica.com.mx\/defabrica\/wp-json\/wp\/v2\/product_brand?post=83438"},{"taxonomy":"product_cat","embeddable":true,"href":"https:\/\/defabrica.com.mx\/defabrica\/wp-json\/wp\/v2\/product_cat?post=83438"},{"taxonomy":"product_tag","embeddable":true,"href":"https:\/\/defabrica.com.mx\/defabrica\/wp-json\/wp\/v2\/product_tag?post=83438"}],"curies":[{"name":"wp","href":"https:\/\/api.w.org\/{rel}","templated":true}]}}