{"id":83340,"date":"2022-06-13T23:27:07","date_gmt":"2022-06-14T04:27:07","guid":{"rendered":"https:\/\/defabrica.com.mx\/defabrica\/?post_type=product&#038;p=83340"},"modified":"2023-01-15T15:55:18","modified_gmt":"2023-01-15T21:55:18","slug":"sony-auriculares-inalambricos-rf-whrf400-negro","status":"publish","type":"product","link":"https:\/\/defabrica.com.mx\/defabrica\/producto\/sony-auriculares-inalambricos-rf-whrf400-negro\/","title":{"rendered":"Sony &#8211; Auriculares inal\u00e1mbricos RF WHRF400 &#8211; Negro"},"content":{"rendered":"<p>Disfruta de audio de alta calidad con estos auriculares inal\u00e1mbricos Sony ajustables.\u00a0Los transductores grandes brindan un alcance de 150 pies para una escucha c\u00f3moda, y la duraci\u00f3n de la bater\u00eda de 20 horas le permite ponerse al d\u00eda con una temporada completa de programas en un d\u00eda.\u00a0Escuche conversaciones claramente con el modo de voz integrado de estos auriculares inal\u00e1mbricos de Sony.<\/p>\n<h3><\/h3>\n<h3 class=\"heading-5 v-fw-regular feature-heading\"><strong>Caracter\u00edsticas<\/strong><\/h3>\n<ul>\n<li><strong>Auriculares de cine en casa<\/strong><br \/>\nDise\u00f1ado para usar con su sistema de cine en casa para escuchar sus programas y pel\u00edculas favoritos con un audio n\u00edtido.<\/li>\n<li><strong>Bater\u00eda recargable<\/strong><br \/>\nOfrece hasta 20 horas de uso con una carga.<\/li>\n<li><strong>Configuraci\u00f3n simple de configurar y olvidar<\/strong><br \/>\nSimplemente conecte la base del transmisor a su televisor con el cable suministrado.<\/li>\n<li><strong>Dise\u00f1o sobre la oreja<\/strong><br \/>\nPara un ajuste seguro.<\/li>\n<li><strong>Claridad vocal con Voice Mode<\/strong><br \/>\nDisfruta de di\u00e1logos m\u00e1s claros para programas y pel\u00edculas con solo tocar el bot\u00f3n Voice Mode.<\/li>\n<li><strong>Soporte de carga incluido<\/strong><br \/>\nCuando la bater\u00eda est\u00e9 baja, vuelva a colocarlos en el receptor en la base para cargarlos.<\/li>\n<\/ul>\n","protected":false},"excerpt":{"rendered":"<p>Disfruta de audio de alta calidad con estos auriculares inal\u00e1mbricos Sony ajustables.\u00a0Los transductores grandes brindan un alcance de 150 pies para una escucha c\u00f3moda, y la duraci\u00f3n de la bater\u00eda<\/p>\n","protected":false},"featured_media":83342,"comment_status":"open","ping_status":"closed","template":"","meta":{"_acf_changed":false,"_joinchat":[]},"product_brand":[],"product_cat":[294,300,304],"product_tag":[],"class_list":{"0":"post-83340","1":"product","2":"type-product","3":"status-publish","4":"has-post-thumbnail","6":"product_cat-audio","7":"product_cat-audifonos","8":"product_cat-inalambricos","10":"first","11":"instock","12":"sale","13":"shipping-taxable","14":"purchasable","15":"product-type-simple"},"acf":[],"_links":{"self":[{"href":"https:\/\/defabrica.com.mx\/defabrica\/wp-json\/wp\/v2\/product\/83340","targetHints":{"allow":["GET"]}}],"collection":[{"href":"https:\/\/defabrica.com.mx\/defabrica\/wp-json\/wp\/v2\/product"}],"about":[{"href":"https:\/\/defabrica.com.mx\/defabrica\/wp-json\/wp\/v2\/types\/product"}],"replies":[{"embeddable":true,"href":"https:\/\/defabrica.com.mx\/defabrica\/wp-json\/wp\/v2\/comments?post=83340"}],"wp:featuredmedia":[{"embeddable":true,"href":"https:\/\/defabrica.com.mx\/defabrica\/wp-json\/wp\/v2\/media\/83342"}],"wp:attachment":[{"href":"https:\/\/defabrica.com.mx\/defabrica\/wp-json\/wp\/v2\/media?parent=83340"}],"wp:term":[{"taxonomy":"product_brand","embeddable":true,"href":"https:\/\/defabrica.com.mx\/defabrica\/wp-json\/wp\/v2\/product_brand?post=83340"},{"taxonomy":"product_cat","embeddable":true,"href":"https:\/\/defabrica.com.mx\/defabrica\/wp-json\/wp\/v2\/product_cat?post=83340"},{"taxonomy":"product_tag","embeddable":true,"href":"https:\/\/defabrica.com.mx\/defabrica\/wp-json\/wp\/v2\/product_tag?post=83340"}],"curies":[{"name":"wp","href":"https:\/\/api.w.org\/{rel}","templated":true}]}}