{"id":83329,"date":"2022-06-13T23:17:42","date_gmt":"2022-06-14T04:17:42","guid":{"rendered":"https:\/\/defabrica.com.mx\/defabrica\/?post_type=product&#038;p=83329"},"modified":"2023-01-15T15:54:14","modified_gmt":"2023-01-15T21:54:14","slug":"sony-auriculares-inalambricos-con-cancelacion-de-ruido-linkbuds-s-true-negro","status":"publish","type":"product","link":"https:\/\/defabrica.com.mx\/defabrica\/producto\/sony-auriculares-inalambricos-con-cancelacion-de-ruido-linkbuds-s-true-negro\/","title":{"rendered":"Sony &#8211; Auriculares inal\u00e1mbricos con cancelaci\u00f3n de ruido LinkBuds S True &#8211; Negro"},"content":{"rendered":"<div class=\"embedded-component-container lv product-description\">\n<div>\n<div id=\"shop-product-description-91245033\" class=\"_none\" data-version=\"1.3.44\">\n<div class=\"shop-product-description\">\n<section class=\"align-heading-left\" data-reactroot=\"\">\n<div class=\"long-description-container body-copy \">\n<div class=\"html-fragment\">Automatice su experiencia de audio con auriculares ultraligeros que cuentan con tecnolog\u00eda inteligente para conectar sus mundos en l\u00ednea y fuera de l\u00ednea como nunca antes.\u00a0Cambie sin problemas del sonido ambiental a la cancelaci\u00f3n de ruido avanzada y habilite la reproducci\u00f3n autom\u00e1tica que aprende de su comportamiento.\u00a0LinkBuds S ofrece el sonido adecuado para cualquier mundo en el que te encuentres.<\/div>\n<\/div>\n<\/section>\n<\/div>\n<\/div>\n<\/div>\n<\/div>\n<div class=\"embedded-component-container lv product-features\">\n<h3><\/h3>\n<h3 class=\"heading-5 v-fw-regular feature-heading\"><strong>Caracter\u00edsticas<\/strong><\/h3>\n<ul>\n<li><strong>Nunca apagado<\/strong><br \/>\nCon LinkBuds S, siempre est\u00e1s conectado. \u00daselos c\u00f3modamente durante todo el d\u00eda, manteni\u00e9ndose en contacto con personas y lugares sin tener que pausar su lista de reproducci\u00f3n.<\/li>\n<li><strong>Todos tus mundos, conectados y optimizados<\/strong><br \/>\nConecta tus mundos mientras LinkBuds S cambia sin problemas entre el sonido ambiental natural y la cancelaci\u00f3n de ruido superlativa. Las funciones inteligentes aprenden de su comportamiento, ajustan autom\u00e1ticamente la configuraci\u00f3n de sonido para proporcionar el sonido adecuado para el momento.<\/li>\n<li><strong>Construido con tecnolog\u00eda de sonido premium<\/strong><br \/>\nUna unidad de controlador de 5 mm recientemente desarrollada, que cuenta con un diafragma de alto cumplimiento, ayuda a mantener los LinkBuds S peque\u00f1os mientras transmite su m\u00fasica con un rico sonido de graves de baja frecuencia. El procesador integrado V1 de Sony mejora la cancelaci\u00f3n de ruido, mejora el sonido y reduce la distorsi\u00f3n.<\/li>\n<li><strong>Llamadas claras y sonido envolvente<\/strong><br \/>\nCon\u00e9ctese f\u00e1cilmente con las personas que conoce y el contenido que ama. Realice llamadas n\u00edtidas y escuche m\u00fasica de alta calidad, incluso en entornos ventosos o ruidosos.<\/li>\n<li><strong>Escucha todo el d\u00eda, carga en minutos<\/strong><br \/>\nDisfruta de hasta 6 horas de bater\u00eda de tus auriculares y almacena otras 14 horas en el estuche para hasta 20 horas de escucha. \u00bfApurado? Solo una carga r\u00e1pida de 5 minutos te brinda hasta 60 minutos de tiempo de reproducci\u00f3n.<\/li>\n<li><strong>Resistente al agua para el uso diario.<\/strong><br \/>\nCon una clasificaci\u00f3n de resistencia al agua IPX4, las salpicaduras y el sudor no detendr\u00e1n estos auriculares Sony, para que pueda seguir movi\u00e9ndose con la m\u00fasica.<\/li>\n<li><strong>Todo est\u00e1 a tu alcance<\/strong><br \/>\nLinkBuds S presenta configuraciones de control t\u00e1ctil intuitivas; por ejemplo, toca el auricular izquierdo para cambiar de Noise Cancelling a Ambient Sound y toca prolongadamente para Atenci\u00f3n r\u00e1pida, o toca dos veces a la derecha para saltar a la siguiente pista.<\/li>\n<li><strong>Habla y escucha solo sonido ambiental<\/strong><br \/>\nLa tecnolog\u00eda de captaci\u00f3n de voz y Speak-to-Chat pausan autom\u00e1ticamente la m\u00fasica tan pronto como hablas con alguien, para que puedas mantener una conversaci\u00f3n, \u00fatil si quieres dejar los auriculares puestos o si tienes las manos ocupadas.<\/li>\n<li><strong>Pausa instant\u00e1nea. Juego instant\u00e1neo.<\/strong><br \/>\nSimplemente qu\u00edtese los auriculares y la m\u00fasica se detendr\u00e1: un sensor de proximidad sabe cu\u00e1ndo est\u00e1 usando uno o ambos auriculares. Vuelva a colocarse los auriculares y la m\u00fasica comenzar\u00e1 de nuevo.<\/li>\n<li><strong>Hecho con el medio ambiente en mente<\/strong><br \/>\nTus LinkBuds S est\u00e1n dise\u00f1ados tanto para el estilo como para la conciencia ambiental. Los auriculares utilizan materiales pl\u00e1sticos reciclados de piezas de autom\u00f3viles y el embalaje no utiliza pl\u00e1stico.<\/li>\n<\/ul>\n<\/div>\n","protected":false},"excerpt":{"rendered":"<p>Automatice su experiencia de audio con auriculares ultraligeros que cuentan con tecnolog\u00eda inteligente para conectar sus mundos en l\u00ednea y fuera de l\u00ednea como nunca antes.\u00a0Cambie sin problemas del sonido<\/p>\n","protected":false},"featured_media":83331,"comment_status":"open","ping_status":"closed","template":"","meta":{"_acf_changed":false,"_joinchat":[]},"product_brand":[],"product_cat":[294,300,304],"product_tag":[],"class_list":{"0":"post-83329","1":"product","2":"type-product","3":"status-publish","4":"has-post-thumbnail","6":"product_cat-audio","7":"product_cat-audifonos","8":"product_cat-inalambricos","10":"first","11":"instock","12":"sale","13":"shipping-taxable","14":"purchasable","15":"product-type-simple"},"acf":[],"_links":{"self":[{"href":"https:\/\/defabrica.com.mx\/defabrica\/wp-json\/wp\/v2\/product\/83329","targetHints":{"allow":["GET"]}}],"collection":[{"href":"https:\/\/defabrica.com.mx\/defabrica\/wp-json\/wp\/v2\/product"}],"about":[{"href":"https:\/\/defabrica.com.mx\/defabrica\/wp-json\/wp\/v2\/types\/product"}],"replies":[{"embeddable":true,"href":"https:\/\/defabrica.com.mx\/defabrica\/wp-json\/wp\/v2\/comments?post=83329"}],"wp:featuredmedia":[{"embeddable":true,"href":"https:\/\/defabrica.com.mx\/defabrica\/wp-json\/wp\/v2\/media\/83331"}],"wp:attachment":[{"href":"https:\/\/defabrica.com.mx\/defabrica\/wp-json\/wp\/v2\/media?parent=83329"}],"wp:term":[{"taxonomy":"product_brand","embeddable":true,"href":"https:\/\/defabrica.com.mx\/defabrica\/wp-json\/wp\/v2\/product_brand?post=83329"},{"taxonomy":"product_cat","embeddable":true,"href":"https:\/\/defabrica.com.mx\/defabrica\/wp-json\/wp\/v2\/product_cat?post=83329"},{"taxonomy":"product_tag","embeddable":true,"href":"https:\/\/defabrica.com.mx\/defabrica\/wp-json\/wp\/v2\/product_tag?post=83329"}],"curies":[{"name":"wp","href":"https:\/\/api.w.org\/{rel}","templated":true}]}}