{"id":83322,"date":"2022-06-13T23:13:13","date_gmt":"2022-06-14T04:13:13","guid":{"rendered":"https:\/\/defabrica.com.mx\/defabrica\/?post_type=product&#038;p=83322"},"modified":"2022-12-11T13:10:24","modified_gmt":"2022-12-11T19:10:24","slug":"sony-auriculares-intrauditivos-inalambricos-con-cancelacion-de-ruido-wi-1000xm2-negro","status":"publish","type":"product","link":"https:\/\/defabrica.com.mx\/defabrica\/producto\/sony-auriculares-intrauditivos-inalambricos-con-cancelacion-de-ruido-wi-1000xm2-negro\/","title":{"rendered":"Sony &#8211; Auriculares intrauditivos inal\u00e1mbricos con cancelaci\u00f3n de ruido WI-1000XM2 &#8211; Negro"},"content":{"rendered":"<p>Descubra un mundo de silencio sin concesiones.\u00a0Estos aud\u00edfonos internos estilo banda para el cuello con procesador de cancelaci\u00f3n de ruido HD QN1 y un nuevo dise\u00f1o de banda para el cuello flexible mejoran la escucha de m\u00fasica y la comodidad.<\/p>\n<h3><\/h3>\n<h3 class=\"heading-5 v-fw-regular feature-heading\"><strong>Caracter\u00edsticas<\/strong><\/h3>\n<div class=\"feature-body-container\">\n<div class=\"features-list-container\">\n<div class=\"list-row\">\n<ul>\n<li><strong>Cancelaci\u00f3n de ruido l\u00edder en la industria\u00b9<\/strong><br \/>\nLa tecnolog\u00eda de cancelaci\u00f3n de ruido del WI-1000XM2 es avanzada gracias a la potencia del procesador de cancelaci\u00f3n de ruido HD QN1. Entonces, puedes perderte completamente en tu m\u00fasica.<\/li>\n<li><strong>M\u00e1s ruido capturado con la tecnolog\u00eda Dual Noise Sensor<\/strong><br \/>\nLos micr\u00f3fonos duales, uno de retroalimentaci\u00f3n y otro de retroalimentaci\u00f3n en la superficie de los auriculares, captan m\u00e1s sonidos ambientales de su entorno, ya sea el ruido de un vuelo, el tr\u00e1fico de la ciudad o las conversaciones de la oficina.<\/li>\n<li><strong>M\u00e1s ruido cancelado con el procesador de cancelaci\u00f3n de ruido HD QN1<\/strong><br \/>\nHabiendo captado el sonido ambiental, el procesador dedicado de cancelaci\u00f3n de ruido HD QN1 se pone a trabajar. No solo cancela significativamente m\u00e1s ruido en casi todas las frecuencias, sino que tambi\u00e9n usa menos energ\u00eda.<\/li>\n<li><strong>Optimizaci\u00f3n de la presi\u00f3n atmosf\u00e9rica<\/strong><br \/>\nLa cancelaci\u00f3n de ruido est\u00e1 hecha para volar con la funci\u00f3n de optimizaci\u00f3n de la presi\u00f3n atmosf\u00e9rica. Disfrute del entretenimiento a bordo con cancelaci\u00f3n de ruido optimizada para altitudes elevadas.\u00b2<\/li>\n<li><strong>Sistema de controlador h\u00edbrido HD<\/strong><br \/>\nEl sonido est\u00e1 optimizado en todas las frecuencias con el sistema de controlador h\u00edbrido HD. El controlador din\u00e1mico de 9 mm, dise\u00f1ado a medida para el WI-1000XM2, proporciona graves profundos y medios claros, mientras que el controlador de armadura equilibrada emparejada reproduce tonos altos delicados y naturales.<\/li>\n<li><strong>Potencia tu m\u00fasica merece<\/strong><br \/>\nEl procesador de cancelaci\u00f3n de ruido HD multitalento QN1 combina cancelaci\u00f3n de ruido digital, procesamiento de se\u00f1al de audio de 32 bits y un convertidor de digital a anal\u00f3gico con amplificador de auriculares. \u00bfEl resultado? Sonido incre\u00edblemente claro.<\/li>\n<li><strong>Sonido verdaderamente aut\u00e9ntico con audio de alta resoluci\u00f3n<\/strong><br \/>\nEscuche m\u00fasica que se mantiene fiel a la grabaci\u00f3n original con audio de alta resoluci\u00f3n.<\/li>\n<li><strong>Para escuchar todos los d\u00edas, Digital Sound Enhancement Engine HX (DSEE HX\u2122) mejora los archivos de m\u00fasica digital comprimida, acerc\u00e1ndolos a la calidad del audio de alta resoluci\u00f3n.<\/strong><\/li>\n<li><strong>Ajuste ce\u00f1ido y estable con dise\u00f1o de auriculares en \u00e1ngulo<\/strong><br \/>\nCon una forma en \u00e1ngulo, los auriculares se colocan m\u00e1s profundamente y de forma m\u00e1s segura en el o\u00eddo para un ajuste c\u00f3modo y estable. Incluso al caminar, no se deslizar\u00e1n inesperadamente.<\/li>\n<li><strong>Banda para el cuello de silicona ligera y c\u00f3moda<\/strong><br \/>\nSiga escuchando c\u00f3modamente con un dise\u00f1o de banda para el cuello liviano hecho de silicona flexible que es f\u00e1cil de guardar en una bolsa o estuche.<\/li>\n<li><strong>Hasta 10 horas de escucha<\/strong><br \/>\nNo hay necesidad de preocuparse por la duraci\u00f3n de la bater\u00eda mientras viaja. Con hasta 10 horas de duraci\u00f3n de la bater\u00eda, la m\u00fasica sigue sonando.<\/li>\n<li><strong>Hasta 80 minutos con carga r\u00e1pida<\/strong><br \/>\nSi sus auriculares se est\u00e1n quedando sin energ\u00eda, una carga r\u00e1pida de 10 minutos le brinda hasta 80 minutos de tiempo de reproducci\u00f3n.<\/li>\n<li><strong>El control de sonido adaptativo se ajusta autom\u00e1ticamente a lo que hagas<\/strong><br \/>\nEl sony | La aplicaci\u00f3n Headphones Connect ofrece control de sonido adaptativo, una funci\u00f3n inteligente que detecta autom\u00e1ticamente lo que est\u00e1s haciendo (por ejemplo, viajar, caminar o esperar) y luego ajusta la configuraci\u00f3n de sonido ambiental para adaptarse a la situaci\u00f3n. Tambi\u00e9n puede personalizar la configuraci\u00f3n seg\u00fan sus preferencias.<\/li>\n<li><strong>Tenga el control de su escucha<\/strong><br \/>\nCon Sony | La aplicaci\u00f3n Headphones Connect, el control de sonido ambiental le permite ajustar el volumen del sonido de fondo y le da la opci\u00f3n de permitir que solo se escuchen las voces. Mientras tanto, el ecualizador te permite personalizar los niveles de sonido para adaptarlos a tu m\u00fasica.<\/li>\n<li><strong>Sea m\u00e1s inteligente con su asistente de voz favorito\u2074<\/strong><br \/>\nAdministre su d\u00eda con solo preguntarle a su asistente de voz favorito. Disfrute del entretenimiento, con\u00e9ctese con amigos, obtenga informaci\u00f3n, escuche m\u00fasica y notificaciones, configure recordatorios y m\u00e1s.<\/li>\n<li><strong>Llamadas manos libres m\u00e1s claras con micr\u00f3fono incorporado<\/strong><br \/>\nLa conversaci\u00f3n fluye libremente con llamadas m\u00e1s claras. Estos auriculares manos libres incluyen un micr\u00f3fono integrado en los controles en l\u00ednea para recibir llamadas o hablar con su asistente de voz.<\/li>\n<li><strong>Todo al alcance de tu mano con controles intuitivos<\/strong><br \/>\nOpere las funciones esenciales con un toque utilizando los convenientes controles en l\u00ednea, que incluyen subir\/bajar volumen, reproducir\/llamar para escuchar m\u00fasica y conversaciones telef\u00f3nicas, y un bot\u00f3n personalizado para su funci\u00f3n favorita.<\/li>\n<li><strong>Mant\u00e9ngase libre de enredos con auriculares magn\u00e9ticos<\/strong><br \/>\nCuando haya terminado con sus auriculares, junte los auriculares magn\u00e9ticos para guardarlos ordenadamente sin enredar los cables.<\/li>\n<\/ul>\n<\/div>\n<\/div>\n<\/div>\n","protected":false},"excerpt":{"rendered":"<p>Descubra un mundo de silencio sin concesiones.\u00a0Estos aud\u00edfonos internos estilo banda para el cuello con procesador de cancelaci\u00f3n de ruido HD QN1 y un nuevo dise\u00f1o de banda para el<\/p>\n","protected":false},"featured_media":83324,"comment_status":"open","ping_status":"closed","template":"","meta":{"_acf_changed":false,"_joinchat":[]},"product_brand":[],"product_cat":[294,300,304],"product_tag":[],"class_list":{"0":"post-83322","1":"product","2":"type-product","3":"status-publish","4":"has-post-thumbnail","6":"product_cat-audio","7":"product_cat-audifonos","8":"product_cat-inalambricos","10":"first","11":"instock","12":"sale","13":"shipping-taxable","14":"purchasable","15":"product-type-simple"},"acf":[],"_links":{"self":[{"href":"https:\/\/defabrica.com.mx\/defabrica\/wp-json\/wp\/v2\/product\/83322","targetHints":{"allow":["GET"]}}],"collection":[{"href":"https:\/\/defabrica.com.mx\/defabrica\/wp-json\/wp\/v2\/product"}],"about":[{"href":"https:\/\/defabrica.com.mx\/defabrica\/wp-json\/wp\/v2\/types\/product"}],"replies":[{"embeddable":true,"href":"https:\/\/defabrica.com.mx\/defabrica\/wp-json\/wp\/v2\/comments?post=83322"}],"wp:featuredmedia":[{"embeddable":true,"href":"https:\/\/defabrica.com.mx\/defabrica\/wp-json\/wp\/v2\/media\/83324"}],"wp:attachment":[{"href":"https:\/\/defabrica.com.mx\/defabrica\/wp-json\/wp\/v2\/media?parent=83322"}],"wp:term":[{"taxonomy":"product_brand","embeddable":true,"href":"https:\/\/defabrica.com.mx\/defabrica\/wp-json\/wp\/v2\/product_brand?post=83322"},{"taxonomy":"product_cat","embeddable":true,"href":"https:\/\/defabrica.com.mx\/defabrica\/wp-json\/wp\/v2\/product_cat?post=83322"},{"taxonomy":"product_tag","embeddable":true,"href":"https:\/\/defabrica.com.mx\/defabrica\/wp-json\/wp\/v2\/product_tag?post=83322"}],"curies":[{"name":"wp","href":"https:\/\/api.w.org\/{rel}","templated":true}]}}