{"id":83297,"date":"2022-06-13T22:21:27","date_gmt":"2022-06-14T03:21:27","guid":{"rendered":"https:\/\/defabrica.com.mx\/defabrica\/?post_type=product&#038;p=83297"},"modified":"2022-12-11T13:07:24","modified_gmt":"2022-12-11T19:07:24","slug":"soundcore-de-anker-spirit-x2-earbuds-audifonos-internos-inalambricos-verdaderos-negro","status":"publish","type":"product","link":"https:\/\/defabrica.com.mx\/defabrica\/producto\/soundcore-de-anker-spirit-x2-earbuds-audifonos-internos-inalambricos-verdaderos-negro\/","title":{"rendered":"Soundcore &#8211; de Anker Spirit X2 Earbuds Aud\u00edfonos internos inal\u00e1mbricos verdaderos &#8211; Negro"},"content":{"rendered":"<div class=\"embedded-component-container lv product-description\">\n<div>\n<div id=\"shop-product-description-66647827\" class=\"_none\" data-version=\"1.3.44\">\n<div class=\"shop-product-description\">\n<section class=\"align-heading-left\" data-reactroot=\"\">\n<div class=\"long-description-container body-copy \">\n<div class=\"html-fragment\">Sum\u00e9rgete en la m\u00fasica de entrenamiento con estos auriculares inal\u00e1mbricos Anker Soundcore Spirit X2.\u00a0La tecnolog\u00eda BassTurbo ofrece ricas frecuencias graves para una mayor intensidad, mientras que la clasificaci\u00f3n IP68 proporciona resistencia al sudor para un rendimiento duradero.\u00a0Estos auriculares inal\u00e1mbricos Anker Soundcore Spirit X2 cuentan con una bater\u00eda recargable que dura hasta nueve horas con una sola carga, y las puntas extraflexibles brindan una experiencia auditiva c\u00f3moda.<\/div>\n<\/div>\n<\/section>\n<\/div>\n<\/div>\n<\/div>\n<\/div>\n<div class=\"embedded-component-container lv product-features\">\n<h3><\/h3>\n<h3 class=\"heading-5 v-fw-regular feature-heading\"><strong>Caracter\u00edsticas<\/strong><\/h3>\n<ul>\n<li><strong>Verdaderos auriculares inal\u00e1mbricos<\/strong><br \/>\nTe permite escuchar tus pistas favoritas para que los cables no te detengan.<\/li>\n<li><strong>Bater\u00eda recargable<\/strong><br \/>\nObtenga hasta nueve horas de escucha intensa con una sola carga y aum\u00e9ntelo a 36 horas con el estuche de carga incluido. Cargue durante 10 minutos para escuchar hasta dos horas.<\/li>\n<li><strong>Dise\u00f1o resistente al sudor IP68<\/strong><br \/>\nLos auriculares est\u00e1n definidos con la exclusiva tecnolog\u00eda Sweat Guard para resistir la naturaleza corrosiva del sudor.<\/li>\n<li><strong>Micr\u00f3fono incorporado<\/strong><br \/>\nPermite chatear con manos libres a trav\u00e9s de un dispositivo compatible. La reducci\u00f3n de ruido cVc 8.0 a\u00edsla efectivamente su voz mientras elimina los sonidos de fondo para una experiencia de llamada impecable.<\/li>\n<li><strong>Interfaz Bluetooth 5.0<\/strong><br \/>\nPermite un emparejamiento simple y transmisi\u00f3n inal\u00e1mbrica con dispositivos compatibles.<\/li>\n<li><strong>Comodidad sin esfuerzo<\/strong><br \/>\nLos ganchos y las puntas para los o\u00eddos extraflexibles garantizan un ajuste libre, satisfactorio e invencible, sin importar cu\u00e1n duro sea su entrenamiento.<\/li>\n<li><strong>Controladores de gran tama\u00f1o de 12 mm<\/strong><br \/>\nJunto con las tecnolog\u00edas BassTurbo y BassUp, aseguran una enorme potencia de audio.<\/li>\n<li><strong>Tecnolog\u00eda de audio Qualcomm aptX<\/strong><br \/>\nOfrece una calidad de sonido excepcional y sin p\u00e9rdidas a trav\u00e9s de su conexi\u00f3n Bluetooth.<\/li>\n<\/ul>\n<\/div>\n","protected":false},"excerpt":{"rendered":"<p>Sum\u00e9rgete en la m\u00fasica de entrenamiento con estos auriculares inal\u00e1mbricos Anker Soundcore Spirit X2.\u00a0La tecnolog\u00eda BassTurbo ofrece ricas frecuencias graves para una mayor intensidad, mientras que la clasificaci\u00f3n IP68 proporciona<\/p>\n","protected":false},"featured_media":83299,"comment_status":"open","ping_status":"closed","template":"","meta":{"_acf_changed":false,"_joinchat":[]},"product_brand":[],"product_cat":[294,300,304],"product_tag":[],"class_list":{"0":"post-83297","1":"product","2":"type-product","3":"status-publish","4":"has-post-thumbnail","6":"product_cat-audio","7":"product_cat-audifonos","8":"product_cat-inalambricos","10":"first","11":"instock","12":"sale","13":"shipping-taxable","14":"purchasable","15":"product-type-simple"},"acf":[],"_links":{"self":[{"href":"https:\/\/defabrica.com.mx\/defabrica\/wp-json\/wp\/v2\/product\/83297","targetHints":{"allow":["GET"]}}],"collection":[{"href":"https:\/\/defabrica.com.mx\/defabrica\/wp-json\/wp\/v2\/product"}],"about":[{"href":"https:\/\/defabrica.com.mx\/defabrica\/wp-json\/wp\/v2\/types\/product"}],"replies":[{"embeddable":true,"href":"https:\/\/defabrica.com.mx\/defabrica\/wp-json\/wp\/v2\/comments?post=83297"}],"wp:featuredmedia":[{"embeddable":true,"href":"https:\/\/defabrica.com.mx\/defabrica\/wp-json\/wp\/v2\/media\/83299"}],"wp:attachment":[{"href":"https:\/\/defabrica.com.mx\/defabrica\/wp-json\/wp\/v2\/media?parent=83297"}],"wp:term":[{"taxonomy":"product_brand","embeddable":true,"href":"https:\/\/defabrica.com.mx\/defabrica\/wp-json\/wp\/v2\/product_brand?post=83297"},{"taxonomy":"product_cat","embeddable":true,"href":"https:\/\/defabrica.com.mx\/defabrica\/wp-json\/wp\/v2\/product_cat?post=83297"},{"taxonomy":"product_tag","embeddable":true,"href":"https:\/\/defabrica.com.mx\/defabrica\/wp-json\/wp\/v2\/product_tag?post=83297"}],"curies":[{"name":"wp","href":"https:\/\/api.w.org\/{rel}","templated":true}]}}