{"id":83290,"date":"2022-06-13T22:13:30","date_gmt":"2022-06-14T03:13:30","guid":{"rendered":"https:\/\/defabrica.com.mx\/defabrica\/?post_type=product&#038;p=83290"},"modified":"2022-12-11T13:07:10","modified_gmt":"2022-12-11T19:07:10","slug":"soundcore-de-anker-liberty-air-2-earbuds-auriculares-intrauditivos-inalambricos-verdaderos-negro","status":"publish","type":"product","link":"https:\/\/defabrica.com.mx\/defabrica\/producto\/soundcore-de-anker-liberty-air-2-earbuds-auriculares-intrauditivos-inalambricos-verdaderos-negro\/","title":{"rendered":"Soundcore &#8211; de Anker Liberty Air 2 Earbuds Auriculares intrauditivos inal\u00e1mbricos verdaderos &#8211; Negro"},"content":{"rendered":"<p>Disfruta del sonido n\u00edtido y potente de estos auriculares Anker Soundcore Liberty Air 2.\u00a0Los cuatro micr\u00f3fonos aseguran una captaci\u00f3n de sonido clara mientras se realizan llamadas para una comunicaci\u00f3n fluida, y la bater\u00eda recargable ofrece hasta 7 horas de uso cuando est\u00e1 completamente cargada.\u00a0Estos auriculares Anker SoundCore Liberty Air 2 resistentes al agua tienen cinco pares de olivas de diferentes tama\u00f1os para una comodidad personalizable, mientras que el estuche de carga incluido contiene tres cargas de 7 horas para jugar todo el d\u00eda.<\/p>\n<h3><\/h3>\n<h3 class=\"heading-5 v-fw-regular feature-heading\"><strong>Caracter\u00edsticas<\/strong><\/h3>\n<ul>\n<li><strong>Sonido inspirado en diamantes<\/strong><br \/>\nInspiradas en la estructura ultradura de los diamantes, las c\u00fapulas del conductor de Liberty Air 2 mantienen su rigidez incluso cuando vibran a altas frecuencias. La m\u00fasica se reproduce con un ancho de banda de frecuencia un 15 % mayor para obtener agudos n\u00edtidos y 2 veces m\u00e1s graves<\/li>\n<li><strong>Cuatro micr\u00f3fonos para llamadas n\u00edtidas<\/strong><br \/>\nCada auricular est\u00e1 equipado con dos micr\u00f3fonos que utilizan tecnolog\u00eda de reducci\u00f3n de ruido cVc 8.0. Su voz est\u00e1 optimizada y los ruidos de fondo se minimizan para que suene m\u00e1s alto y claro en el otro extremo.<\/li>\n<li><strong>Tecnolog\u00eda HearID<\/strong><br \/>\nRealice la prueba para crear un conjunto personalizado de ajustes de ecualizaci\u00f3n optimizados para sus o\u00eddos. HearID mapea su sensibilidad auditiva en m\u00faltiples frecuencias y analiza de manera inteligente los resultados para brindarle una experiencia auditiva verdaderamente personalizada.<\/li>\n<li><strong>Audio Qualcomm\u00ae aptX\u2122<\/strong><br \/>\nPermite audio inal\u00e1mbrico con calidad similar a la de un CD porque resuelve el problema de enviar todo el ancho de banda de la m\u00fasica a trav\u00e9s de Bluetooth.<\/li>\n<li><strong>Bater\u00eda recargable<\/strong><br \/>\nUna sola carga le brinda hasta siete horas de escucha, mientras que el estuche de carga lo extiende hasta 28 horas de tiempo de reproducci\u00f3n. Y cuando el estuche necesite un refuerzo de energ\u00eda, simplemente col\u00f3quelo en un cargador inal\u00e1mbrico.<\/li>\n<li><strong>Verdadero inal\u00e1mbrico<\/strong><br \/>\nProporciona una conexi\u00f3n estable y una transferencia de sonido sin p\u00e9rdidas en cada auricular cuando se transmite contenido multimedia desde su dispositivo.<\/li>\n<li><strong>Cancelaci\u00f3n pasiva de ruido<\/strong><br \/>\nOir\u00e1 menos ruidos ambientales externos no deseados y podr\u00e1 concentrarse m\u00e1s en el sonido deseado en los o\u00eddos.<\/li>\n<li><strong>Dise\u00f1o resistente al agua<\/strong><br \/>\nLa protecci\u00f3n con clasificaci\u00f3n IPX5 defiende sus auriculares contra la lluvia, el sudor y m\u00e1s.<\/li>\n<li><strong>Conectividad Bluetooth 5.0<\/strong><br \/>\nOfrece emparejamiento inal\u00e1mbrico simple con su dispositivo habilitado para Bluetooth.<\/li>\n<li><strong>Almohadillas personalizables<\/strong><br \/>\nElija entre cinco tama\u00f1os de olivas para encontrar el ajuste perfecto para mejorar la cancelaci\u00f3n pasiva de ruido y la comodidad.<\/li>\n<li><strong>Tecnolog\u00eda de carga r\u00e1pida<\/strong><br \/>\nCuando se est\u00e1 quedando sin tiempo, una carga de 10 minutos le dar\u00e1 hasta 2 horas de escucha.<\/li>\n<li><strong>Compatible con carga inal\u00e1mbrica<\/strong><br \/>\nSimplemente coloque el estuche de carga en una almohadilla de carga inal\u00e1mbrica para una carga conveniente.<\/li>\n<\/ul>\n","protected":false},"excerpt":{"rendered":"<p>Disfruta del sonido n\u00edtido y potente de estos auriculares Anker Soundcore Liberty Air 2.\u00a0Los cuatro micr\u00f3fonos aseguran una captaci\u00f3n de sonido clara mientras se realizan llamadas para una comunicaci\u00f3n fluida,<\/p>\n","protected":false},"featured_media":83292,"comment_status":"open","ping_status":"closed","template":"","meta":{"_acf_changed":false,"_joinchat":[]},"product_brand":[],"product_cat":[294,300,304],"product_tag":[],"class_list":{"0":"post-83290","1":"product","2":"type-product","3":"status-publish","4":"has-post-thumbnail","6":"product_cat-audio","7":"product_cat-audifonos","8":"product_cat-inalambricos","10":"first","11":"instock","12":"sale","13":"shipping-taxable","14":"purchasable","15":"product-type-simple"},"acf":[],"_links":{"self":[{"href":"https:\/\/defabrica.com.mx\/defabrica\/wp-json\/wp\/v2\/product\/83290","targetHints":{"allow":["GET"]}}],"collection":[{"href":"https:\/\/defabrica.com.mx\/defabrica\/wp-json\/wp\/v2\/product"}],"about":[{"href":"https:\/\/defabrica.com.mx\/defabrica\/wp-json\/wp\/v2\/types\/product"}],"replies":[{"embeddable":true,"href":"https:\/\/defabrica.com.mx\/defabrica\/wp-json\/wp\/v2\/comments?post=83290"}],"wp:featuredmedia":[{"embeddable":true,"href":"https:\/\/defabrica.com.mx\/defabrica\/wp-json\/wp\/v2\/media\/83292"}],"wp:attachment":[{"href":"https:\/\/defabrica.com.mx\/defabrica\/wp-json\/wp\/v2\/media?parent=83290"}],"wp:term":[{"taxonomy":"product_brand","embeddable":true,"href":"https:\/\/defabrica.com.mx\/defabrica\/wp-json\/wp\/v2\/product_brand?post=83290"},{"taxonomy":"product_cat","embeddable":true,"href":"https:\/\/defabrica.com.mx\/defabrica\/wp-json\/wp\/v2\/product_cat?post=83290"},{"taxonomy":"product_tag","embeddable":true,"href":"https:\/\/defabrica.com.mx\/defabrica\/wp-json\/wp\/v2\/product_tag?post=83290"}],"curies":[{"name":"wp","href":"https:\/\/api.w.org\/{rel}","templated":true}]}}