{"id":83277,"date":"2022-06-13T22:06:51","date_gmt":"2022-06-14T03:06:51","guid":{"rendered":"https:\/\/defabrica.com.mx\/defabrica\/?post_type=product&#038;p=83277"},"modified":"2022-12-11T13:08:42","modified_gmt":"2022-12-11T19:08:42","slug":"soundcore-por-anker-life-dot-2s-audifonos-internos-inalambricos-verdaderos-negro","status":"publish","type":"product","link":"https:\/\/defabrica.com.mx\/defabrica\/producto\/soundcore-por-anker-life-dot-2s-audifonos-internos-inalambricos-verdaderos-negro\/","title":{"rendered":"Soundcore &#8211; por Anker Life Dot 2S Aud\u00edfonos internos inal\u00e1mbricos verdaderos &#8211; Negro"},"content":{"rendered":"<div class=\"embedded-component-container lv product-description\">\n<div>\n<div id=\"shop-product-description-57477714\" class=\"_none\" data-version=\"1.3.44\">\n<div class=\"shop-product-description\">\n<section class=\"align-heading-left\" data-reactroot=\"\">\n<div class=\"long-description-container body-copy \">\n<div class=\"html-fragment\">Elija entre 22 ecualizadores diferentes para adaptar su experiencia auditiva.\u00a0Edite y guarde varios perfiles de sonido para que coincidan con el g\u00e9nero, la canci\u00f3n y el entorno.\u00a0Disfrute de 10 horas de escucha con una sola carga y, cuando tenga poco tiempo, c\u00e1rguelo durante 10 minutos para obtener 2 horas de reproducci\u00f3n.\u00a0Cargue el estuche con el cable USB-C incluido o col\u00f3quelo en una plataforma de carga inal\u00e1mbrica para cargar el estuche de forma inal\u00e1mbrica.\u00a0Los verdaderos auriculares inal\u00e1mbricos Life Dot 2S est\u00e1n protegidos contra entrenamientos sudorosos, tormentas de lluvia repentinas y bebidas derramadas gracias a su protecci\u00f3n impermeable con clasificaci\u00f3n IPX7.\u00a0Los verdaderos auriculares inal\u00e1mbricos tienen EarWings de silicona para garantizar que permanezcan seguros en sus o\u00eddos.\u00a0Use la aplicaci\u00f3n Soundcore para configurar los perfiles de los botones, personalizar su sonido y mucho m\u00e1s.\u00a0Empareje f\u00e1cilmente con su dispositivo y con\u00e9ctese autom\u00e1ticamente con el \u00faltimo dispositivo emparejado la pr\u00f3xima vez que use sus auriculares inal\u00e1mbricos verdaderos.\u00a0Life Dot 2S est\u00e1 equipado con 2 micr\u00f3fonos para llamadas claras.\u00a0Cambie al modo de auricular \u00fanico cuando haga llamadas o escuche m\u00fasica mientras mantiene la conciencia del mundo que lo rodea.\u00a0El estuche de carga se desliza f\u00e1cilmente en su bolso o bolsillo.<\/div>\n<\/div>\n<\/section>\n<\/div>\n<\/div>\n<\/div>\n<\/div>\n<div class=\"embedded-component-container lv product-features\">\n<h3><\/h3>\n<h3 class=\"heading-5 v-fw-regular feature-heading\"><strong>Caracter\u00edsticas<\/strong><\/h3>\n<ul>\n<li><strong>Sonido afinado por expertos<\/strong><br \/>\nLos aud\u00edfonos inal\u00e1mbricos verdaderos Life Dot 2S tienen controladores de gran tama\u00f1o de 8 mm con diafragmas compuestos de triple capa para producir un sonido potente con un 40 % m\u00e1s de graves, un 100 % m\u00e1s de agudos y medios claros.<\/li>\n<li><strong>Personaliza tu audio<\/strong><br \/>\nAdapte su experiencia auditiva a su propio perfil auditivo eligiendo entre 22 ecualizadores personalizados. Edite y guarde m\u00faltiples perfiles de sonido para que coincidan con lo que est\u00e9 escuchando.<\/li>\n<li><strong>Tiempo de reproducci\u00f3n prolongado<\/strong><br \/>\nEscuche durante 40 horas con el estuche y 10 horas sin el estuche.<\/li>\n<li><strong>2 formas de cargar<\/strong><br \/>\nUse el cable Anker USB-C incluido para cargar el estuche r\u00e1pidamente o simplemente col\u00f3quelo sobre una almohadilla de carga inal\u00e1mbrica para una recarga s\u00faper conveniente.<\/li>\n<li><strong>Modo de auricular \u00fanico<\/strong><br \/>\nA veces solo quieres usar un auricular. Simplemente retire un auricular del estuche de carga, cierre la tapa y comience a escuchar.<\/li>\n<li><strong>Emparejamiento en un solo paso<\/strong><br \/>\nEn el momento en que abre el estuche de carga, los aud\u00edfonos inal\u00e1mbricos verdaderos Life Dot 2S ingresan inmediatamente al modo de emparejamiento.<\/li>\n<li><strong>IPX7 a prueba de agua<\/strong><br \/>\nLos verdaderos auriculares inal\u00e1mbricos Life Dot 2S son herm\u00e9ticos para mantenerlos protegidos mientras sudas o te atrapa la lluvia.<\/li>\n<\/ul>\n<\/div>\n","protected":false},"excerpt":{"rendered":"<p>Elija entre 22 ecualizadores diferentes para adaptar su experiencia auditiva.\u00a0Edite y guarde varios perfiles de sonido para que coincidan con el g\u00e9nero, la canci\u00f3n y el entorno.\u00a0Disfrute de 10 horas<\/p>\n","protected":false},"featured_media":83279,"comment_status":"open","ping_status":"closed","template":"","meta":{"_acf_changed":false,"_joinchat":[]},"product_brand":[],"product_cat":[294,300,304],"product_tag":[],"class_list":{"0":"post-83277","1":"product","2":"type-product","3":"status-publish","4":"has-post-thumbnail","6":"product_cat-audio","7":"product_cat-audifonos","8":"product_cat-inalambricos","10":"first","11":"instock","12":"sale","13":"shipping-taxable","14":"purchasable","15":"product-type-simple"},"acf":[],"_links":{"self":[{"href":"https:\/\/defabrica.com.mx\/defabrica\/wp-json\/wp\/v2\/product\/83277","targetHints":{"allow":["GET"]}}],"collection":[{"href":"https:\/\/defabrica.com.mx\/defabrica\/wp-json\/wp\/v2\/product"}],"about":[{"href":"https:\/\/defabrica.com.mx\/defabrica\/wp-json\/wp\/v2\/types\/product"}],"replies":[{"embeddable":true,"href":"https:\/\/defabrica.com.mx\/defabrica\/wp-json\/wp\/v2\/comments?post=83277"}],"wp:featuredmedia":[{"embeddable":true,"href":"https:\/\/defabrica.com.mx\/defabrica\/wp-json\/wp\/v2\/media\/83279"}],"wp:attachment":[{"href":"https:\/\/defabrica.com.mx\/defabrica\/wp-json\/wp\/v2\/media?parent=83277"}],"wp:term":[{"taxonomy":"product_brand","embeddable":true,"href":"https:\/\/defabrica.com.mx\/defabrica\/wp-json\/wp\/v2\/product_brand?post=83277"},{"taxonomy":"product_cat","embeddable":true,"href":"https:\/\/defabrica.com.mx\/defabrica\/wp-json\/wp\/v2\/product_cat?post=83277"},{"taxonomy":"product_tag","embeddable":true,"href":"https:\/\/defabrica.com.mx\/defabrica\/wp-json\/wp\/v2\/product_tag?post=83277"}],"curies":[{"name":"wp","href":"https:\/\/api.w.org\/{rel}","templated":true}]}}