{"id":83236,"date":"2022-06-13T21:41:29","date_gmt":"2022-06-14T02:41:29","guid":{"rendered":"https:\/\/defabrica.com.mx\/defabrica\/?post_type=product&#038;p=83236"},"modified":"2022-12-11T13:06:34","modified_gmt":"2022-12-11T19:06:34","slug":"sudio-auriculares-intrauditivos-t2-true-wireless-con-cancelacion-de-ruido-negro","status":"publish","type":"product","link":"https:\/\/defabrica.com.mx\/defabrica\/producto\/sudio-auriculares-intrauditivos-t2-true-wireless-con-cancelacion-de-ruido-negro\/","title":{"rendered":"Sudio &#8211; Auriculares intrauditivos T2 True Wireless con cancelaci\u00f3n de ruido &#8211; Negro"},"content":{"rendered":"<div class=\"embedded-component-container lv product-description\">\n<div>\n<div id=\"shop-product-description-87019220\" class=\"_none\" data-version=\"1.3.44\">\n<div class=\"shop-product-description\">\n<section class=\"align-heading-left\" data-reactroot=\"\">\n<div class=\"long-description-container body-copy \">\n<div class=\"html-fragment\">Auriculares inal\u00e1mbricos Sudio T2 con Bluetooth 5.2, cancelaci\u00f3n activa de ruido y micr\u00f3fonos integrados.\u00a0El T2 tiene 35 horas de reproducci\u00f3n con carga r\u00e1pida.<\/div>\n<\/div>\n<\/section>\n<\/div>\n<\/div>\n<\/div>\n<\/div>\n<div class=\"embedded-component-container lv product-features\">\n<h3><\/h3>\n<h3 class=\"heading-5 v-fw-regular feature-heading\"><strong>Caracter\u00edsticas<\/strong><\/h3>\n<ul>\n<li><strong>Cancelaci\u00f3n activa de ruido (ANC)<\/strong><br \/>\nCon la tecnolog\u00eda de cancelaci\u00f3n activa de ruido feedforward, Sudio T2 crea una experiencia auditiva m\u00e1s profunda e inmersiva al analizar el ruido ambiental y generar antifrecuencias en tiempo real.<\/li>\n<li><strong>Micr\u00f3fonos de formaci\u00f3n de haces \/ Cancelaci\u00f3n de ruido ambiental (ENC<\/strong><br \/>\nLos micr\u00f3fonos de formaci\u00f3n de haces controlan el ruido ambiental para lograr llamadas m\u00e1s claras, mientras que el controlador din\u00e1mico brinda un sonido n\u00edtido e intransigente.<\/li>\n<li><strong>Carga rapida<\/strong><br \/>\nCon hasta 35 horas de duraci\u00f3n de la bater\u00eda con el estuche de carga y 7,5 horas de tiempo de escucha con una sola carga. \u00bfOlvidaste conectarte? Energ\u00edzate con hasta 2 horas de tiempo de escucha en una sola carga r\u00e1pida de 10 minutos.<\/li>\n<li><strong>Controlador din\u00e1mico<\/strong><br \/>\nSudio T2 est\u00e1 dise\u00f1ado en torno a su controlador din\u00e1mico, encajando perfectamente sin compromiso. Un controlador que no requiere sintonizaci\u00f3n, lo que significa un escenario de sonido m\u00e1s n\u00edtido, claro y amplio a un volumen m\u00e1s alto<\/li>\n<li><strong>Ajuste mejorado:<\/strong><br \/>\nDespu\u00e9s de 17 iteraciones, b\u00fasquedas en dos continentes y pruebas en m\u00e1s de 400 o\u00eddos, las nuevas puntas para los o\u00eddos de Sudio T2 ofrecen el equilibrio perfecto entre ajuste y comodidad para cualquier tama\u00f1o de o\u00eddo, desde XS hasta L.<\/li>\n<\/ul>\n<\/div>\n","protected":false},"excerpt":{"rendered":"<p>Auriculares inal\u00e1mbricos Sudio T2 con Bluetooth 5.2, cancelaci\u00f3n activa de ruido y micr\u00f3fonos integrados.\u00a0El T2 tiene 35 horas de reproducci\u00f3n con carga r\u00e1pida. Caracter\u00edsticas Cancelaci\u00f3n activa de ruido (ANC) Con<\/p>\n","protected":false},"featured_media":83238,"comment_status":"open","ping_status":"closed","template":"","meta":{"_acf_changed":false,"_joinchat":[]},"product_brand":[],"product_cat":[294,300,304],"product_tag":[],"class_list":{"0":"post-83236","1":"product","2":"type-product","3":"status-publish","4":"has-post-thumbnail","6":"product_cat-audio","7":"product_cat-audifonos","8":"product_cat-inalambricos","10":"first","11":"instock","12":"sale","13":"shipping-taxable","14":"purchasable","15":"product-type-simple"},"acf":[],"_links":{"self":[{"href":"https:\/\/defabrica.com.mx\/defabrica\/wp-json\/wp\/v2\/product\/83236","targetHints":{"allow":["GET"]}}],"collection":[{"href":"https:\/\/defabrica.com.mx\/defabrica\/wp-json\/wp\/v2\/product"}],"about":[{"href":"https:\/\/defabrica.com.mx\/defabrica\/wp-json\/wp\/v2\/types\/product"}],"replies":[{"embeddable":true,"href":"https:\/\/defabrica.com.mx\/defabrica\/wp-json\/wp\/v2\/comments?post=83236"}],"wp:featuredmedia":[{"embeddable":true,"href":"https:\/\/defabrica.com.mx\/defabrica\/wp-json\/wp\/v2\/media\/83238"}],"wp:attachment":[{"href":"https:\/\/defabrica.com.mx\/defabrica\/wp-json\/wp\/v2\/media?parent=83236"}],"wp:term":[{"taxonomy":"product_brand","embeddable":true,"href":"https:\/\/defabrica.com.mx\/defabrica\/wp-json\/wp\/v2\/product_brand?post=83236"},{"taxonomy":"product_cat","embeddable":true,"href":"https:\/\/defabrica.com.mx\/defabrica\/wp-json\/wp\/v2\/product_cat?post=83236"},{"taxonomy":"product_tag","embeddable":true,"href":"https:\/\/defabrica.com.mx\/defabrica\/wp-json\/wp\/v2\/product_tag?post=83236"}],"curies":[{"name":"wp","href":"https:\/\/api.w.org\/{rel}","templated":true}]}}