{"id":83230,"date":"2022-06-13T21:38:25","date_gmt":"2022-06-14T02:38:25","guid":{"rendered":"https:\/\/defabrica.com.mx\/defabrica\/?post_type=product&#038;p=83230"},"modified":"2022-12-11T13:06:18","modified_gmt":"2022-12-11T19:06:18","slug":"sudio-nio-true-wireless-in-ear-earbuds-marron","status":"publish","type":"product","link":"https:\/\/defabrica.com.mx\/defabrica\/producto\/sudio-nio-true-wireless-in-ear-earbuds-marron\/","title":{"rendered":"Sudio &#8211; Nio True Wireless In-Ear Earbuds &#8211; marr\u00f3n"},"content":{"rendered":"<div class=\"embedded-component-container lv product-description\">\n<div>\n<div id=\"shop-product-description-56609265\" class=\"_none\" data-version=\"1.3.44\">\n<div class=\"shop-product-description\">\n<section class=\"align-heading-left\" data-reactroot=\"\">\n<div class=\"long-description-container body-copy \">\n<div class=\"html-fragment\">Deje que Nio transforme su experiencia auditiva.\u00a0Nuestro dise\u00f1o intuitivo cuenta con 4 tama\u00f1os de ala que le permiten dar forma a su experiencia de sonido en torno a sus preferencias individuales.\u00a0La protecci\u00f3n contra el agua con clasificaci\u00f3n IPX5 y la tecnolog\u00eda de micr\u00f3fono ENC garantizan que siempre tenga el control de su experiencia de sonido.\u00a0Crea una conexi\u00f3n con tu sonido con Nio.<\/div>\n<\/div>\n<\/section>\n<\/div>\n<\/div>\n<\/div>\n<\/div>\n<div class=\"embedded-component-container lv product-features\">\n<h3><\/h3>\n<h3 class=\"heading-5 v-fw-regular feature-heading\"><strong>Caracter\u00edsticas<\/strong><\/h3>\n<ul>\n<li><strong>Tecnolog\u00eda inal\u00e1mbrica<\/strong><br \/>\nViene con Bluetooth 5.0.<\/li>\n<li><strong>Tecnolog\u00eda adaptativa de doble micr\u00f3fono<\/strong><br \/>\nFiltra el ruido de fondo no deseado mientras est\u00e1s en una llamada, mientras que los 4 tama\u00f1os de ala te permiten encontrar tu propio entorno sonoro c\u00f3modo.<\/li>\n<li><strong>IPX4<\/strong><br \/>\nA prueba de salpicaduras<\/li>\n<li><strong>Ajuste de punta de ala<\/strong><br \/>\nViene con 4 tama\u00f1os de ala que le permiten encontrar su propio paisaje sonoro c\u00f3modo.<\/li>\n<li><strong>Tiempo de juego<\/strong><br \/>\nJuega 5,5 horas y 20 horas en total.<\/li>\n<\/ul>\n<\/div>\n","protected":false},"excerpt":{"rendered":"<p>Deje que Nio transforme su experiencia auditiva.\u00a0Nuestro dise\u00f1o intuitivo cuenta con 4 tama\u00f1os de ala que le permiten dar forma a su experiencia de sonido en torno a sus preferencias<\/p>\n","protected":false},"featured_media":83232,"comment_status":"open","ping_status":"closed","template":"","meta":{"_acf_changed":false,"_joinchat":[]},"product_brand":[],"product_cat":[294,300,304],"product_tag":[],"class_list":{"0":"post-83230","1":"product","2":"type-product","3":"status-publish","4":"has-post-thumbnail","6":"product_cat-audio","7":"product_cat-audifonos","8":"product_cat-inalambricos","10":"first","11":"instock","12":"sale","13":"shipping-taxable","14":"purchasable","15":"product-type-simple"},"acf":[],"_links":{"self":[{"href":"https:\/\/defabrica.com.mx\/defabrica\/wp-json\/wp\/v2\/product\/83230","targetHints":{"allow":["GET"]}}],"collection":[{"href":"https:\/\/defabrica.com.mx\/defabrica\/wp-json\/wp\/v2\/product"}],"about":[{"href":"https:\/\/defabrica.com.mx\/defabrica\/wp-json\/wp\/v2\/types\/product"}],"replies":[{"embeddable":true,"href":"https:\/\/defabrica.com.mx\/defabrica\/wp-json\/wp\/v2\/comments?post=83230"}],"wp:featuredmedia":[{"embeddable":true,"href":"https:\/\/defabrica.com.mx\/defabrica\/wp-json\/wp\/v2\/media\/83232"}],"wp:attachment":[{"href":"https:\/\/defabrica.com.mx\/defabrica\/wp-json\/wp\/v2\/media?parent=83230"}],"wp:term":[{"taxonomy":"product_brand","embeddable":true,"href":"https:\/\/defabrica.com.mx\/defabrica\/wp-json\/wp\/v2\/product_brand?post=83230"},{"taxonomy":"product_cat","embeddable":true,"href":"https:\/\/defabrica.com.mx\/defabrica\/wp-json\/wp\/v2\/product_cat?post=83230"},{"taxonomy":"product_tag","embeddable":true,"href":"https:\/\/defabrica.com.mx\/defabrica\/wp-json\/wp\/v2\/product_tag?post=83230"}],"curies":[{"name":"wp","href":"https:\/\/api.w.org\/{rel}","templated":true}]}}