{"id":83218,"date":"2022-06-13T21:26:52","date_gmt":"2022-06-14T02:26:52","guid":{"rendered":"https:\/\/defabrica.com.mx\/defabrica\/?post_type=product&#038;p=83218"},"modified":"2022-12-11T13:05:43","modified_gmt":"2022-12-11T19:05:43","slug":"sudio-audifonos-internos-inalambricos-con-cancelacion-de-ruido-elva-true-blanco","status":"publish","type":"product","link":"https:\/\/defabrica.com.mx\/defabrica\/producto\/sudio-audifonos-internos-inalambricos-con-cancelacion-de-ruido-elva-true-blanco\/","title":{"rendered":"Sudio &#8211; Aud\u00edfonos internos inal\u00e1mbricos con cancelaci\u00f3n de ruido Elva True &#8211; Blanco"},"content":{"rendered":"<div class=\"embedded-component-container lv product-description\">\n<div>\n<div id=\"shop-product-description-90584213\" class=\"_none\" data-version=\"1.3.44\">\n<div class=\"shop-product-description\">\n<section class=\"align-heading-left\" data-reactroot=\"\">\n<div class=\"long-description-container body-copy \">\n<div class=\"html-fragment\">Con la cancelaci\u00f3n activa de ruido, Elva te brinda control total de tu m\u00fasica y llamadas en cualquier entorno.\u00a0Cuenta con un cable antienredos dise\u00f1ado para permanecer seguro alrededor de su cuello y le brinda f\u00e1cil acceso al puerto de carga.\u00a0Con nuestro adaptador Bluetooth, puede conectarse a cualquier dispositivo anal\u00f3gico, como consolas de juegos, lo que hace que sea m\u00e1s f\u00e1cil que nunca mejorar su experiencia de sonido.<\/div>\n<\/div>\n<\/section>\n<\/div>\n<\/div>\n<\/div>\n<\/div>\n<div class=\"embedded-component-container lv product-features\">\n<h3><\/h3>\n<h3 class=\"heading-5 v-fw-regular feature-heading\"><strong>Caracter\u00edsticas<\/strong><\/h3>\n<ul>\n<li><strong>adaptador de vuelo bluetooth<\/strong><br \/>\nViene con adaptador de vuelo bluetooth incluido en el paquete.<\/li>\n<li><strong>Cancelaci\u00f3n activa de ruido<\/strong><br \/>\nLa cancelaci\u00f3n activa de ruido de Elva crea una experiencia auditiva inmersiva mientras usa un cable que no se enreda y un ajuste seguro que nunca tendr\u00e1 que relajarse.<\/li>\n<li><strong>Tiempo de juego<\/strong><br \/>\n11 horas de m\u00fasica y 10 horas con ANC.<\/li>\n<li><strong>Voz<\/strong><br \/>\nViene con asistente de voz y micr\u00f3fono.<\/li>\n<li><strong>Tecnolog\u00eda inal\u00e1mbrica<\/strong><br \/>\nViene con Bluetooth 5.0.<\/li>\n<\/ul>\n<\/div>\n","protected":false},"excerpt":{"rendered":"<p>Con la cancelaci\u00f3n activa de ruido, Elva te brinda control total de tu m\u00fasica y llamadas en cualquier entorno.\u00a0Cuenta con un cable antienredos dise\u00f1ado para permanecer seguro alrededor de su<\/p>\n","protected":false},"featured_media":83220,"comment_status":"open","ping_status":"closed","template":"","meta":{"_acf_changed":false,"_joinchat":[]},"product_brand":[],"product_cat":[294,300,304],"product_tag":[],"class_list":{"0":"post-83218","1":"product","2":"type-product","3":"status-publish","4":"has-post-thumbnail","6":"product_cat-audio","7":"product_cat-audifonos","8":"product_cat-inalambricos","10":"first","11":"instock","12":"sale","13":"shipping-taxable","14":"purchasable","15":"product-type-simple"},"acf":[],"_links":{"self":[{"href":"https:\/\/defabrica.com.mx\/defabrica\/wp-json\/wp\/v2\/product\/83218","targetHints":{"allow":["GET"]}}],"collection":[{"href":"https:\/\/defabrica.com.mx\/defabrica\/wp-json\/wp\/v2\/product"}],"about":[{"href":"https:\/\/defabrica.com.mx\/defabrica\/wp-json\/wp\/v2\/types\/product"}],"replies":[{"embeddable":true,"href":"https:\/\/defabrica.com.mx\/defabrica\/wp-json\/wp\/v2\/comments?post=83218"}],"wp:featuredmedia":[{"embeddable":true,"href":"https:\/\/defabrica.com.mx\/defabrica\/wp-json\/wp\/v2\/media\/83220"}],"wp:attachment":[{"href":"https:\/\/defabrica.com.mx\/defabrica\/wp-json\/wp\/v2\/media?parent=83218"}],"wp:term":[{"taxonomy":"product_brand","embeddable":true,"href":"https:\/\/defabrica.com.mx\/defabrica\/wp-json\/wp\/v2\/product_brand?post=83218"},{"taxonomy":"product_cat","embeddable":true,"href":"https:\/\/defabrica.com.mx\/defabrica\/wp-json\/wp\/v2\/product_cat?post=83218"},{"taxonomy":"product_tag","embeddable":true,"href":"https:\/\/defabrica.com.mx\/defabrica\/wp-json\/wp\/v2\/product_tag?post=83218"}],"curies":[{"name":"wp","href":"https:\/\/api.w.org\/{rel}","templated":true}]}}