{"id":83200,"date":"2022-06-13T21:11:56","date_gmt":"2022-06-14T02:11:56","guid":{"rendered":"https:\/\/defabrica.com.mx\/defabrica\/?post_type=product&#038;p=83200"},"modified":"2022-12-11T13:04:29","modified_gmt":"2022-12-11T19:04:29","slug":"tascam-th-07-auriculares-con-cable-sobre-la-oreja-negro","status":"publish","type":"product","link":"https:\/\/defabrica.com.mx\/defabrica\/producto\/tascam-th-07-auriculares-con-cable-sobre-la-oreja-negro\/","title":{"rendered":"TASCAM &#8211; TH-07 Auriculares con cable sobre la oreja &#8211; Negro"},"content":{"rendered":"<p>Experimente una claridad de sonido \u00f3ptima con estos auriculares de monitor de alta definici\u00f3n TASCAM.\u00a0Los auriculares de cuero sint\u00e9tico suave y la diadema acolchada proporcionan un ajuste c\u00f3modo, mientras que el dise\u00f1o plegable y la bolsa de transporte incluida ofrecen un f\u00e1cil transporte.\u00a0Estos auriculares de monitor de alta definici\u00f3n TASCAM vienen con dos cables desmontables para una conexi\u00f3n flexible a los dispositivos de audio.<\/p>\n<h3><\/h3>\n<h3 class=\"heading-5 v-fw-regular feature-heading\"><strong>Caracter\u00edsticas<\/strong><\/h3>\n<ul>\n<li><strong>Dise\u00f1o sobre la oreja<\/strong><br \/>\nPara un ajuste seguro.<\/li>\n<li><strong>Dise\u00f1o plegable<\/strong><br \/>\nJunto con un estuche de transporte incluido, permite una f\u00e1cil portabilidad.<\/li>\n<li><strong>controladores de 50 mm<\/strong><br \/>\nOfrece un sonido potente.<\/li>\n<li><strong>Respuesta de frecuencia de 10 Hz &#8211; 30 kHz<\/strong><br \/>\nPara una reproducci\u00f3n fiel del sonido.<\/li>\n<li><strong>Dise\u00f1o de transductor din\u00e1mico<\/strong><br \/>\nPara audio de calidad de referencia.<\/li>\n<li><strong>Sensibilidad de 100dB<\/strong><br \/>\nProporciona un audio potente.<\/li>\n<li><strong>Dise\u00f1o est\u00e9reo<\/strong><br \/>\nOfrece tonos n\u00edtidos.<\/li>\n<\/ul>\n","protected":false},"excerpt":{"rendered":"<p>Experimente una claridad de sonido \u00f3ptima con estos auriculares de monitor de alta definici\u00f3n TASCAM.\u00a0Los auriculares de cuero sint\u00e9tico suave y la diadema acolchada proporcionan un ajuste c\u00f3modo, mientras que<\/p>\n","protected":false},"featured_media":83202,"comment_status":"open","ping_status":"closed","template":"","meta":{"_acf_changed":false,"_joinchat":[]},"product_brand":[],"product_cat":[294,300,736],"product_tag":[],"class_list":{"0":"post-83200","1":"product","2":"type-product","3":"status-publish","4":"has-post-thumbnail","6":"product_cat-audio","7":"product_cat-audifonos","8":"product_cat-alambricos","10":"first","11":"instock","12":"sale","13":"shipping-taxable","14":"purchasable","15":"product-type-simple"},"acf":[],"_links":{"self":[{"href":"https:\/\/defabrica.com.mx\/defabrica\/wp-json\/wp\/v2\/product\/83200","targetHints":{"allow":["GET"]}}],"collection":[{"href":"https:\/\/defabrica.com.mx\/defabrica\/wp-json\/wp\/v2\/product"}],"about":[{"href":"https:\/\/defabrica.com.mx\/defabrica\/wp-json\/wp\/v2\/types\/product"}],"replies":[{"embeddable":true,"href":"https:\/\/defabrica.com.mx\/defabrica\/wp-json\/wp\/v2\/comments?post=83200"}],"wp:featuredmedia":[{"embeddable":true,"href":"https:\/\/defabrica.com.mx\/defabrica\/wp-json\/wp\/v2\/media\/83202"}],"wp:attachment":[{"href":"https:\/\/defabrica.com.mx\/defabrica\/wp-json\/wp\/v2\/media?parent=83200"}],"wp:term":[{"taxonomy":"product_brand","embeddable":true,"href":"https:\/\/defabrica.com.mx\/defabrica\/wp-json\/wp\/v2\/product_brand?post=83200"},{"taxonomy":"product_cat","embeddable":true,"href":"https:\/\/defabrica.com.mx\/defabrica\/wp-json\/wp\/v2\/product_cat?post=83200"},{"taxonomy":"product_tag","embeddable":true,"href":"https:\/\/defabrica.com.mx\/defabrica\/wp-json\/wp\/v2\/product_tag?post=83200"}],"curies":[{"name":"wp","href":"https:\/\/api.w.org\/{rel}","templated":true}]}}