{"id":83185,"date":"2022-06-13T20:58:46","date_gmt":"2022-06-14T01:58:46","guid":{"rendered":"https:\/\/defabrica.com.mx\/defabrica\/?post_type=product&#038;p=83185"},"modified":"2022-12-11T13:03:57","modified_gmt":"2022-12-11T19:03:57","slug":"v-moda-auriculares-crossfade-2-wireless-codex-premium-personalizables-sobre-la-oreja-blanco-mate","status":"publish","type":"product","link":"https:\/\/defabrica.com.mx\/defabrica\/producto\/v-moda-auriculares-crossfade-2-wireless-codex-premium-personalizables-sobre-la-oreja-blanco-mate\/","title":{"rendered":"V-MODA &#8211; Auriculares Crossfade 2 Wireless Codex Premium personalizables sobre la oreja &#8211; Blanco mate"},"content":{"rendered":"<div class=\"embedded-component-container lv product-description\">\n<div>\n<div id=\"shop-product-description-83872385\" class=\"_none\" data-version=\"1.3.44\">\n<div class=\"shop-product-description\">\n<section class=\"align-heading-left\" data-reactroot=\"\">\n<div class=\"long-description-container body-copy \">\n<div class=\"html-fragment\">Escuche sus canciones favoritas, sum\u00e9rjase en su videojuego favorito e incluso interact\u00fae con sus compa\u00f1eros de clase\/compa\u00f1eros de trabajo a trav\u00e9s de chat de video con los auriculares V-MODA Crossfade 2 Wireless CODEX.\u00a0La duradera banda para la cabeza con n\u00facleo de metal brinda comodidad durante todo el d\u00eda, y los controladores de doble diafragma de 50 mm brindan un amplio escenario de sonido con una firma de sonido equilibrada.\u00a0Por \u00faltimo, experimente hasta 14 horas de libertad inal\u00e1mbrica en audio con calidad de CD y reproducci\u00f3n ilimitada en modo con cable para alimentar su creatividad.\u00a0Compatibilidad con sistemas de juego: Xbox Series X|S (con cable), Xbox One (con cable), Playstation 4 (con cable), Playstation 5 (con cable), Nintendo Switch (con cable), PC y Mac<\/div>\n<\/div>\n<\/section>\n<\/div>\n<\/div>\n<\/div>\n<\/div>\n<div class=\"embedded-component-container lv product-features\">\n<h3><\/h3>\n<h3 class=\"heading-5 v-fw-regular feature-heading\"><strong>Caracter\u00edsticas<\/strong><\/h3>\n<ul>\n<li><strong>Impresionante calidad de audio<\/strong><br \/>\nEntrega de sonido impecable a trav\u00e9s de controladores de doble diafragma de 50 mm y bobinas CCAW japonesas mejoradas para crear un sonido superior, con cuerpo y un amplio escenario de sonido 3D<\/li>\n<li><strong>Protectores auditivos personalizables<\/strong><br \/>\nElija uno de los doce dise\u00f1os u opte por nuestro servicio de conserjer\u00eda de primera clase para que le hagan su propio dise\u00f1o especialmente para usted. Con su compra, recibir\u00e1 un c\u00f3digo VIP para elegir entre escudos personalizados gratuitos impresos en color o grabados con l\u00e1ser (valorados en $ 75)<\/li>\n<li><strong>Dise\u00f1o h\u00edbrido inal\u00e1mbrico y con cable<\/strong><br \/>\nConectividad Bluetooth con calidad de CD para que nunca m\u00e1s se sienta atado a su dispositivo, y conectividad por cable certificada de alta resoluci\u00f3n para un audio de calidad superior sin latencia<\/li>\n<li><strong>Bater\u00eda de iones de litio de larga duraci\u00f3n<\/strong><br \/>\nSi\u00e9ntase ilimitado con hasta 14 horas de excelencia de audio con una sola carga<\/li>\n<li><strong>Micr\u00f3fono incorporado<\/strong><br \/>\nAtienda todas sus necesidades de audio con un micr\u00f3fono incorporado cuando se conecta en modo Bluetooth y un cable de micr\u00f3fono de 1 bot\u00f3n agregado para un rendimiento sin latencia. Para llevar el rendimiento de su micr\u00f3fono con cable al siguiente nivel, el micr\u00f3fono Boom Pro opcional es el complemento perfecto.<\/li>\n<li><strong>Dise\u00f1o moderno y duradero.<\/strong><br \/>\nEl cuero vegano y el marco de acero le dan al Crossfade 2 Wireless CODEX un aspecto \u00fanico y una protecci\u00f3n contra ca\u00eddas y desgaste de grado militar. El dise\u00f1o plegable CliqFold tambi\u00e9n asegura la portabilidad.<\/li>\n<li><strong>Cojines de espuma viscoel\u00e1stica de gran tama\u00f1o.<\/strong><br \/>\nGrandes cojines de espuma viscoel\u00e1stica para garantizar una durabilidad excepcional y el ajuste m\u00e1s ligero y c\u00f3modo durante horas y horas.<\/li>\n<li><strong>Materiales de primera calidad<\/strong><br \/>\nEl cuero vegano y el marco de acero le dan un aspecto \u00fanico, un dise\u00f1o limpio y una durabilidad extrema.<\/li>\n<li><strong>Cojines viscoel\u00e1sticos tama\u00f1o L<\/strong><br \/>\nComodidad inigualable para sesiones de escucha prolongadas.<\/li>\n<li><strong>Durabilidad de grado militar<\/strong><br \/>\nExtremadamente duradero contra el desgaste intenso y las temperaturas extremas. Probado contra ca\u00eddas m\u00e1s de 70 veces (sigue las pautas MIL-STD-810G)<\/li>\n<\/ul>\n<\/div>\n","protected":false},"excerpt":{"rendered":"<p>Escuche sus canciones favoritas, sum\u00e9rjase en su videojuego favorito e incluso interact\u00fae con sus compa\u00f1eros de clase\/compa\u00f1eros de trabajo a trav\u00e9s de chat de video con los auriculares V-MODA Crossfade<\/p>\n","protected":false},"featured_media":83188,"comment_status":"open","ping_status":"closed","template":"","meta":{"_acf_changed":false,"_joinchat":[]},"product_brand":[],"product_cat":[294,300,304],"product_tag":[],"class_list":{"0":"post-83185","1":"product","2":"type-product","3":"status-publish","4":"has-post-thumbnail","6":"product_cat-audio","7":"product_cat-audifonos","8":"product_cat-inalambricos","10":"first","11":"instock","12":"sale","13":"shipping-taxable","14":"purchasable","15":"product-type-simple"},"acf":[],"_links":{"self":[{"href":"https:\/\/defabrica.com.mx\/defabrica\/wp-json\/wp\/v2\/product\/83185","targetHints":{"allow":["GET"]}}],"collection":[{"href":"https:\/\/defabrica.com.mx\/defabrica\/wp-json\/wp\/v2\/product"}],"about":[{"href":"https:\/\/defabrica.com.mx\/defabrica\/wp-json\/wp\/v2\/types\/product"}],"replies":[{"embeddable":true,"href":"https:\/\/defabrica.com.mx\/defabrica\/wp-json\/wp\/v2\/comments?post=83185"}],"wp:featuredmedia":[{"embeddable":true,"href":"https:\/\/defabrica.com.mx\/defabrica\/wp-json\/wp\/v2\/media\/83188"}],"wp:attachment":[{"href":"https:\/\/defabrica.com.mx\/defabrica\/wp-json\/wp\/v2\/media?parent=83185"}],"wp:term":[{"taxonomy":"product_brand","embeddable":true,"href":"https:\/\/defabrica.com.mx\/defabrica\/wp-json\/wp\/v2\/product_brand?post=83185"},{"taxonomy":"product_cat","embeddable":true,"href":"https:\/\/defabrica.com.mx\/defabrica\/wp-json\/wp\/v2\/product_cat?post=83185"},{"taxonomy":"product_tag","embeddable":true,"href":"https:\/\/defabrica.com.mx\/defabrica\/wp-json\/wp\/v2\/product_tag?post=83185"}],"curies":[{"name":"wp","href":"https:\/\/api.w.org\/{rel}","templated":true}]}}