{"id":83176,"date":"2022-06-13T20:54:45","date_gmt":"2022-06-14T01:54:45","guid":{"rendered":"https:\/\/defabrica.com.mx\/defabrica\/?post_type=product&#038;p=83176"},"modified":"2022-12-11T13:03:17","modified_gmt":"2022-12-11T19:03:17","slug":"v-moda-auriculares-con-cable-crossfade-m-100-master-para-colocar-sobre-las-orejas-negro-mate","status":"publish","type":"product","link":"https:\/\/defabrica.com.mx\/defabrica\/producto\/v-moda-auriculares-con-cable-crossfade-m-100-master-para-colocar-sobre-las-orejas-negro-mate\/","title":{"rendered":"V-MODA &#8211; Auriculares con cable Crossfade M-100 Master para colocar sobre las orejas &#8211; Negro mate"},"content":{"rendered":"<p>Produzca sonido de calidad cuando reproduzca m\u00fasica con estos auriculares V-Moda Crossfade Master negros mate.\u00a0Las almohadillas de espuma viscoel\u00e1stica y la diadema de cuero 100 % vegano aumentan la comodidad para el uso durante todo el d\u00eda, mientras que la bisagra CliqFold permite plegarse para facilitar el transporte.\u00a0Estos auriculares V-Moda Crossfade Master tienen un cable SpeakEasy de un bot\u00f3n con un micr\u00f3fono integrado para responder llamadas f\u00e1cilmente.<\/p>\n<h3><\/h3>\n<h3 class=\"heading-5 v-fw-regular feature-heading\"><strong>Caracter\u00edsticas<\/strong><\/h3>\n<ul>\n<li><strong>Resistente al sudor<\/strong><br \/>\nBrinda protecci\u00f3n contra el sudor, por lo que puede usar auriculares f\u00e1cilmente mientras hace ejercicio.<\/li>\n<li><strong>Micr\u00f3fono incorporado<\/strong><br \/>\nPermite chatear con manos libres a trav\u00e9s de un dispositivo compatible.<\/li>\n<li><strong>Dise\u00f1o sobre la oreja<\/strong><br \/>\nPara un ajuste seguro.<\/li>\n<li><strong>Dise\u00f1o plegable<\/strong><br \/>\nJunto con un estuche de transporte incluido, permite una f\u00e1cil portabilidad.<\/li>\n<li><strong>Controles de auriculares<\/strong><br \/>\nIncluye control remoto de 1 bot\u00f3n.<\/li>\n<li><strong>Conector chapado en oro de 3,5 mm<\/strong><br \/>\nPermite el uso con una variedad de dispositivos de audio.<\/li>\n<li><strong>controladores de 50 mm<\/strong><br \/>\nOfrece un sonido potente.<\/li>\n<li><strong>Dise\u00f1o est\u00e9reo<\/strong><br \/>\nOfrece tonos n\u00edtidos.<\/li>\n<\/ul>\n","protected":false},"excerpt":{"rendered":"<p>Produzca sonido de calidad cuando reproduzca m\u00fasica con estos auriculares V-Moda Crossfade Master negros mate.\u00a0Las almohadillas de espuma viscoel\u00e1stica y la diadema de cuero 100 % vegano aumentan la comodidad<\/p>\n","protected":false},"featured_media":83180,"comment_status":"open","ping_status":"closed","template":"","meta":{"_acf_changed":false,"_joinchat":[]},"product_brand":[],"product_cat":[294,300,736],"product_tag":[],"class_list":{"0":"post-83176","1":"product","2":"type-product","3":"status-publish","4":"has-post-thumbnail","6":"product_cat-audio","7":"product_cat-audifonos","8":"product_cat-alambricos","10":"first","11":"instock","12":"sale","13":"shipping-taxable","14":"purchasable","15":"product-type-simple"},"acf":[],"_links":{"self":[{"href":"https:\/\/defabrica.com.mx\/defabrica\/wp-json\/wp\/v2\/product\/83176","targetHints":{"allow":["GET"]}}],"collection":[{"href":"https:\/\/defabrica.com.mx\/defabrica\/wp-json\/wp\/v2\/product"}],"about":[{"href":"https:\/\/defabrica.com.mx\/defabrica\/wp-json\/wp\/v2\/types\/product"}],"replies":[{"embeddable":true,"href":"https:\/\/defabrica.com.mx\/defabrica\/wp-json\/wp\/v2\/comments?post=83176"}],"wp:featuredmedia":[{"embeddable":true,"href":"https:\/\/defabrica.com.mx\/defabrica\/wp-json\/wp\/v2\/media\/83180"}],"wp:attachment":[{"href":"https:\/\/defabrica.com.mx\/defabrica\/wp-json\/wp\/v2\/media?parent=83176"}],"wp:term":[{"taxonomy":"product_brand","embeddable":true,"href":"https:\/\/defabrica.com.mx\/defabrica\/wp-json\/wp\/v2\/product_brand?post=83176"},{"taxonomy":"product_cat","embeddable":true,"href":"https:\/\/defabrica.com.mx\/defabrica\/wp-json\/wp\/v2\/product_cat?post=83176"},{"taxonomy":"product_tag","embeddable":true,"href":"https:\/\/defabrica.com.mx\/defabrica\/wp-json\/wp\/v2\/product_tag?post=83176"}],"curies":[{"name":"wp","href":"https:\/\/api.w.org\/{rel}","templated":true}]}}