{"id":83000,"date":"2022-06-12T15:40:42","date_gmt":"2022-06-12T20:40:42","guid":{"rendered":"https:\/\/defabrica.com.mx\/defabrica\/?post_type=product&#038;p=83000"},"modified":"2022-12-11T13:01:40","modified_gmt":"2022-12-11T19:01:40","slug":"amazon-kindle-10-a-generacion-ninos-6-8gb-2019","status":"publish","type":"product","link":"https:\/\/defabrica.com.mx\/defabrica\/producto\/amazon-kindle-10-a-generacion-ninos-6-8gb-2019\/","title":{"rendered":"Amazon &#8211; Kindle (10.\u00aa generaci\u00f3n) Ni\u00f1os &#8211; 6&#8243; &#8211; 8GB &#8211; 2019"},"content":{"rendered":"<div class=\"embedded-component-container lv product-description\">\n<div>\n<div id=\"shop-product-description-19513956\" class=\"_none\" data-version=\"1.3.44\">\n<div class=\"shop-product-description\">\n<section class=\"align-heading-left\" data-reactroot=\"\">\n<div class=\"long-description-container body-copy \">\n<div class=\"html-fragment\">Lea sus novelas favoritas al aire libre con este Kindle de Amazon con Wi-Fi.\u00a0La pantalla t\u00e1ctil sin reflejos te permite resaltar pasajes y buscar palabras, mientras que la luz frontal ajustable significa que puedes leer con cualquier iluminaci\u00f3n.\u00a0Este Kindle de Amazon compatible con Bluetooth cuenta con una potente bater\u00eda que proporciona semanas de uso con una sola carga, y la memoria integrada de 8 GB tiene capacidad para miles de libros.\u00a0El paquete incluye una cubierta colorida, 1 a\u00f1o de Amazon Kids+ y una garant\u00eda sin preocupaciones de 2 a\u00f1os, con un valor de hasta $199.<\/div>\n<\/div>\n<\/section>\n<\/div>\n<\/div>\n<\/div>\n<\/div>\n<div class=\"embedded-component-container lv product-features\">\n<h3><\/h3>\n<h3 class=\"heading-5 v-fw-regular feature-heading\"><strong>Caracter\u00edsticas<\/strong><\/h3>\n<ul>\n<li><strong>\u00bfQu\u00e9 est\u00e1 incluido?<\/strong><br \/>\nIncluye un Kindle (10.\u00aa generaci\u00f3n), 1 a\u00f1o de Amazon Kids+, una funda apta para ni\u00f1os y 2 a\u00f1os de garant\u00eda sin preocupaciones, con un valor de hasta $199.<\/li>\n<li><strong>Herramientas Word Wise y Vocabulary Builder<\/strong><br \/>\nAyudar a fortalecer las habilidades de lectura.<\/li>\n<li><strong>Aligerar mochilas ya pesadas<\/strong><br \/>\nEste Kindle Kids tiene miles de t\u00edtulos para que puedas llevar tu biblioteca contigo.<\/li>\n<li><strong>Pantalla antideslumbrante de 6&#8243;<\/strong><br \/>\nEl dise\u00f1o frontal al ras y la pantalla sin reflejos de 167 ppp se lee como papel real, incluso a plena luz del sol.<\/li>\n<li><strong>Memoria interna de 8GB<\/strong><br \/>\nAsegura un mont\u00f3n de espacio para guardar sus revistas, c\u00f3mics y audiolibros.<\/li>\n<li><strong>Formatos de contenido compatibles<\/strong><br \/>\nIncluya Kindle Format 8 (AZW3), Kindle (AZW), TXT, PDF, MOBI sin protecci\u00f3n, PRC de forma nativa; HTML DOC, DOCX, JPEG, GIF, PNG, PMP mediante conversi\u00f3n; Formato de audio audible (AAX).<\/li>\n<li><strong>Puerto USB de alta velocidad<\/strong><br \/>\nPermite una conexi\u00f3n simple a su computadora con transferencias de datos r\u00e1pidas.<\/li>\n<li><strong>conectividad wifi<\/strong><br \/>\nExplore y compre nuevos libros y revistas de forma inal\u00e1mbrica.<\/li>\n<li><strong>Bater\u00eda de larga duraci\u00f3n<\/strong><br \/>\nUna sola carga de bater\u00eda dura semanas.<\/li>\n<\/ul>\n<\/div>\n","protected":false},"excerpt":{"rendered":"<p>Lea sus novelas favoritas al aire libre con este Kindle de Amazon con Wi-Fi.\u00a0La pantalla t\u00e1ctil sin reflejos te permite resaltar pasajes y buscar palabras, mientras que la luz frontal<\/p>\n","protected":false},"featured_media":83003,"comment_status":"open","ping_status":"closed","template":"","meta":{"_acf_changed":false,"_joinchat":[]},"product_brand":[],"product_cat":[408,409,261,410],"product_tag":[],"class_list":{"0":"post-83000","1":"product","2":"type-product","3":"status-publish","4":"has-post-thumbnail","6":"product_cat-celulares-y-tablets","7":"product_cat-tablets-y-ipad","8":"product_cat-amazon","9":"product_cat-todas-las-tablets","11":"first","12":"instock","13":"sale","14":"shipping-taxable","15":"purchasable","16":"product-type-simple"},"acf":[],"_links":{"self":[{"href":"https:\/\/defabrica.com.mx\/defabrica\/wp-json\/wp\/v2\/product\/83000","targetHints":{"allow":["GET"]}}],"collection":[{"href":"https:\/\/defabrica.com.mx\/defabrica\/wp-json\/wp\/v2\/product"}],"about":[{"href":"https:\/\/defabrica.com.mx\/defabrica\/wp-json\/wp\/v2\/types\/product"}],"replies":[{"embeddable":true,"href":"https:\/\/defabrica.com.mx\/defabrica\/wp-json\/wp\/v2\/comments?post=83000"}],"wp:featuredmedia":[{"embeddable":true,"href":"https:\/\/defabrica.com.mx\/defabrica\/wp-json\/wp\/v2\/media\/83003"}],"wp:attachment":[{"href":"https:\/\/defabrica.com.mx\/defabrica\/wp-json\/wp\/v2\/media?parent=83000"}],"wp:term":[{"taxonomy":"product_brand","embeddable":true,"href":"https:\/\/defabrica.com.mx\/defabrica\/wp-json\/wp\/v2\/product_brand?post=83000"},{"taxonomy":"product_cat","embeddable":true,"href":"https:\/\/defabrica.com.mx\/defabrica\/wp-json\/wp\/v2\/product_cat?post=83000"},{"taxonomy":"product_tag","embeddable":true,"href":"https:\/\/defabrica.com.mx\/defabrica\/wp-json\/wp\/v2\/product_tag?post=83000"}],"curies":[{"name":"wp","href":"https:\/\/api.w.org\/{rel}","templated":true}]}}