{"id":82993,"date":"2022-06-12T15:37:14","date_gmt":"2022-06-12T20:37:14","guid":{"rendered":"https:\/\/defabrica.com.mx\/defabrica\/?post_type=product&#038;p=82993"},"modified":"2022-12-11T13:01:24","modified_gmt":"2022-12-11T19:01:24","slug":"amazon-fire-hd-8-10th-generation-8-tableta-64gb-ciruela","status":"publish","type":"product","link":"https:\/\/defabrica.com.mx\/defabrica\/producto\/amazon-fire-hd-8-10th-generation-8-tableta-64gb-ciruela\/","title":{"rendered":"Amazon &#8211; Fire HD 8 10th Generation &#8211; 8&#8243; &#8211; Tableta &#8211; 64GB &#8211; Ciruela"},"content":{"rendered":"<p>Transmita sus videos favoritos f\u00e1cilmente con esta tableta Amazon Fire HD 8 de 8 pulgadas.\u00a0Los 64 GB de almacenamiento interno ofrecen un amplio espacio y se pueden ampliar hasta 1 TB, mientras que la bater\u00eda recargable ofrece hasta 12 horas de uso.\u00a0Esta tableta Amazon Fire HD 8 cuenta con un procesador de cuatro n\u00facleos de 2,0 GHz para un rendimiento r\u00e1pido, y la funci\u00f3n Amazon FreeTime le permite configurar perfiles de ni\u00f1os para uso educativo.<\/p>\n<h3><\/h3>\n<h3 class=\"heading-5 v-fw-regular feature-heading\"><strong>Caracter\u00edsticas<\/strong><\/h3>\n<ul>\n<li><strong>R\u00e1pido y receptivo<\/strong><br \/>\nTransmita pel\u00edculas, vea videos o juegue con el Wi-Fi mejorado. Disfruta del contenido descargado todo el d\u00eda con la duraci\u00f3n de la bater\u00eda de 12 horas. USB-C para una carga m\u00e1s f\u00e1cil cuando necesite volver a encender.<\/li>\n<li><strong>Dise\u00f1ado para el entretenimiento<\/strong><br \/>\nDisfruta de tus pel\u00edculas favoritas, episodios de TV, aplicaciones, libros electr\u00f3nicos y canciones, adem\u00e1s de juegos que puedes jugar sin distracciones en el Modo Juego. Transmita y descargue videos de Netflix, Prime Video, Disney+ y SHOWTIME o realice videollamadas en aplicaciones como Zoom.<\/li>\n<li><strong>Conoce a Alexa<\/strong><br \/>\nAlexa te conecta con la informaci\u00f3n, el entretenimiento y las personas que m\u00e1s te importan, solo con tu voz. Solicite reproducir videos y m\u00fasica, abrir aplicaciones, verificar el clima, llamar o enviar mensajes a casi cualquier persona y mucho m\u00e1s.<\/li>\n<li><strong>tiempo libre de Amazon<\/strong><br \/>\nPermite crear perfiles de ni\u00f1os para limitar el tiempo de pantalla, establecer objetivos educativos y administrar contenido con controles parentales f\u00e1ciles de usar. FreeTime es gratis en todas las tabletas Fire, o suscr\u00edbete a FreeTime Unlimited para acceder a m\u00e1s de 20 000 t\u00edtulos para ni\u00f1os.<\/li>\n<li><strong>Sistema operativo Fire OS 7<\/strong><br \/>\nAcceda al instante a sus aplicaciones favoritas a trav\u00e9s de Amazon App Store.<\/li>\n<li><strong>Pantalla de 8&#8243; con resoluci\u00f3n de 1280 x 800<\/strong><br \/>\nResoluci\u00f3n n\u00edtida y brillante para ver pel\u00edculas, navegar por la web, leer libros y m\u00e1s.<\/li>\n<li><strong>Almacenamiento interno de 64 GB m\u00e1s ranura microSD<\/strong><br \/>\nDisfruta de mucho espacio para m\u00fasica, pel\u00edculas, fotos y m\u00e1s. Ampl\u00ede su almacenamiento hasta 1 TB con una tarjeta microSD (se vende por separado).<\/li>\n<li><strong>Procesador de cuatro n\u00facleos<\/strong><br \/>\nLa combinaci\u00f3n correcta de rendimiento r\u00e1pido y eficiencia energ\u00e9tica. Permite realizar m\u00faltiples tareas r\u00e1pidamente, ofrece una respuesta fluida y libera gr\u00e1ficos impresionantes.<\/li>\n<li><strong>C\u00e1maras HD duales para fotos y chat cara a cara<\/strong><br \/>\nC\u00e1maras frontal y trasera de 2 MP con grabaci\u00f3n de video HD de 720p.<\/li>\n<\/ul>\n","protected":false},"excerpt":{"rendered":"<p>Transmita sus videos favoritos f\u00e1cilmente con esta tableta Amazon Fire HD 8 de 8 pulgadas.\u00a0Los 64 GB de almacenamiento interno ofrecen un amplio espacio y se pueden ampliar hasta 1<\/p>\n","protected":false},"featured_media":82998,"comment_status":"open","ping_status":"closed","template":"","meta":{"_acf_changed":false,"_joinchat":[]},"product_brand":[],"product_cat":[408,409,261,410],"product_tag":[],"class_list":{"0":"post-82993","1":"product","2":"type-product","3":"status-publish","4":"has-post-thumbnail","6":"product_cat-celulares-y-tablets","7":"product_cat-tablets-y-ipad","8":"product_cat-amazon","9":"product_cat-todas-las-tablets","11":"first","12":"instock","13":"sale","14":"shipping-taxable","15":"purchasable","16":"product-type-simple"},"acf":[],"_links":{"self":[{"href":"https:\/\/defabrica.com.mx\/defabrica\/wp-json\/wp\/v2\/product\/82993","targetHints":{"allow":["GET"]}}],"collection":[{"href":"https:\/\/defabrica.com.mx\/defabrica\/wp-json\/wp\/v2\/product"}],"about":[{"href":"https:\/\/defabrica.com.mx\/defabrica\/wp-json\/wp\/v2\/types\/product"}],"replies":[{"embeddable":true,"href":"https:\/\/defabrica.com.mx\/defabrica\/wp-json\/wp\/v2\/comments?post=82993"}],"wp:featuredmedia":[{"embeddable":true,"href":"https:\/\/defabrica.com.mx\/defabrica\/wp-json\/wp\/v2\/media\/82998"}],"wp:attachment":[{"href":"https:\/\/defabrica.com.mx\/defabrica\/wp-json\/wp\/v2\/media?parent=82993"}],"wp:term":[{"taxonomy":"product_brand","embeddable":true,"href":"https:\/\/defabrica.com.mx\/defabrica\/wp-json\/wp\/v2\/product_brand?post=82993"},{"taxonomy":"product_cat","embeddable":true,"href":"https:\/\/defabrica.com.mx\/defabrica\/wp-json\/wp\/v2\/product_cat?post=82993"},{"taxonomy":"product_tag","embeddable":true,"href":"https:\/\/defabrica.com.mx\/defabrica\/wp-json\/wp\/v2\/product_tag?post=82993"}],"curies":[{"name":"wp","href":"https:\/\/api.w.org\/{rel}","templated":true}]}}