{"id":82980,"date":"2022-06-12T15:27:24","date_gmt":"2022-06-12T20:27:24","guid":{"rendered":"https:\/\/defabrica.com.mx\/defabrica\/?post_type=product&#038;p=82980"},"modified":"2022-12-11T13:00:53","modified_gmt":"2022-12-11T19:00:53","slug":"amazon-fire-7-tablet-pantalla-de-7-32-gb-ciruela","status":"publish","type":"product","link":"https:\/\/defabrica.com.mx\/defabrica\/producto\/amazon-fire-7-tablet-pantalla-de-7-32-gb-ciruela\/","title":{"rendered":"Amazon &#8211; Fire 7 Tablet (pantalla de 7&#8243;, 32 GB) &#8211; Ciruela"},"content":{"rendered":"<div class=\"embedded-component-container lv product-description\">\n<div>\n<div id=\"shop-product-description-53214996\" class=\"_none\" data-version=\"1.3.44\">\n<div class=\"shop-product-description\">\n<section class=\"align-heading-left\" data-reactroot=\"\">\n<div class=\"long-description-container body-copy \">\n<div class=\"html-fragment\">Tablet Fire 7 (pantalla de 7&#8243;, 32 GB) &#8211; Ciruela<\/div>\n<\/div>\n<\/section>\n<\/div>\n<\/div>\n<\/div>\n<\/div>\n<div class=\"embedded-component-container lv product-features\">\n<h3><\/h3>\n<h3 class=\"heading-5 v-fw-regular feature-heading\"><strong>Caracter\u00edsticas<\/strong><\/h3>\n<ul>\n<li><strong>Precio min\u00fasculo. Mayor diversi\u00f3n.<\/strong><br \/>\nDise\u00f1ado y probado por Amazon: ahora el doble de almacenamiento, un procesador quad-core m\u00e1s r\u00e1pido, manos libres con Alexa y el doble de duradero que el \u00faltimo iPad mini. Complete tareas, disfrute de pel\u00edculas mientras viaja, explore recetas o preg\u00fantele a Alexa por el clima, haga que su d\u00eda sea m\u00e1s f\u00e1cil.<\/li>\n<li><strong>Dise\u00f1ado para el entretenimiento.<\/strong><br \/>\nDisfruta de millones de pel\u00edculas, episodios de TV, juegos, aplicaciones, libros electr\u00f3nicos y canciones. Transmita o descargue miles de videos de Prime Video, Netflix, STARZ, Disney+ y SHOWTIME. Descubre m\u00e1s de 570 000 aplicaciones y juegos, 475 000 t\u00edtulos de Audible y millones de canciones.<\/li>\n<li><strong>Conoce a Alexa<\/strong><br \/>\nAlexa te conecta con la informaci\u00f3n, el entretenimiento y las personas que m\u00e1s te importan, solo con tu voz. Pida reproducir videos y m\u00fasica, abra aplicaciones, compre en l\u00ednea, verifique el clima, llame o env\u00ede mensajes a casi cualquier persona y mucho m\u00e1s. Solo di \u00abAlexa\u00bb. Alexa y Fire 7 est\u00e1n dise\u00f1ados para proteger su privacidad.<\/li>\n<li><strong>Genial para toda la familia.<\/strong><br \/>\nCon el galardonado Amazon FreeTime, los padres crean perfiles de ni\u00f1os para limitar el tiempo frente a la pantalla, establecer metas educativas y administrar el contenido con controles parentales f\u00e1ciles de usar. FreeTime es gratis en todas las tabletas Fire, o suscr\u00edbete a FreeTime Unlimited para acceder a m\u00e1s de 20 000 t\u00edtulos.<\/li>\n<\/ul>\n<\/div>\n","protected":false},"excerpt":{"rendered":"<p>Tablet Fire 7 (pantalla de 7&#8243;, 32 GB) &#8211; Ciruela Caracter\u00edsticas Precio min\u00fasculo. Mayor diversi\u00f3n. Dise\u00f1ado y probado por Amazon: ahora el doble de almacenamiento, un procesador quad-core m\u00e1s r\u00e1pido,<\/p>\n","protected":false},"featured_media":82982,"comment_status":"open","ping_status":"closed","template":"","meta":{"_acf_changed":false,"_joinchat":[]},"product_brand":[],"product_cat":[408,409,261,410],"product_tag":[],"class_list":{"0":"post-82980","1":"product","2":"type-product","3":"status-publish","4":"has-post-thumbnail","6":"product_cat-celulares-y-tablets","7":"product_cat-tablets-y-ipad","8":"product_cat-amazon","9":"product_cat-todas-las-tablets","11":"first","12":"instock","13":"sale","14":"shipping-taxable","15":"purchasable","16":"product-type-simple"},"acf":[],"_links":{"self":[{"href":"https:\/\/defabrica.com.mx\/defabrica\/wp-json\/wp\/v2\/product\/82980","targetHints":{"allow":["GET"]}}],"collection":[{"href":"https:\/\/defabrica.com.mx\/defabrica\/wp-json\/wp\/v2\/product"}],"about":[{"href":"https:\/\/defabrica.com.mx\/defabrica\/wp-json\/wp\/v2\/types\/product"}],"replies":[{"embeddable":true,"href":"https:\/\/defabrica.com.mx\/defabrica\/wp-json\/wp\/v2\/comments?post=82980"}],"wp:featuredmedia":[{"embeddable":true,"href":"https:\/\/defabrica.com.mx\/defabrica\/wp-json\/wp\/v2\/media\/82982"}],"wp:attachment":[{"href":"https:\/\/defabrica.com.mx\/defabrica\/wp-json\/wp\/v2\/media?parent=82980"}],"wp:term":[{"taxonomy":"product_brand","embeddable":true,"href":"https:\/\/defabrica.com.mx\/defabrica\/wp-json\/wp\/v2\/product_brand?post=82980"},{"taxonomy":"product_cat","embeddable":true,"href":"https:\/\/defabrica.com.mx\/defabrica\/wp-json\/wp\/v2\/product_cat?post=82980"},{"taxonomy":"product_tag","embeddable":true,"href":"https:\/\/defabrica.com.mx\/defabrica\/wp-json\/wp\/v2\/product_tag?post=82980"}],"curies":[{"name":"wp","href":"https:\/\/api.w.org\/{rel}","templated":true}]}}