{"id":82967,"date":"2022-06-12T15:18:24","date_gmt":"2022-06-12T20:18:24","guid":{"rendered":"https:\/\/defabrica.com.mx\/defabrica\/?post_type=product&#038;p=82967"},"modified":"2023-01-15T15:41:14","modified_gmt":"2023-01-15T21:41:14","slug":"amazon-fire-8-kids-pro-tablet-de-8-a-partir-de-6-anos-32-gb-azul-cielo","status":"publish","type":"product","link":"https:\/\/defabrica.com.mx\/defabrica\/producto\/amazon-fire-8-kids-pro-tablet-de-8-a-partir-de-6-anos-32-gb-azul-cielo\/","title":{"rendered":"Amazon &#8211; Fire 8 Kids Pro &#8211; Tablet de 8&#8243; &#8211; a partir de 6 a\u00f1os &#8211; 32 GB &#8211; Azul cielo"},"content":{"rendered":"<div class=\"embedded-component-container lv product-description\">\n<div>\n<div id=\"shop-product-description-9918126\" class=\"_none\" data-version=\"1.3.44\">\n<div class=\"shop-product-description\">\n<section class=\"align-heading-left\" data-reactroot=\"\">\n<div class=\"long-description-container body-copy \">\n<div class=\"html-fragment\">Una tableta de alto rendimiento para ni\u00f1os de 6 a 12 a\u00f1os.\u00a0Cuenta con un procesador de cuatro n\u00facleos, 2 GB de RAM, una vibrante pantalla HD de 8&#8243;, c\u00e1maras duales, puerto USB-C (2.0), hasta 1 TB de almacenamiento expandible y 1 a\u00f1o de Amazon Kids+. Los padres pueden estar tranquilos con los controles parentales Todas las tabletas Fire Kids Pro vienen con una garant\u00eda de 2 a\u00f1os sin preocupaciones y un estuche delgado para ni\u00f1os. Los ni\u00f1os en edad escolar disfrutar\u00e1n de una suscripci\u00f3n de 1 a\u00f1o a Amazon Kids+ que desbloquea m\u00e1s de 20,000 aplicaciones, juegos, libros, videos, canciones y libros de Audible. Despu\u00e9s de 1 a\u00f1o, su suscripci\u00f3n se renovar\u00e1 autom\u00e1ticamente a partir de solo $ 2.99 por mes m\u00e1s impuestos. Puede cancelar en cualquier momento. La disponibilidad del contenido puede variar seg\u00fan la ubicaci\u00f3n y la fecha.<\/div>\n<\/div>\n<\/section>\n<\/div>\n<\/div>\n<\/div>\n<\/div>\n<div class=\"embedded-component-container lv product-features\">\n<h3><\/h3>\n<h3 class=\"heading-5 v-fw-regular feature-heading\"><strong>Caracter\u00edsticas<\/strong><\/h3>\n<ul>\n<li><strong>Amazon Ni\u00f1os Plus<\/strong><br \/>\nLos ni\u00f1os en edad escolar disfrutar\u00e1n de una suscripci\u00f3n de 1 a\u00f1o a Amazon Kids+ que desbloquea m\u00e1s de 20 000 aplicaciones, juegos, libros, videos, canciones y libros de Audible. Despu\u00e9s de 1 a\u00f1o, su suscripci\u00f3n se renovar\u00e1 autom\u00e1ticamente todos los meses desde solo $ 2.99 por mes m\u00e1s los impuestos aplicables.<\/li>\n<li><strong>Amazon Kids+ tienda digital<\/strong><br \/>\nAdem\u00e1s del contenido de Kids+, las tabletas Kids Pro incluyen acceso a una tienda digital. Los ni\u00f1os pueden solicitar aplicaciones, mientras que los padres aprueban compras y descargas. Adem\u00e1s, los padres pueden agregar acceso a m\u00e1s aplicaciones como Minecraft y Zoom.<\/li>\n<li><strong>Control parental<\/strong><br \/>\nEl navegador web viene con controles integrados dise\u00f1ados para ayudar a filtrar sitios inapropiados y permitir que los padres agreguen o bloqueen sitios web espec\u00edficos en cualquier momento.<\/li>\n<li><strong>Mantente en contacto<\/strong><br \/>\nLos ni\u00f1os pueden enviar anuncios y hacer llamadas de voz y video a trav\u00e9s de wifi a contactos aprobados con un dispositivo habilitado para Alexa o la aplicaci\u00f3n Alexa.<\/li>\n<\/ul>\n<\/div>\n","protected":false},"excerpt":{"rendered":"<p>Una tableta de alto rendimiento para ni\u00f1os de 6 a 12 a\u00f1os.\u00a0Cuenta con un procesador de cuatro n\u00facleos, 2 GB de RAM, una vibrante pantalla HD de 8&#8243;, c\u00e1maras duales,<\/p>\n","protected":false},"featured_media":82969,"comment_status":"open","ping_status":"closed","template":"","meta":{"_acf_changed":false,"_joinchat":[]},"product_brand":[],"product_cat":[408,409,260,410],"product_tag":[],"class_list":{"0":"post-82967","1":"product","2":"type-product","3":"status-publish","4":"has-post-thumbnail","6":"product_cat-celulares-y-tablets","7":"product_cat-tablets-y-ipad","8":"product_cat-tablets-para-ninos","9":"product_cat-todas-las-tablets","11":"first","12":"instock","13":"sale","14":"shipping-taxable","15":"purchasable","16":"product-type-simple"},"acf":[],"_links":{"self":[{"href":"https:\/\/defabrica.com.mx\/defabrica\/wp-json\/wp\/v2\/product\/82967","targetHints":{"allow":["GET"]}}],"collection":[{"href":"https:\/\/defabrica.com.mx\/defabrica\/wp-json\/wp\/v2\/product"}],"about":[{"href":"https:\/\/defabrica.com.mx\/defabrica\/wp-json\/wp\/v2\/types\/product"}],"replies":[{"embeddable":true,"href":"https:\/\/defabrica.com.mx\/defabrica\/wp-json\/wp\/v2\/comments?post=82967"}],"wp:featuredmedia":[{"embeddable":true,"href":"https:\/\/defabrica.com.mx\/defabrica\/wp-json\/wp\/v2\/media\/82969"}],"wp:attachment":[{"href":"https:\/\/defabrica.com.mx\/defabrica\/wp-json\/wp\/v2\/media?parent=82967"}],"wp:term":[{"taxonomy":"product_brand","embeddable":true,"href":"https:\/\/defabrica.com.mx\/defabrica\/wp-json\/wp\/v2\/product_brand?post=82967"},{"taxonomy":"product_cat","embeddable":true,"href":"https:\/\/defabrica.com.mx\/defabrica\/wp-json\/wp\/v2\/product_cat?post=82967"},{"taxonomy":"product_tag","embeddable":true,"href":"https:\/\/defabrica.com.mx\/defabrica\/wp-json\/wp\/v2\/product_tag?post=82967"}],"curies":[{"name":"wp","href":"https:\/\/api.w.org\/{rel}","templated":true}]}}