{"id":82733,"date":"2022-06-11T18:17:31","date_gmt":"2022-06-11T23:17:31","guid":{"rendered":"https:\/\/defabrica.com.mx\/defabrica\/?post_type=product&#038;p=82733"},"modified":"2022-12-11T12:51:56","modified_gmt":"2022-12-11T18:51:56","slug":"apple-ipad-7-a-generacion-2019-wi-fi-128-gb-dorado","status":"publish","type":"product","link":"https:\/\/defabrica.com.mx\/defabrica\/producto\/apple-ipad-7-a-generacion-2019-wi-fi-128-gb-dorado\/","title":{"rendered":"Apple iPad (7.\u00aa generaci\u00f3n) (2019) Wi-Fi &#8211; 128 GB &#8211; Dorado"},"content":{"rendered":"<div class=\"embedded-component-container lv product-description\">\n<div>\n<div id=\"shop-product-description-35022469\" class=\"_none\" data-version=\"1.3.44\">\n<div class=\"shop-product-description\">\n<section class=\"align-heading-left\" data-reactroot=\"\">\n<div class=\"long-description-container body-copy \">\n<div class=\"html-fragment\">El iPad combina la potencia y la capacidad de una computadora con la facilidad de uso y la versatilidad que nunca esperar\u00eda de una.\u00a0Y ahora es a\u00fan m\u00e1s vers\u00e1til, con una pantalla Retina m\u00e1s grande de 10,2 pulgadas, compatible con el Smart Keyboard de tama\u00f1o completo y las incre\u00edbles capacidades de iPadOS.\u00a0Es incre\u00edblemente divertido.\u00a0E inconfundiblemente iPad.\u00a0Con el iPad, hacer el trabajo es muy r\u00e1pido y sin complicaciones.\u00a0Puede editar f\u00e1cilmente un documento mientras investiga algo en la web y hace una llamada FaceTime a un colega al mismo tiempo.\u00a0Administre todos sus archivos en un lugar conveniente con la aplicaci\u00f3n Archivos.\u00a0Y cuando desee escribir un ensayo o crear una presentaci\u00f3n, simplemente puede usar el teclado en pantalla o adjuntar el Smart Keyboard de tama\u00f1o completo.<\/div>\n<\/div>\n<\/section>\n<\/div>\n<\/div>\n<\/div>\n<\/div>\n<div class=\"embedded-component-container lv product-features\">\n<h3><\/h3>\n<h3 class=\"heading-5 v-fw-regular feature-heading\"><strong>Caracter\u00edsticas<\/strong><\/h3>\n<ul>\n<li><strong>Monitor<\/strong><br \/>\nPantalla Retina de 10,2&#8243;<\/li>\n<li><strong>Duraci\u00f3n de la bater\u00eda<\/strong><br \/>\nLa bater\u00eda dura hasta 10 horas para navegar por la web a trav\u00e9s de Wi-Fi<\/li>\n<li><strong>Sensor<\/strong><br \/>\nSensor de huellas dactilares Touch ID<\/li>\n<li><strong>C\u00e1mara<\/strong><br \/>\n1.2MP (delantero), 8MP (trasero)<\/li>\n<li><strong>Dimensi\u00f3n<\/strong><br \/>\n0,3&#8243; de alto x 6,85&#8243; de ancho x 9,87&#8243; de profundidad<\/li>\n<\/ul>\n<\/div>\n","protected":false},"excerpt":{"rendered":"<p>El iPad combina la potencia y la capacidad de una computadora con la facilidad de uso y la versatilidad que nunca esperar\u00eda de una.\u00a0Y ahora es a\u00fan m\u00e1s vers\u00e1til, con<\/p>\n","protected":false},"featured_media":82735,"comment_status":"open","ping_status":"closed","template":"","meta":{"_acf_changed":false,"_joinchat":[]},"product_brand":[],"product_cat":[408,409,256,410],"product_tag":[],"class_list":{"0":"post-82733","1":"product","2":"type-product","3":"status-publish","4":"has-post-thumbnail","6":"product_cat-celulares-y-tablets","7":"product_cat-tablets-y-ipad","8":"product_cat-ipad","9":"product_cat-todas-las-tablets","11":"first","12":"instock","13":"sale","14":"shipping-taxable","15":"purchasable","16":"product-type-simple"},"acf":[],"_links":{"self":[{"href":"https:\/\/defabrica.com.mx\/defabrica\/wp-json\/wp\/v2\/product\/82733","targetHints":{"allow":["GET"]}}],"collection":[{"href":"https:\/\/defabrica.com.mx\/defabrica\/wp-json\/wp\/v2\/product"}],"about":[{"href":"https:\/\/defabrica.com.mx\/defabrica\/wp-json\/wp\/v2\/types\/product"}],"replies":[{"embeddable":true,"href":"https:\/\/defabrica.com.mx\/defabrica\/wp-json\/wp\/v2\/comments?post=82733"}],"wp:featuredmedia":[{"embeddable":true,"href":"https:\/\/defabrica.com.mx\/defabrica\/wp-json\/wp\/v2\/media\/82735"}],"wp:attachment":[{"href":"https:\/\/defabrica.com.mx\/defabrica\/wp-json\/wp\/v2\/media?parent=82733"}],"wp:term":[{"taxonomy":"product_brand","embeddable":true,"href":"https:\/\/defabrica.com.mx\/defabrica\/wp-json\/wp\/v2\/product_brand?post=82733"},{"taxonomy":"product_cat","embeddable":true,"href":"https:\/\/defabrica.com.mx\/defabrica\/wp-json\/wp\/v2\/product_cat?post=82733"},{"taxonomy":"product_tag","embeddable":true,"href":"https:\/\/defabrica.com.mx\/defabrica\/wp-json\/wp\/v2\/product_tag?post=82733"}],"curies":[{"name":"wp","href":"https:\/\/api.w.org\/{rel}","templated":true}]}}