{"id":82633,"date":"2022-06-11T17:04:12","date_gmt":"2022-06-11T22:04:12","guid":{"rendered":"https:\/\/defabrica.com.mx\/defabrica\/?post_type=product&#038;p=82633"},"modified":"2023-01-15T14:43:03","modified_gmt":"2023-01-15T20:43:03","slug":"apple-ipad-mini-4-a-generacion-2015-wi-fi-cellular-desbloqueado-64-gb-oro","status":"publish","type":"product","link":"https:\/\/defabrica.com.mx\/defabrica\/producto\/apple-ipad-mini-4-a-generacion-2015-wi-fi-cellular-desbloqueado-64-gb-oro\/","title":{"rendered":"Apple iPad Mini (4.\u00aa generaci\u00f3n) (2015) &#8211; Wi-Fi + Cellular (desbloqueado) &#8211; 64 GB &#8211; Oro"},"content":{"rendered":"<div class=\"embedded-component-container lv product-description\">\n<div>\n<div id=\"shop-product-description-52101741\" class=\"_none\" data-version=\"1.3.44\">\n<div class=\"shop-product-description\">\n<section class=\"align-heading-left\" data-reactroot=\"\">\n<div class=\"long-description-container body-copy \">\n<div class=\"html-fragment\">El iPad mini 4 tiene una pantalla Retina de 7,9 pulgadas, pero tiene solo 6,1 mm de grosor y pesa solo 0,65 libras, por lo que es lo suficientemente peque\u00f1o como para sostenerlo con una mano.\u00a0Tiene un chip A8 muy potente con arquitectura de escritorio de 64 bits, c\u00e1maras iSight y FaceTime HD, sensor de huellas dactilares Touch ID, conectividad Wi-Fi y hasta 10 horas de duraci\u00f3n de la bater\u00eda.<\/div>\n<\/div>\n<\/section>\n<\/div>\n<\/div>\n<\/div>\n<\/div>\n<div class=\"embedded-component-container lv product-features\">\n<h3><\/h3>\n<h3 class=\"heading-5 v-fw-regular feature-heading\"><strong>Caracter\u00edsticas<\/strong><\/h3>\n<div class=\"embedded-component-container lv product-features\">\n<div>\n<div id=\"shop-product-features-32587935\" class=\"_none\" data-version=\"4.1.15\">\n<div class=\"shop-product-features\">\n<div class=\"lv align-heading-left\" data-reactroot=\"\">\n<div class=\"feature-body-container\">\n<div class=\"features-list-container\">\n<div class=\"features-list all-features\">\n<div class=\"list-row\"><\/div>\n<\/div>\n<\/div>\n<\/div>\n<\/div>\n<\/div>\n<\/div>\n<\/div>\n<\/div>\n<div class=\"embedded-component-container lv gift-with-purchase\">\n<div>\n<div id=\"pricing-gift-with-purchase-25119944\" class=\"_none\" data-version=\"1.2223.10\">\n<div class=\"pricing-gift-with-purchase\">\n<div data-reactroot=\"\">\n<div class=\"pricing-price\">\n<div class=\"pricing-price lv\">\n<div class=\"gifts-with-purchase-content \">\n<ul>\n<li><strong>Pantalla Retina de 7,9 pulgadas con revestimiento antirreflectante (diagonal)<\/strong><\/li>\n<li><strong>Chip A8 de segunda generaci\u00f3n con arquitectura de escritorio de 64 bits<\/strong><\/li>\n<li><strong>Sensor de huellas dactilares Touch ID<\/strong><\/li>\n<li><strong>C\u00e1mara iSight de 8MP con video de 1080p<\/strong><\/li>\n<li><strong>C\u00e1mara FaceTime HD de 1.2MP<\/strong><\/li>\n<li><strong>Audio de dos altavoces<\/strong><\/li>\n<\/ul>\n<\/div>\n<\/div>\n<\/div>\n<\/div>\n<\/div>\n<\/div>\n<\/div>\n<\/div>\n<p>&nbsp;<\/p>\n<\/div>\n","protected":false},"excerpt":{"rendered":"<p>El iPad mini 4 tiene una pantalla Retina de 7,9 pulgadas, pero tiene solo 6,1 mm de grosor y pesa solo 0,65 libras, por lo que es lo suficientemente peque\u00f1o<\/p>\n","protected":false},"featured_media":82635,"comment_status":"open","ping_status":"closed","template":"","meta":{"_acf_changed":false,"_joinchat":[]},"product_brand":[],"product_cat":[408,409,256,410],"product_tag":[],"class_list":{"0":"post-82633","1":"product","2":"type-product","3":"status-publish","4":"has-post-thumbnail","6":"product_cat-celulares-y-tablets","7":"product_cat-tablets-y-ipad","8":"product_cat-ipad","9":"product_cat-todas-las-tablets","11":"first","12":"instock","13":"sale","14":"shipping-taxable","15":"purchasable","16":"product-type-simple"},"acf":[],"_links":{"self":[{"href":"https:\/\/defabrica.com.mx\/defabrica\/wp-json\/wp\/v2\/product\/82633","targetHints":{"allow":["GET"]}}],"collection":[{"href":"https:\/\/defabrica.com.mx\/defabrica\/wp-json\/wp\/v2\/product"}],"about":[{"href":"https:\/\/defabrica.com.mx\/defabrica\/wp-json\/wp\/v2\/types\/product"}],"replies":[{"embeddable":true,"href":"https:\/\/defabrica.com.mx\/defabrica\/wp-json\/wp\/v2\/comments?post=82633"}],"wp:featuredmedia":[{"embeddable":true,"href":"https:\/\/defabrica.com.mx\/defabrica\/wp-json\/wp\/v2\/media\/82635"}],"wp:attachment":[{"href":"https:\/\/defabrica.com.mx\/defabrica\/wp-json\/wp\/v2\/media?parent=82633"}],"wp:term":[{"taxonomy":"product_brand","embeddable":true,"href":"https:\/\/defabrica.com.mx\/defabrica\/wp-json\/wp\/v2\/product_brand?post=82633"},{"taxonomy":"product_cat","embeddable":true,"href":"https:\/\/defabrica.com.mx\/defabrica\/wp-json\/wp\/v2\/product_cat?post=82633"},{"taxonomy":"product_tag","embeddable":true,"href":"https:\/\/defabrica.com.mx\/defabrica\/wp-json\/wp\/v2\/product_tag?post=82633"}],"curies":[{"name":"wp","href":"https:\/\/api.w.org\/{rel}","templated":true}]}}