{"id":82530,"date":"2022-06-11T15:20:22","date_gmt":"2022-06-11T20:20:22","guid":{"rendered":"https:\/\/defabrica.com.mx\/defabrica\/?post_type=product&#038;p=82530"},"modified":"2022-12-11T12:43:07","modified_gmt":"2022-12-11T18:43:07","slug":"apple-ipad-air-2-a-generacion-2014-wi-fi-128-gb-dorado","status":"publish","type":"product","link":"https:\/\/defabrica.com.mx\/defabrica\/producto\/apple-ipad-air-2-a-generacion-2014-wi-fi-128-gb-dorado\/","title":{"rendered":"Apple iPad Air (2.\u00aa generaci\u00f3n) (2014) Wi-Fi &#8211; 128 GB &#8211; Dorado"},"content":{"rendered":"<div class=\"embedded-component-container lv product-description\">\n<div>\n<div id=\"shop-product-description-74319373\" class=\"_none\" data-version=\"1.3.44\">\n<div class=\"shop-product-description\">\n<section class=\"align-heading-left\" data-reactroot=\"\">\n<div class=\"long-description-container body-copy \">\n<div class=\"html-fragment\">Con el iPad, Apple siempre ha tenido un objetivo un tanto parad\u00f3jico: crear un dispositivo que sea inmensamente poderoso, pero tan delgado y liviano que casi olvides que est\u00e1 ah\u00ed.\u00a0Un dispositivo que te ayuda a hacer cosas incre\u00edbles, sin interponerse en tu camino.\u00a0iPad Air 2 es todo eso.\u00a0Y algo m\u00e1s.<\/div>\n<\/div>\n<\/section>\n<\/div>\n<\/div>\n<\/div>\n<\/div>\n<div class=\"embedded-component-container lv product-features\">\n<h3><\/h3>\n<h3 class=\"heading-5 v-fw-regular feature-heading\"><strong>Caracter\u00edsticas<\/strong><\/h3>\n<ul>\n<li><strong>Pantalla de 9,7&#8243; con resoluci\u00f3n de 2048 x 1536<\/strong><br \/>\nEsta pantalla de alta resoluci\u00f3n es ideal para juegos y transmisi\u00f3n de contenido HD.<\/li>\n<li><strong>Almacenamiento interno de 128 GB<\/strong><br \/>\nAlmacene su software, aplicaciones, m\u00fasica, pel\u00edculas, fotos y m\u00e1s.<\/li>\n<li><strong>C\u00e1maras duales para fotos y chat cara a cara<\/strong><br \/>\nC\u00e1mara trasera de 8MP y c\u00e1mara frontal de 1.2MP con estabilizador de video, toque para enfocar, geoetiquetado de fotos y videos, detecci\u00f3n de rostros en im\u00e1genes fijas, enfoque autom\u00e1tico, modo de r\u00e1faga, video en c\u00e1mara lenta y m\u00e1s.<\/li>\n<li><strong>Administre c\u00f3mo su hijo usa su tableta<\/strong><br \/>\nLos controles para padres le permiten establecer l\u00edmites de tiempo, filtrar contenido web y regular el uso de aplicaciones. Adem\u00e1s, use el Apple de su hijo para su propio entretenimiento sin restricciones seguras para ni\u00f1os en el modo Mam\u00e1\/Pap\u00e1.<\/li>\n<\/ul>\n<\/div>\n","protected":false},"excerpt":{"rendered":"<p>Con el iPad, Apple siempre ha tenido un objetivo un tanto parad\u00f3jico: crear un dispositivo que sea inmensamente poderoso, pero tan delgado y liviano que casi olvides que est\u00e1 ah\u00ed.\u00a0Un<\/p>\n","protected":false},"featured_media":82532,"comment_status":"open","ping_status":"closed","template":"","meta":{"_acf_changed":false,"_joinchat":[]},"product_brand":[],"product_cat":[408,409,256,410],"product_tag":[],"class_list":{"0":"post-82530","1":"product","2":"type-product","3":"status-publish","4":"has-post-thumbnail","6":"product_cat-celulares-y-tablets","7":"product_cat-tablets-y-ipad","8":"product_cat-ipad","9":"product_cat-todas-las-tablets","11":"first","12":"instock","13":"sale","14":"shipping-taxable","15":"purchasable","16":"product-type-simple"},"acf":[],"_links":{"self":[{"href":"https:\/\/defabrica.com.mx\/defabrica\/wp-json\/wp\/v2\/product\/82530","targetHints":{"allow":["GET"]}}],"collection":[{"href":"https:\/\/defabrica.com.mx\/defabrica\/wp-json\/wp\/v2\/product"}],"about":[{"href":"https:\/\/defabrica.com.mx\/defabrica\/wp-json\/wp\/v2\/types\/product"}],"replies":[{"embeddable":true,"href":"https:\/\/defabrica.com.mx\/defabrica\/wp-json\/wp\/v2\/comments?post=82530"}],"wp:featuredmedia":[{"embeddable":true,"href":"https:\/\/defabrica.com.mx\/defabrica\/wp-json\/wp\/v2\/media\/82532"}],"wp:attachment":[{"href":"https:\/\/defabrica.com.mx\/defabrica\/wp-json\/wp\/v2\/media?parent=82530"}],"wp:term":[{"taxonomy":"product_brand","embeddable":true,"href":"https:\/\/defabrica.com.mx\/defabrica\/wp-json\/wp\/v2\/product_brand?post=82530"},{"taxonomy":"product_cat","embeddable":true,"href":"https:\/\/defabrica.com.mx\/defabrica\/wp-json\/wp\/v2\/product_cat?post=82530"},{"taxonomy":"product_tag","embeddable":true,"href":"https:\/\/defabrica.com.mx\/defabrica\/wp-json\/wp\/v2\/product_tag?post=82530"}],"curies":[{"name":"wp","href":"https:\/\/api.w.org\/{rel}","templated":true}]}}