{"id":82270,"date":"2022-06-10T04:25:21","date_gmt":"2022-06-10T09:25:21","guid":{"rendered":"https:\/\/defabrica.com.mx\/defabrica\/?post_type=product&#038;p=82270"},"modified":"2022-12-11T12:35:52","modified_gmt":"2022-12-11T18:35:52","slug":"blu-tablet-m8l-32gb-8-desbloqueado-negro","status":"publish","type":"product","link":"https:\/\/defabrica.com.mx\/defabrica\/producto\/blu-tablet-m8l-32gb-8-desbloqueado-negro\/","title":{"rendered":"BLU &#8211; Tablet M8L 32GB 8&#8243; (Desbloqueado) &#8211; Negro"},"content":{"rendered":"<div class=\"embedded-component-container lv product-description\">\n<div>\n<div id=\"shop-product-description-41706228\" class=\"_none\" data-version=\"1.3.44\">\n<div class=\"shop-product-description\">\n<section class=\"align-heading-left\" data-reactroot=\"\">\n<div class=\"long-description-container body-copy \">\n<div class=\"html-fragment\">El magn\u00edfico patr\u00f3n adorna la cubierta posterior de la nueva tableta M8L que se destaca entre la competencia.\u00a0Pantalla de 8\u201d de alta definici\u00f3n que da vida a todas las im\u00e1genes realistas.\u00a0Colores saturados y s\u00faper brillantes, experimentar\u00e1s la mejor pel\u00edcula en el M8L.\u00a0Navegue r\u00e1pidamente por todas sus aplicaciones con una velocidad de ocho n\u00facleos con una potencia inform\u00e1tica de 1,6 GHz, un rendimiento impecable para todas sus tareas diarias.\u00a0Todos tus momentos favoritos guardados para ser revividos.\u00a0El M8L viene con una c\u00e1mara principal de 8 megap\u00edxeles y una selfie de 5 megap\u00edxeles que aseguran que est\u00e9s listo para capturar esos momentos.\u00a0El M8L est\u00e1 equipado con una bater\u00eda de larga duraci\u00f3n de 4000 mAh y viene con un cargador tipo C.\u00a0Sistema operativo ultrarr\u00e1pido que permite que las aplicaciones se inicien un 15 % m\u00e1s r\u00e1pido cuando ejecutas Android (edici\u00f3n Go).<\/div>\n<\/div>\n<\/section>\n<\/div>\n<\/div>\n<\/div>\n<\/div>\n<div class=\"embedded-component-container lv product-features\">\n<h3><\/h3>\n<h3 class=\"heading-5 v-fw-regular feature-heading\"><strong>Caracter\u00edsticas<\/strong><\/h3>\n<ul>\n<li><strong>Monitor<\/strong><br \/>\nResoluci\u00f3n de 8,0\u201d HD+, 800 x 1280<\/li>\n<li><strong>Memoria<\/strong><br \/>\n32GB &#8211; MicroSD hasta 64GB<\/li>\n<li><strong>C\u00e1mara<\/strong><br \/>\n8 MP + flash LED, selfie de 5 MP<\/li>\n<li><strong>Plataforma<\/strong><br \/>\nCortex-A55 de cuatro n\u00facleos a 1,6 GHz<\/li>\n<li><strong>Duraci\u00f3n de la bater\u00eda<\/strong><br \/>\nLi-Po 4000 mAh<\/li>\n<li><strong>Dimensiones<\/strong><br \/>\n8,19 x 4,92 x 0,35 pulgadas, Peso 12,42 onzas<\/li>\n<\/ul>\n<\/div>\n","protected":false},"excerpt":{"rendered":"<p>El magn\u00edfico patr\u00f3n adorna la cubierta posterior de la nueva tableta M8L que se destaca entre la competencia.\u00a0Pantalla de 8\u201d de alta definici\u00f3n que da vida a todas las im\u00e1genes<\/p>\n","protected":false},"featured_media":82272,"comment_status":"open","ping_status":"closed","template":"","meta":{"_acf_changed":false,"_joinchat":[]},"product_brand":[],"product_cat":[408,409,410],"product_tag":[],"class_list":{"0":"post-82270","1":"product","2":"type-product","3":"status-publish","4":"has-post-thumbnail","6":"product_cat-celulares-y-tablets","7":"product_cat-tablets-y-ipad","8":"product_cat-todas-las-tablets","10":"first","11":"instock","12":"sale","13":"shipping-taxable","14":"purchasable","15":"product-type-simple"},"acf":[],"_links":{"self":[{"href":"https:\/\/defabrica.com.mx\/defabrica\/wp-json\/wp\/v2\/product\/82270","targetHints":{"allow":["GET"]}}],"collection":[{"href":"https:\/\/defabrica.com.mx\/defabrica\/wp-json\/wp\/v2\/product"}],"about":[{"href":"https:\/\/defabrica.com.mx\/defabrica\/wp-json\/wp\/v2\/types\/product"}],"replies":[{"embeddable":true,"href":"https:\/\/defabrica.com.mx\/defabrica\/wp-json\/wp\/v2\/comments?post=82270"}],"wp:featuredmedia":[{"embeddable":true,"href":"https:\/\/defabrica.com.mx\/defabrica\/wp-json\/wp\/v2\/media\/82272"}],"wp:attachment":[{"href":"https:\/\/defabrica.com.mx\/defabrica\/wp-json\/wp\/v2\/media?parent=82270"}],"wp:term":[{"taxonomy":"product_brand","embeddable":true,"href":"https:\/\/defabrica.com.mx\/defabrica\/wp-json\/wp\/v2\/product_brand?post=82270"},{"taxonomy":"product_cat","embeddable":true,"href":"https:\/\/defabrica.com.mx\/defabrica\/wp-json\/wp\/v2\/product_cat?post=82270"},{"taxonomy":"product_tag","embeddable":true,"href":"https:\/\/defabrica.com.mx\/defabrica\/wp-json\/wp\/v2\/product_tag?post=82270"}],"curies":[{"name":"wp","href":"https:\/\/api.w.org\/{rel}","templated":true}]}}